{"id":11949,"date":"2022-05-06T09:02:24","date_gmt":"2022-05-06T09:02:24","guid":{"rendered":"https:\/\/test.wimpen.net\/politica-de-cookies\/"},"modified":"2023-10-17T12:54:02","modified_gmt":"2023-10-17T12:54:02","slug":"politica-de-cookies","status":"publish","type":"page","link":"https:\/\/wimpen.net\/fr\/politica-de-cookies\/","title":{"rendered":"Politique de cookies"},"content":{"rendered":"<h2><strong>POLITIQUE DE COOKIES<\/strong><\/h2><p>WIMPEN LEISURE MANAGEMENT SA. (ci-apr\u00e8s d\u00e9nomm\u00e9 le \u00ab\u00a0TITULAIRE\u00a0\u00bb), informe, \u00e0 travers la pr\u00e9sente politique de cookies, de l\u2019utilisation de dispositifs de stockage et r\u00e9cup\u00e9ration de donn\u00e9es sur des \u00e9quipement terminaux des Utilisateurs.<\/p><p><strong>1.- Que sont les cookies ?<\/strong><\/p><p><br \/>Les cookies sont des fichiers qui sont t\u00e9l\u00e9charg\u00e9s sur l\u2019ordinateur\/smartphone\/tablette de l\u2019Utilisateur lorsqu\u2019il acc\u00e8de \u00e0 certains sites internet et applications, qui permettent de stocker les pr\u00e9f\u00e9rences de la navigation de l\u2019Utilisateur, faisant en sorte que l\u2019interaction entre l\u2019Utilisateur et le Site Internet soit plus rapide et facile.<\/p><p>Les informations recueillies par les cookies sont anonymes et ne contiennent aucune information sensible car ils ne recueillent pas de donn\u00e9es pouvant identifier personnellement l\u2019Utilisateur. Dans tous les cas, l\u2019Utilisateur pourra acc\u00e9der \u00e0 la configuration de son navigateur pour modifier et\/ou bloquer l\u2019installation des cookies envoy\u00e9s depuis le Site Internet, sans que cela n\u2019emp\u00eache l\u2019acc\u00e8s aux contenus.<\/p><p><strong><br \/>2.- Pourquoi le TITULAIRE utilise-t-il des cookies\u00a0?<\/strong><\/p><p><br \/>Conform\u00e9ment \u00e0 la Loi 34\/2002 du 11 juillet concernant les services de la soci\u00e9t\u00e9 de l\u2019information et du commerce \u00e9lectronique (ci-apr\u00e8s d\u00e9nomm\u00e9e \u00ab\u00a0LSSI\u00a0\u00bb), ainsi qu\u2019aux indications de l\u2019Agence Espagnole de Protection des Donn\u00e9es et du Comit\u00e9 Europ\u00e9en de Protection des Donn\u00e9es, le pr\u00e9sent Site Internet utilise des cookies ou d\u2019autres dispositifs de stockage et de r\u00e9cup\u00e9ration des informations pour r\u00e9aliser un suivi des interactions des Utilisateurs avec les services propos\u00e9s sur le Site Internet.<\/p><p>Les cookies permettent de reconna\u00eetre le navigateur d\u2019un Utilisateur, ainsi que le type d\u2019appareil depuis lequel il acc\u00e8de au Site Internet, et ils sont utilis\u00e9s pour faciliter la prochaine visite de l\u2019Utilisateur et faire en sorte que le Site Internet lui soit plus utile.<\/p><p>Le TITULAIRE utilise les cookies pour\u00a0:<\/p><ul><li>Optimiser la navigation de l\u2019Utilisateur via le suivi de la session.<\/li><li>Compiler des informations pour optimiser la navigation et am\u00e9liorer le Site Internet.<\/li><li>Le Site Internet utilise les types de cookies suivants\u00a0:<\/li><li><strong>Obligatoires\u00a0:<\/strong> cookies strictement n\u00e9cessaires pour pr\u00eater un service ou un contenu demand\u00e9 par l\u2019Utilisateur. Ceux-ci g\u00e8rent des aspects techniques comme l\u2019identification des sessions et la gestion des pr\u00e9f\u00e9rences d\u2019outils pour l\u2019utilisation, l\u2019interaction et la localisation de l\u2019acc\u00e8s aux contenus.<\/li><li><strong>Fonctionnels\u00a0<\/strong>: les cookies fonctionnels donnent \u00e0 l\u2019Utilisateur des informations qui enrichissent l\u2019exp\u00e9rience de navigation comme, par exemple, montrer les pr\u00e9visions m\u00e9t\u00e9o bas\u00e9es sur sa localisation.<\/li><li><strong>Statistiques\/analytiques\u00a0:<\/strong> ces cookies recueillent des informations li\u00e9es \u00e0 l\u2019utilisation du site comme le temps pass\u00e9 sur une page et les contenus visit\u00e9s par les lecteurs pour mesurer le rendement et am\u00e9liorer la navigation.<\/li><\/ul><p>Les principaux objectifs vis\u00e9s par ce type de cookies sont\u00a0:<\/p><ul><li>Permettre l\u2019identification anonyme des Utilisateurs navigants et, par cons\u00e9quent, la comptabilisation approximative du nombre de visiteurs.<\/li><li>Identifier de fa\u00e7on anonyme les contenus les plus visit\u00e9s.<\/li><li>Savoir si l\u2019Utilisateur qui y acc\u00e8de est nouveau ou s\u2019il refait une visite.<\/li><\/ul><p>Ci-apr\u00e8s sont d\u00e9taill\u00e9s les cookies analytiques utilis\u00e9s sur le Site Internet de WIMPEN\u00a0:<br \/><br \/><\/p><table width=\"427\"><tbody><tr><td width=\"63\"><p><strong>Nom<\/strong><\/p><\/td><td width=\"192\"><p><strong>Finalit\u00e9<\/strong><\/p><\/td><td width=\"76\"><p><strong>Fin de validit\u00e9<\/strong><\/p><\/td><td width=\"96\"><p><strong>Fournisseur<\/strong><\/p><\/td><\/tr><tr><td width=\"63\"><p><strong>_ga<\/strong><\/p><\/td><td width=\"192\"><p>Ce cookie est utilis\u00e9 pour distinguer les utilisateurs<\/p><\/td><td width=\"76\"><p>2 ans<\/p><\/td><td width=\"96\"><p>Google Analytics<\/p><\/td><\/tr><tr><td width=\"63\"><p><strong>_gat<\/strong><\/p><\/td><td width=\"192\"><p>Ce cookie est utilis\u00e9 pour limiter le pourcentage de demandes.<\/p><\/td><td width=\"76\"><p>1 minute<\/p><\/td><td width=\"96\"><p>Google Analytics<\/p><\/td><\/tr><tr><td width=\"63\"><p><strong>_gid<\/strong><\/p><\/td><td width=\"192\"><p>Ce cookie est utilis\u00e9 pour distinguer les utilisateurs<\/p><\/td><td width=\"76\"><p>24 heures<\/p><\/td><td width=\"96\"><p>Google Analytics<\/p><\/td><\/tr><\/tbody><\/table><ul><li><strong>Personnalisation de publicit\u00e9 et de tiers\u00a0<\/strong>: ces cookies obtiennent des informations concernant la navigation de l\u2019Utilisateur pour g\u00e9rer des espaces publicitaires et proposer un contenu plus pertinent et de qualit\u00e9 pour lui \u00e0 partir de ses go\u00fbts.<\/li><\/ul><p>Ci-apr\u00e8s sont d\u00e9taill\u00e9s les cookies publicitaires utilis\u00e9s sur le Site Internet\u00a0:<\/p><table width=\"408\"><tbody><tr><td width=\"87\"><p><strong>Nom<\/strong><\/p><\/td><td width=\"152\"><p><strong>Finalit\u00e9<\/strong><\/p><\/td><td width=\"76\"><p><strong>Fin de validit\u00e9<\/strong><\/p><\/td><td width=\"93\"><p><strong>Fournisseur<\/strong><\/p><\/td><\/tr><tr><td width=\"87\"><p><strong>\u00a0<\/strong><\/p><\/td><td width=\"152\">\u00a0<\/td><td width=\"76\">\u00a0<\/td><td width=\"93\">\u00a0<\/td><\/tr><tr><td width=\"87\">\u00a0<\/td><td width=\"152\">\u00a0<\/td><td width=\"76\">\u00a0<\/td><td width=\"93\">\u00a0<\/td><\/tr><tr><td width=\"87\">\u00a0<\/td><td width=\"152\">\u00a0<\/td><td width=\"76\">\u00a0<\/td><td width=\"93\">\u00a0<\/td><\/tr><\/tbody><\/table><p>\u00a0<\/p><p><strong>Il faudrait conserver le tableau actuel, d\u00e9taill\u00e9 par type de cookies.<\/strong><\/p><p><strong><br \/>3.- Comment d\u00e9sactiver les cookies\u00a0?<\/strong><\/p><p><br \/>Les cookies non obligatoires pour la navigation du pr\u00e9sent Site Internet pourront \u00eatre d\u00e9sactiv\u00e9s via la configuration du Site Internet. Ces r\u00e9glages se trouvent en pied de page du Site Internet. De plus, tous les navigateurs permettent de faire des modifications pour d\u00e9sactiver la configuration des cookies.<\/p><p>C\u2019est la raison pour laquelle la plupart des navigateurs offre la possibilit\u00e9 de g\u00e9rer les cookies pour obtenir un contr\u00f4le plus pr\u00e9cis de la confidentialit\u00e9. Ces r\u00e9glages se trouvent dans les \u00ab\u00a0options\u00a0\u00bb ou \u00abpr\u00e9f\u00e9rences\u00bb du menu de votre navigateur.<\/p><p>\u00a0<\/p><p>Ci-apr\u00e8s sont indiqu\u00e9s les liens de chaque navigateur pour d\u00e9sactiver les cookies en suivant les instructions\u00a0:<\/p><p>\u00a0<\/p><p><strong>Internet Explorer<\/strong> (<a href=\"https:\/\/goo.gl\/iU2wh2\" target=\"_blank\" rel=\"noopener\">https :\/\/goo.gl\/iU2wh2<\/a>)<\/p><p>Dans le menu des outils, s\u00e9lectionnez \u00ab\u00a0Options Internet\u00a0\u00bb.<\/p><p>Cliquez sur l\u2019onglet de confidentialit\u00e9.<\/p><p>Vous pouvez configurer la confidentialit\u00e9 avec un curseur \u00e0 six positions qui vous permet de contr\u00f4ler le nombre de cookies qui seront install\u00e9s\u00a0: Bloquer tous les cookies, \u00c9lev\u00e9, Moyennement \u00e9lev\u00e9, Moyen (niveau par d\u00e9faut), Faible et Accepter tous les cookies.<\/p><p>\u00a0<\/p><p><strong>Mozilla Firefox<\/strong> (<a href=\"http:\/\/goo.gl\/QXWYmv\" target=\"_blank\" rel=\"noopener\">http\u00a0:\/\/goo.gl\/QXWYmv<\/a>)<\/p><p>En haut de la fen\u00eatre Firefox, cliquez sur le menu Outils.<br \/>S\u00e9lectionnez Options.<br \/>S\u00e9lectionnez le panneau Confidentialit\u00e9.<br \/>Dans l&rsquo;option Firefox, vous pouvez choisir Utiliser une configuration personnalis\u00e9e de votre historique, ainsi que d&rsquo;autres informations relatives \u00e0 votre vie priv\u00e9e.<\/p><p>\u00a0<\/p><p><strong>Google Chrome<\/strong> (<a href=\"http:\/\/goo.gl\/fQnkSB\" target=\"_blank\" rel=\"noopener\">http\u00a0:\/\/goo.gl\/fQnkSB<\/a>)<\/p><p>Cliquez sur le menu situ\u00e9 sur la barre d&rsquo;outils.<br \/>S\u00e9lectionnez Configuration.<br \/>Cliquez sur Afficher les options avanc\u00e9es.<br \/>Dans la s\u00e9lection \u00ab Confidentialit\u00e9 \u00bb, cliquez sur le bouton Param\u00e8tres de contenu.<br \/>Dans la s\u00e9lection des cookies, les options peuvent \u00eatre configur\u00e9es.<\/p><p>\u00a0<\/p><p><strong>Safari<\/strong> (<a href=\"https:\/\/goo.gl\/PcjEm3\" target=\"_blank\" rel=\"noopener\">https\u00a0:\/\/goo.gl\/PcjEm3<\/a>; <a href=\"https:\/\/goo.gl\/dQywEo\" target=\"_blank\" rel=\"noopener\">https\u00a0:\/\/goo.gl\/dQywEo<\/a>)<\/p><p>Dans le menu de configuration, s\u00e9lectionnez l&rsquo;option \u00ab Pr\u00e9f\u00e9rences \u00bb.<br \/>Ouvrez l&rsquo;onglet de confidentialit\u00e9.<br \/>S\u00e9lectionnez l&rsquo;option souhait\u00e9e dans la section \u00ab bloquer les cookies \u00bb.<br \/>N&rsquo;oubliez pas que certaines fonctions et toutes les fonctionnalit\u00e9s du Site Internet peuvent ne pas \u00eatre disponibles apr\u00e8s la d\u00e9sactivation des cookies.<\/p><p>Si vous ne souhaitez pas \u00eatre suivi par les cookies, Google a d\u00e9velopp\u00e9 un compl\u00e9ment \u00e0 installer dans votre navigateur auquel vous pouvez acc\u00e9der via le lien suivant : <a href=\"http:\/\/goo.gl\/up4ND\" target=\"_blank\" rel=\"noopener\">http\u00a0:\/\/goo.gl\/up4ND<\/a>.<\/p><p>\u00a0<\/p><p><strong>4.- Cookies sur les appareils mobiles<\/strong><\/p><p>Le titulaire du Site Internet utilise \u00e9galement des cookies ou d\u2019autres dispositifs de stockage sur les appareils mobiles.<\/p><p>\u00a0<\/p><p>Les cookies qui ne sont pas obligatoires pour la navigation du pr\u00e9sent Site Internet peuvent \u00eatre d\u00e9sactiv\u00e9s dans la configuration du Site Internet.<\/p><p>\u00a0<\/p><p>Ces r\u00e9glages se trouvent en pied de page du Site Internet. De plus, tout comme les navigateurs des ordinateurs, les navigateurs d\u2019appareils mobiles vous permettent de modifier les options ou les param\u00e8tres de confidentialit\u00e9 pour d\u00e9sactiver ou supprimer les cookies.<\/p><p>\u00a0<\/p><p>Si vous souhaitez modifier les options de confidentialit\u00e9, suivez les instructions sp\u00e9cifi\u00e9es par le d\u00e9veloppeur du navigateur de votre appareil mobile.<\/p><p>\u00a0<\/p><p>Ci-apr\u00e8s sont indiqu\u00e9s certains exemples de liens qui vous guideront pour modifier les param\u00e8tres de confidentialit\u00e9 sur votre appareil mobile\u00a0:<\/p><p>\u00a0<\/p><p><strong>IOS\u00a0:<\/strong> (<a href=\"http:\/\/goo.gl\/61xevS\" target=\"_blank\" rel=\"noopener\">http\u00a0:\/\/goo.gl\/61xevS<\/a>)<\/p><p><strong>Windows Phone\u00a0:<\/strong> (<a href=\"https:\/\/goo.gl\/tKyb0y\" target=\"_blank\" rel=\"noopener\">https\u00a0:\/\/goo.gl\/tKyb0y<\/a>)<\/p><p><strong>Chrome Mobile\u00a0:<\/strong> (<a href=\"http:\/\/goo.gl\/XJp7N\" target=\"_blank\" rel=\"noopener\">http\u00a0:\/\/goo.gl\/XJp7N<\/a>)<\/p><p><strong>Opera Mobile\u00a0:<\/strong> (<a href=\"http:\/\/goo.gl\/Nzr8s7\" target=\"_blank\" rel=\"noopener\">http\u00a0:\/\/goo.gl\/Nzr8s7<\/a>)<\/p><p>\u00a0<\/p><p>\u00a0<\/p><p><strong>5.- Acceptation des cookies<\/strong><\/p><p>Le pr\u00e9sent Site Internet n&rsquo;installe pas nos cookies sur les appareils des utilisateurs tant que ceux-ci n\u2019ont pas accept\u00e9 l\u2019installation.<br \/>Nous vous informons qu&rsquo;en cas de refus d&rsquo;installation de cookies ou de d\u00e9sactivation de ceux-ci dans la configuration, il est possible que certains services ne soient pas disponibles sans leur utilisation ou que vous ne puissiez pas acc\u00e9der \u00e0 certains services ou profiter pleinement de tout ce que ce Site Internet peut vous offrir.<\/p>","protected":false},"excerpt":{"rendered":"POLITIQUE DE COOKIESWIMPEN LEISURE MANAGEMENT SA. (ci-apr\u00e8s d\u00e9nomm\u00e9 le \u00ab\u00a0TITULAIRE\u00a0\u00bb), informe, \u00e0 travers la pr\u00e9sente politique de cookies, de l\u2019utilisation de dispositifs de stockage et r\u00e9cup\u00e9ration de donn\u00e9es sur des \u00e9quipement terminaux des Utilisateurs.1.- Que sont les cookies ?Les cookies sont des fichiers qui sont t\u00e9l\u00e9charg\u00e9s sur l\u2019ordinateur\/smartphone\/tablette de l\u2019Utilisateur lorsqu\u2019il acc\u00e8de \u00e0 certains sites [&hellip;]","protected":false},"author":3,"featured_media":0,"parent":0,"menu_order":0,"comment_status":"closed","ping_status":"closed","template":"","meta":{"inline_featured_image":false,"_genesis_hide_title":false,"_genesis_hide_breadcrumbs":false,"_genesis_hide_singular_image":false,"_genesis_hide_footer_widgets":false,"_genesis_custom_body_class":"","_genesis_custom_post_class":"","_genesis_layout":"","footnotes":""},"class_list":{"0":"post-11949","1":"page","2":"type-page","3":"status-publish","5":"entry"},"_links":{"self":[{"href":"https:\/\/wimpen.net\/fr\/wp-json\/wp\/v2\/pages\/11949","targetHints":{"allow":["GET"]}}],"collection":[{"href":"https:\/\/wimpen.net\/fr\/wp-json\/wp\/v2\/pages"}],"about":[{"href":"https:\/\/wimpen.net\/fr\/wp-json\/wp\/v2\/types\/page"}],"author":[{"embeddable":true,"href":"https:\/\/wimpen.net\/fr\/wp-json\/wp\/v2\/users\/3"}],"replies":[{"embeddable":true,"href":"https:\/\/wimpen.net\/fr\/wp-json\/wp\/v2\/comments?post=11949"}],"version-history":[{"count":0,"href":"https:\/\/wimpen.net\/fr\/wp-json\/wp\/v2\/pages\/11949\/revisions"}],"wp:attachment":[{"href":"https:\/\/wimpen.net\/fr\/wp-json\/wp\/v2\/media?parent=11949"}],"curies":[{"name":"wp","href":"https:\/\/api.w.org\/{rel}","templated":true}]}}