{"id":11944,"date":"2022-05-06T09:07:31","date_gmt":"2022-05-06T09:07:31","guid":{"rendered":"https:\/\/test.wimpen.net\/aviso-legal\/"},"modified":"2023-10-17T11:20:03","modified_gmt":"2023-10-17T11:20:03","slug":"mentions-legales","status":"publish","type":"page","link":"https:\/\/wimpen.net\/fr\/mentions-legales\/","title":{"rendered":"Mentions l\u00e9gales"},"content":{"rendered":"\t\t<div data-elementor-type=\"wp-page\" data-elementor-id=\"11944\" class=\"elementor elementor-11944 elementor-5810\">\n\t\t\t\t\t\t<section class=\"elementor-section elementor-top-section elementor-element elementor-element-9ac88b6 elementor-section-boxed elementor-section-height-default elementor-section-height-default\" data-id=\"9ac88b6\" data-element_type=\"section\">\n\t\t\t\t\t\t<div class=\"elementor-container elementor-column-gap-default\">\n\t\t\t\t\t<div class=\"elementor-column elementor-col-100 elementor-top-column elementor-element elementor-element-7445b6f\" data-id=\"7445b6f\" data-element_type=\"column\">\n\t\t\t<div class=\"elementor-widget-wrap elementor-element-populated\">\n\t\t\t\t\t\t<div class=\"elementor-element elementor-element-f2bab34 elementor-widget elementor-widget-text-editor\" data-id=\"f2bab34\" data-element_type=\"widget\" data-widget_type=\"text-editor.default\">\n\t\t\t\t<div class=\"elementor-widget-container\">\n\t\t\t\t\t\t\t<h2><strong>MENTIONS L\u00c9GALES <\/strong><\/h2><p><strong>1.- Droit des informations<\/strong><\/p><p>Nous vous informons que la propri\u00e9t\u00e9 du Site Internet \u00e0 travers le domaine www.wimpen.net (ci-apr\u00e8s d\u00e9nomm\u00e9 le \u00ab\u00a0Site Internet\u00a0\u00bb) est la propri\u00e9t\u00e9 de WIMPEN LEISURE MANAGEMENT SA (ci-apr\u00e8s d\u00e9nomm\u00e9 \u00ab\u00a0WIMPEN), dont le N.I.F. est A38379541 et le si\u00e8ge social est sis \u00e0 Urb. Gran azul Playa Paraiso, 11, Adeje, 38670 Tenerife.<\/p><p>\u00a0<\/p><p>L\u2019acc\u00e8s et\/ou l\u2019utilisation du Site Internet vous attribut la condition d\u2019Utilisateur (ci-apr\u00e8s d\u00e9nomm\u00e9 l\u2019\u00abUtilisateur\u00a0\u00bb), et implique l\u2019acceptation, depuis ledit acc\u00e8s et\/ou ladite utilisation, des pr\u00e9sentes mentions l\u00e9gales.<\/p><p>\u00a0<\/p><p>L\u2019Utilisateur peut contacter WIMPEN via l\u2019adresse de courrier \u00e9lectronique suivante\u00a0: reservas@wimpen.com<\/p><p>\u00a0<\/p><p><strong>2.- Utilisation du Site Internet<\/strong><\/p><p>L\u2019Utilisateur assume la responsabilit\u00e9 de l\u2019utilisation du Site Internet de WIMPEN. Le Site Internet peut fournir un acc\u00e8s \u00e0 une multitude de textes, graphiques, dessins, plans, photographies, contenus multim\u00e9dia, et informations (ci-apr\u00e8s d\u00e9nomm\u00e9s les \u00ab\u00a0Contenus\u00a0\u00bb) appartenant \u00e0 WIMPEN ou \u00e0 des tiers auxquels l\u2019Utilisateur peut avoir acc\u00e8s.<\/p><p>\u00a0<\/p><p>L\u2019Utilisateur s\u2019engage \u00e0 faire un usage ad\u00e9quat des Contenus et Services propos\u00e9s \u00e0 travers le Site Internet et, \u00e0 titre indicatif, mais non limitatif, \u00e0 ne pas les utiliser pour\u00a0:<\/p><p>\u00a0<\/p><p>R\u00e9aliser des activit\u00e9s illicites, ill\u00e9gales ou contraires \u00e0 la bonne foi et \u00e0 l\u2019ordre public.<\/p><p>\u00a0<\/p><p>Provoquer des dommages dans les syst\u00e8mes physiques et logiques du Site Internet de WIMPEN, de ses fournisseurs ou de tierces personnes.<\/p><p>\u00a0<\/p><p>Introduire ou diffuser dans le r\u00e9seau des virus informatiques ou n\u2019importe quels autres syst\u00e8mes physiques ou logiques susceptibles de provoquer les dommages pr\u00e9c\u00e9demment mentionn\u00e9s.<\/p><p>\u00a0<\/p><p>Tenter d\u2019acc\u00e9der, utiliser et\/ou manipuler les donn\u00e9es de WIMPEN fournisseurs tiers et autres utilisateurs.<\/p><p>\u00a0<\/p><p>\u00a0<\/p><p>Reproduire ou copier, distribuer, permettre l\u2019acc\u00e8s du public \u00e0 travers toute sorte de communication publique, transformer ou modifier les Contenus, except\u00e9 si WIMPEN en a donn\u00e9 l\u2019autorisation.<\/p><p>\u00a0<\/p><p>\u00a0<\/p><p>Supprimer, cacher ou manipuler les Contenus faisant l\u2019objet de droits de propri\u00e9t\u00e9 intellectuelle ou industrielle et autres donn\u00e9es identificatrices desdits droits de WIMPEN ou de tiers int\u00e9gr\u00e9s aux Contenus, ainsi que les dispositifs techniques de protection ou tout type de m\u00e9canismes d\u2019informations pouvant \u00eatre ins\u00e9r\u00e9s dans les Contenus.<\/p><p>\u00a0<\/p><p>\u00a0<\/p><p>WIMPEN informe que les \u00e9l\u00e9ments contenus dans ce Site Internet ont purement \u00e9t\u00e9 int\u00e9gr\u00e9s \u00e0 titre informatif, et sont donc insuffisants pour prendre des d\u00e9cisions ou assumer des positions dans un cas concret.<\/p><p>\u00a0<\/p><p>L\u2019Utilisateur doit tenir compte du fait que les \u00e9l\u00e9ments contenus dans ce Site Internet pourraient ne pas refl\u00e9ter l\u2019\u00e9tat l\u00e9gislatif ou jurisprudentiel le plus r\u00e9cent sur les sujets analys\u00e9s. Ces \u00e9l\u00e9ments peuvent \u00e9galement \u00eatre modifi\u00e9s, d\u00e9velopp\u00e9s ou actualis\u00e9s sans avis pr\u00e9alable.<\/p><p>\u00a0<\/p><p>WIMPEN aura le droit de faire des recherches et de d\u00e9noncer toute conduite mentionn\u00e9e conform\u00e9ment \u00e0 la Loi, ainsi que de collaborer avec les autorit\u00e9s dans l\u2019enqu\u00eate desdits agissements.<\/p><p>\u00a0<\/p><p>WIMPEN pourra suspendre temporairement et sans avis pr\u00e9alable l\u2019accessibilit\u00e9 au Site Internet en raison d\u2019op\u00e9rations de maintenance, r\u00e9paration, mise \u00e0 jour ou am\u00e9lioration. Cependant, et \u00e0 condition que les circonstances le permettent, WIMPEN communiquera \u00e0 l\u2019Utilisateur, suffisamment \u00e0 l\u2019avance, la date pr\u00e9vue pour la suspension des services. WIMPEN ne pourra pas \u00eatre tenu responsable de l\u2019utilisation que les Utilisateurs pourraient faire des Contenus pr\u00e9sents sur le Site Internet.<\/p><p>\u00a0<\/p><p><strong>3.- Propri\u00e9t\u00e9 intellectuelle et industrielle<\/strong><\/p><p>Tous les droits de propri\u00e9t\u00e9 intellectuelle du contenu du Site Internet et sa conception graphique sont la propri\u00e9t\u00e9 exclusive de WIMPEN, ou d\u2019un tiers ayant autoris\u00e9 leur utilisation, c\u2019est pourquoi WIMPEN d\u00e9tient l\u2019exercice exclusif de leurs droits d\u2019exploitation. Pour cette raison, et en vertu des dispositions de la r\u00e9glementation applicable en mati\u00e8re de droits de propri\u00e9t\u00e9 intellectuelle et industrielle.<\/p><p>\u00a0<\/p><p>WIMPEN ne conc\u00e8de aucune licence ou autorisation d\u2019utilisation d\u2019aucune sorte sur ses droits de propri\u00e9t\u00e9 intellectuelle et industrielle ou sur toute autre propri\u00e9t\u00e9 ou droit li\u00e9 au Site Internet, \u00e0 ses services ou ses Contenus.<\/p><p>\u00a0<\/p><p>Sont autoris\u00e9s l\u2019usage et le stockage temporaire des Contenus du Site Internet \u00e0 condition que cela soit strictement n\u00e9cessaire pour l\u2019utilisation et la visualisation du Site Internet sur un appareil personnel.<\/p><p>\u00a0<\/p><p>La l\u00e9gitimit\u00e9 des droits de propri\u00e9t\u00e9 intellectuelle ou industrielle correspondants aux contenus apport\u00e9s par les utilisateurs est la responsabilit\u00e9 exclusive de ces derniers, c\u2019est pourquoi l\u2019Utilisateur ne pourra pas tenir responsable WIMPEN face \u00e0 toute r\u00e9clamation de tiers d\u00e9coulant de l\u2019utilisation illicite des contenus sur le Site Internet.<\/p><p>\u00a0<\/p><p><strong>4.- Responsabilit\u00e9 et garanties<\/strong><\/p><p>WIMPEN d\u00e9clare avoir adopt\u00e9 les mesures n\u00e9cessaires qui, dans le cadre de ses possibilit\u00e9s et de l\u2019\u00e9tat de la technologie, permettent le bon fonctionnement de son Site Internet, ainsi que l\u2019absence de virus et composants nuisibles. Cependant, WIMPEN ne pourra pas \u00eatre tenu responsable de\u00a0:<\/p><p>La continuit\u00e9 et la disponibilit\u00e9 des Contenus et Services.<\/p><p>\u00a0<\/p><p>L\u2019absence d\u2019erreurs dans lesdits Contenus ni la correction de tout d\u00e9faut pouvant surgir.<\/p><p>\u00a0<\/p><p>L\u2019absence de virus et\/ou autres composants nuisibles.<\/p><p>\u00a0<\/p><p>Les dommages ou pr\u00e9judices caus\u00e9s par toute personne qui porterait atteinte aux syst\u00e8mes de s\u00e9curit\u00e9 de WIMPEN.<\/p><p>\u00a0<\/p><p>Les indications pr\u00e9sentes dans ces pages ont \u00e9t\u00e9 uniquement int\u00e9gr\u00e9es \u00e0 titre informatif. WIMPEN ne garantit pas l\u2019int\u00e9grit\u00e9, l\u2019exactitude et l\u2019actualit\u00e9 de ses Contenus.<\/p><p>\u00a0<\/p><p>WIMPEN ne pourra pas \u00eatre tenu responsable des liens menant vers d\u2019autres sites internet pr\u00e9sents sur le Site Internet pouvant diriger l\u2019Utilisateur vers d\u2019autres sites internet sur lesquels WIMPEN n\u2019a aucun type de contr\u00f4le\u00a0; c\u2019est pourquoi l\u2019int\u00e9gration de liens menant vers d\u2019autres sites internet n\u2019implique pas l\u2019approbation de leurs Contenus de la part de WIMPEN ni l\u2019existence d\u2019aucun type d\u2019association entre WIMPEN et leurs titulaires. Par cons\u00e9quent, l\u2019Utilisateur acc\u00e8de sous sa responsabilit\u00e9 exclusive au Contenu et dans les conditions d\u2019utilisation les r\u00e9gissant.<\/p><p>\u00a0<\/p><p><strong>5.- Dur\u00e9e et modification<\/strong><\/p><p>Les pr\u00e9sentes mentions l\u00e9gales auront une validit\u00e9 \u00e0 caract\u00e8re ind\u00e9fini, WIMPEN pouvant effectuer des changements dans les conditions y \u00e9tant sp\u00e9cifi\u00e9es, et qui entreront en vigueur au moment de leur publication.<\/p><p>\u00a0<\/p><p>WIMPEN pourra supprimer, ajouter ou modifier aussi bien les Contenus que les Services qu\u2019il propose, ainsi que la forme sous laquelle ceux-ci sont localis\u00e9s ou pr\u00e9sent\u00e9s. Sont consid\u00e9r\u00e9es comme en vigueur les conditions publi\u00e9es au moment o\u00f9 l\u2019Utilisateur acc\u00e8de au Site Internet de WIMPEN.<\/p><p>\u00a0<\/p><p>L\u2019acc\u00e8s et\/ou l\u2019utilisation du Site Internet sera consid\u00e9r\u00e9 comme un accord de la part de l\u2019Utilisateur concernant les pr\u00e9sentes mentions l\u00e9gales et ses conditions et, le cas \u00e9ch\u00e9ant\u00a0; les modifications y \u00e9tant effectu\u00e9es.<\/p>\t\t\t\t\t\t<\/div>\n\t\t\t\t<\/div>\n\t\t\t\t\t<\/div>\n\t\t<\/div>\n\t\t\t\t\t<\/div>\n\t\t<\/section>\n\t\t\t\t<\/div>\n\t\t","protected":false},"excerpt":{"rendered":"MENTIONS L\u00c9GALES 1.- Droit des informations Nous vous informons que la propri\u00e9t\u00e9 du Site Internet \u00e0 travers le domaine www.wimpen.net (ci-apr\u00e8s d\u00e9nomm\u00e9 le \u00ab\u00a0Site Internet\u00a0\u00bb) est la propri\u00e9t\u00e9 de WIMPEN LEISURE MANAGEMENT SA (ci-apr\u00e8s d\u00e9nomm\u00e9 \u00ab\u00a0WIMPEN), dont le N.I.F. est A38379541 et le si\u00e8ge social est sis \u00e0 Urb. Gran azul Playa Paraiso, 11, Adeje, [&hellip;]","protected":false},"author":3,"featured_media":0,"parent":0,"menu_order":0,"comment_status":"closed","ping_status":"closed","template":"","meta":{"inline_featured_image":false,"_genesis_hide_title":false,"_genesis_hide_breadcrumbs":false,"_genesis_hide_singular_image":false,"_genesis_hide_footer_widgets":false,"_genesis_custom_body_class":"","_genesis_custom_post_class":"","_genesis_layout":"","footnotes":""},"class_list":{"0":"post-11944","1":"page","2":"type-page","3":"status-publish","5":"entry"},"_links":{"self":[{"href":"https:\/\/wimpen.net\/fr\/wp-json\/wp\/v2\/pages\/11944","targetHints":{"allow":["GET"]}}],"collection":[{"href":"https:\/\/wimpen.net\/fr\/wp-json\/wp\/v2\/pages"}],"about":[{"href":"https:\/\/wimpen.net\/fr\/wp-json\/wp\/v2\/types\/page"}],"author":[{"embeddable":true,"href":"https:\/\/wimpen.net\/fr\/wp-json\/wp\/v2\/users\/3"}],"replies":[{"embeddable":true,"href":"https:\/\/wimpen.net\/fr\/wp-json\/wp\/v2\/comments?post=11944"}],"version-history":[{"count":0,"href":"https:\/\/wimpen.net\/fr\/wp-json\/wp\/v2\/pages\/11944\/revisions"}],"wp:attachment":[{"href":"https:\/\/wimpen.net\/fr\/wp-json\/wp\/v2\/media?parent=11944"}],"curies":[{"name":"wp","href":"https:\/\/api.w.org\/{rel}","templated":true}]}}