{"id":11440,"date":"2022-03-09T11:55:53","date_gmt":"2022-03-09T11:55:53","guid":{"rendered":"https:\/\/test.wimpen.net\/contacto\/"},"modified":"2026-01-07T20:06:07","modified_gmt":"2026-01-07T20:06:07","slug":"contact","status":"publish","type":"page","link":"https:\/\/wimpen.net\/fr\/contact\/","title":{"rendered":"Contact"},"content":{"rendered":"\t\t<div data-elementor-type=\"wp-page\" data-elementor-id=\"11440\" class=\"elementor elementor-11440 elementor-8373\">\n\t\t\t\t\t\t<section class=\"elementor-section elementor-top-section elementor-element elementor-element-ef6d465 elementor-section-height-min-height resort-slider-heading elementor-reverse-mobile elementor-section-boxed elementor-section-height-default elementor-section-items-middle\" data-id=\"ef6d465\" data-element_type=\"section\" data-settings=\"{&quot;background_background&quot;:&quot;video&quot;,&quot;background_video_link&quot;:&quot;https:\\\/\\\/test.wimpen.net\\\/wp-content\\\/uploads\\\/APARTADO-CONTACTO.mp4&quot;,&quot;background_play_on_mobile&quot;:&quot;yes&quot;}\">\n\t\t\t\t\t\t\t\t<div class=\"elementor-background-video-container\">\n\t\t\t\t\t\t\t\t\t\t\t\t\t<video class=\"elementor-background-video-hosted elementor-html5-video\" autoplay muted playsinline loop><\/video>\n\t\t\t\t\t\t\t\t\t\t\t<\/div>\n\t\t\t\t\t\t\t\t\t<div class=\"elementor-background-overlay\"><\/div>\n\t\t\t\t\t\t\t<div class=\"elementor-container elementor-column-gap-default\">\n\t\t\t\t\t<div class=\"elementor-column elementor-col-50 elementor-top-column elementor-element elementor-element-cc6f422\" data-id=\"cc6f422\" data-element_type=\"column\">\n\t\t\t<div class=\"elementor-widget-wrap elementor-element-populated\">\n\t\t\t\t\t\t<div class=\"elementor-element elementor-element-6b149e9 elementor-widget elementor-widget-heading\" data-id=\"6b149e9\" data-element_type=\"widget\" data-widget_type=\"heading.default\">\n\t\t\t\t<div class=\"elementor-widget-container\">\n\t\t\t<h1 class=\"elementor-heading-title elementor-size-default\">Contactez WimPen <br>by OnaGrup<\/h1>\t\t<\/div>\n\t\t\t\t<\/div>\n\t\t\t\t\t<\/div>\n\t\t<\/div>\n\t\t\t\t<div class=\"elementor-column elementor-col-50 elementor-top-column elementor-element elementor-element-36bb638\" data-id=\"36bb638\" data-element_type=\"column\">\n\t\t\t<div class=\"elementor-widget-wrap\">\n\t\t\t\t\t\t\t<\/div>\n\t\t<\/div>\n\t\t\t\t\t<\/div>\n\t\t<\/section>\n\t\t\t\t<section class=\"elementor-section elementor-top-section elementor-element elementor-element-7652692 reservation-form elementor-section-boxed elementor-section-height-default elementor-section-height-default\" data-id=\"7652692\" data-element_type=\"section\">\n\t\t\t\t\t\t<div class=\"elementor-container elementor-column-gap-default\">\n\t\t\t\t\t<div class=\"elementor-column elementor-col-100 elementor-top-column elementor-element elementor-element-2cf1f4e\" data-id=\"2cf1f4e\" data-element_type=\"column\">\n\t\t\t<div class=\"elementor-widget-wrap elementor-element-populated\">\n\t\t\t\t\t\t<div class=\"elementor-element elementor-element-91016f9 elementor-widget elementor-widget-shortcode\" data-id=\"91016f9\" data-element_type=\"widget\" data-widget_type=\"shortcode.default\">\n\t\t\t\t<div class=\"elementor-widget-container\">\n\t\t\t\n\n\n\t<div id=\"r-form\" class=\"r-form top\">\n\t\t<span class=\"reservation-close-btn\">X<\/span>\n\n\t\t<form action=\"#\" class=\"reservation_wimpen_form\" method=\"get\">\n\n\t\t\t<input id=\"language\" name=\"language\" type=\"hidden\" value=\"FRENCH\">\n\n\t\t\t<input type=\"hidden\" name=\"turno\" value=\"\">\n\t\t\t<input type='hidden' name='custom_body_class' value='hide_brand'>\n\n\t\t\t\t\t\t\t<div class=\"form-select destination\">\n\t\t\t\t\t<select id=\"destination\">\n\t\t\t\t\t\t<option value=\"\" selected=\"true\" disabled>H\u00f4tel ou destination<\/option>\n\t\t\t\t\t\t<option value=\"https:\/\/ona-club-bena-vista-dot-ona-hotels.appspot.com\/booking1\">Club Benavista<\/option>\n\t\t\t\t\t\t<option value=\"https:\/\/ona-casitas-dot-ona-hotels.appspot.com\/booking1\">Las Casitas<\/option>\n\t\t\t\t\t\t<option value=\"https:\/\/ona-marques-dot-ona-hotels.appspot.com\/booking1\">El Marqu\u00e9s<\/option>\n\t\t\t\t\t\t<option value=\"https:\/\/ona-brisas-dot-ona-hotels.appspot.com\/booking1\">Las Brisas<\/option>\n\t\t\t\t\t\t<option value=\"https:\/\/ona-rosas-dot-ona-hotels.appspot.com\/booking1\">Las Rosas<\/option>\n\t\t\t\t\t\t<option value=\"https:\/\/ona-sueno-azul-dot-ona-hotels.appspot.com\/booking1\">Sue\u00f1o Azul<\/option>\n\t\t\t\t\t\t<option value=\"https:\/\/ona-claveles-dot-ona-hotels.appspot.com\/booking1\">Los Claveles<\/option>\n\t\t\t\t\t<\/select>\n\n\n\t\t\t\t\t<!--<select id=\"destination\">\n\t\t\t\t\t\t<option value=\"\" selected=\"true\" disabled>H\u00f4tel ou destination<\/option>\n\t\t\t\t\t\t<option value=\"https:\/\/ona-campanario-dot-ona-hotels.appspot.com\/booking1\">Ona Campanario<\/option>\n\t\t\t\t\t\t<option value=\"https:\/\/ona-cala-pi-dot-ona-hotels.appspot.com\/booking1\">Ona Cala Pi<\/option>\n\t\t\t\t\t\t<option value=\"https:\/\/ona-village-cala-dor-dot-ona-hotels.appspot.com\/booking1\">Ona Village Cala D'Or<\/option>\n\t\t\t\t\t\t<option value=\"https:\/\/ona-garden-lago-dot-ona-hotels.appspot.com\/booking1\">Ona Garden Lago<\/option>\n\t\t\t\t\t\t<option value=\"https:\/\/ona-acaunada-dot-ona-hotels.appspot.com\/booking1\">Ona Aucanada<\/option>\n\t\t\t\t\t\t<option value=\"https:\/\/ona-suites-salou-dot-ona-hotels.appspot.com\/booking1\">Ona Suites Salou<\/option>\n\t\t\t\t\t\t<option value=\"https:\/\/ona-jardines-paraisol-dot-ona-hotels.appspot.com\/booking1\">Ona Jardines Paraisol<\/option>\n\t\t\t\t\t\t<option value=\"https:\/\/ona-ogisaka-dot-ona-hotels.appspot.com\/booking1\">Ona Ogisaka Garden<\/option>\n\t\t\t\t\t\t<option value=\"https:\/\/ona-aldea-mar-dot-ona-hotels.appspot.com\/booking1\">Ona Aldea del Mar<\/option>\n\t\t\t\t\t\t<option value=\"https:\/\/ona-hacienda-alamo-dot-ona-hotels.appspot.com\/booking1\">Ona Hacienda del \u00c1lamo<\/option>\n\t\t\t\t\t\t<option value=\"https:\/\/ona-marina-arpon-dot-ona-hotels.appspot.com\/booking1\">Ona Marina Arp\u00f3n<\/option>\n\t\t\t\t\t\t<option value=\"https:\/\/ona-dorada-tarter-dot-ona-hotels.appspot.com\/booking1\">Ona Dorada El Tarter<\/option>\n\t\t\t\t\t\t<option value=\"https:\/\/ona-aquamarina-dot-ona-hotels.appspot.com\/booking1\">Ona Aquamarina<\/option>\n\t\t\t\t\t\t<option value=\"https:\/\/ona-internacional-dot-ona-hotels.appspot.com\/booking1\">Ona Internacional<\/option>\n\t\t\t\t\t\t<option value=\"https:\/\/ona-las-zarzas-dot-ona-hotels.appspot.com\/booking1\">Ona las Zarzas<\/option>\n\t\t\t\t\t<\/select>-->\n\t\t\t\t<\/div>\n\t\t\t\n\t\t\t<!-- <div class=\"form-select destination\">\n\t\t\t\t<select id=\"destination\">\n\t\t\t\t\t<option selected=\"true\" disabled>Hotel o destino<\/option>\n\t\t\t\t\t<option value=\"1\">Ona Alanda Club Marbella<\/option>\n\t\t\t\t<\/select>\n\t\t\t<\/div> -->\n\n\t\t\t<input required class=\"date\" type=\"text\" id=\"datein\" name=\"startDate\" placeholder=\"Fecha entrada\" value=\"\">\n\t\t\t<input required class=\"date\" type=\"text\" id=\"dateout\" name=\"endDate\" placeholder=\"Fecha salida\" value=\"\">\n\t\t\t\n\t\t\t<div class=\"form-select adultos\">\n\t\t\t\t<select id=\"adultos\" name=\"adultsRoom1\">\n\t\t\t\t\t<option value=\"-\" selected=\"true\" disabled>Adultes<\/option>\n\t\t\t\t\t<option value=\"1\">1<\/option>\n\t\t\t\t\t<option value=\"2\">2<\/option>\n\t\t\t\t\t<option value=\"3\">3<\/option>\n\t\t\t\t\t<option value=\"4\">4<\/option>\n\t\t\t\t\t<option value=\"5\">5<\/option>\n\t\t\t\t\t<option value=\"6\">6<\/option>\n\t\t\t\t<\/select>\n\t\t\t<\/div>\n\n\t\t\t<div class=\"form-select ninos\">\n\t\t\t\t<select id=\"ninos\" name=\"childrenRoom1\">\n\t\t\t\t\t<option value=\"-\" selected=\"true\" disabled>Enfants<\/option>\n\t\t\t\t\t<option value=\"0\">0<\/option>\n\t\t\t\t\t<option value=\"1\">1<\/option>\n\t\t\t\t\t<option value=\"2\">2<\/option>\n\t\t\t\t\t<option value=\"3\">3<\/option>\n\t\t\t\t<\/select>\n\t\t\t<\/div>\n\n\t\t\t<input type=\"text\" class=\"codigo\" id=\"codigo\" name=\"codigo\" placeholder=\"Code propri\u00e9taire\" value=\"\" required>\n\n\t\t\t<div class=\"reservation-form-submit\">\n\t\t\t\t<span>\n\t\t\t\t\t<div class=\"elementor-widget-container\">\n\t\t\t\t\t\t<div class=\"elementor-button-wrapper\">\n\t\t\t\t\t\t\t<a href=\"\" class=\"elementor-button short\" role=\"button\">\n\t\t\t\t\t\t\t\t<span>\n\t\t\t\t\t\t\t\t\t<span class=\"elementor-button-text\">R\u00e9server semaine suppl\u00e9mentaire<\/span>\n\t\t\t\t\t\t\t\t<\/span>\n\t\t\t\t\t\t\t<\/a>\n\t\t\t\t\t\t<\/div>\n\t\t\t\t\t<\/div>\n\t\t\t\t\t<!-- <input type=\"submit\" value=\"\"> -->\n\t\t\t\t<\/span>\n\t\t\t<\/div>\n\t\t<\/form>\n\t\t\n\t<\/div>\n\t<p class=\"error_mesage\"><\/p>\n\n\t\t\t<div class=\"elementor-shortcode\"><\/div>\n\t\t\t\t<\/div>\n\t\t\t\t<\/div>\n\t\t\t\t\t<\/div>\n\t\t<\/div>\n\t\t\t\t\t<\/div>\n\t\t<\/section>\n\t\t\t\t<section class=\"elementor-section elementor-top-section elementor-element elementor-element-15ea438 elementor-section-boxed elementor-section-height-default elementor-section-height-default\" data-id=\"15ea438\" data-element_type=\"section\">\n\t\t\t\t\t\t<div class=\"elementor-container elementor-column-gap-default\">\n\t\t\t\t\t<div class=\"elementor-column elementor-col-50 elementor-top-column elementor-element elementor-element-75552a6\" data-id=\"75552a6\" data-element_type=\"column\">\n\t\t\t<div class=\"elementor-widget-wrap elementor-element-populated\">\n\t\t\t\t\t\t<div class=\"elementor-element elementor-element-6932460 underlineTitle elementor-widget elementor-widget-heading\" data-id=\"6932460\" data-element_type=\"widget\" data-widget_type=\"heading.default\">\n\t\t\t\t<div class=\"elementor-widget-container\">\n\t\t\t<h2 class=\"elementor-heading-title elementor-size-default\">Contact<\/h2>\t\t<\/div>\n\t\t\t\t<\/div>\n\t\t\t\t<div class=\"elementor-element elementor-element-9554db5 elementor-widget elementor-widget-text-editor\" data-id=\"9554db5\" data-element_type=\"widget\" data-widget_type=\"text-editor.default\">\n\t\t\t\t<div class=\"elementor-widget-container\">\n\t\t\t\t\t\t\t<p>Vous pouvez poser vos questions par mail, nous vous r\u00e9pondrons dans les plus brefs d\u00e9lais. Merci.<\/p>\t\t\t\t\t\t<\/div>\n\t\t\t\t<\/div>\n\t\t\t\t<div class=\"elementor-element elementor-element-33901e2 elementor-widget elementor-widget-jw-contact-form-7\" data-id=\"33901e2\" data-element_type=\"widget\" data-widget_type=\"jw-contact-form-7.default\">\n\t\t\t\t<div class=\"elementor-widget-container\">\n\t\t\t<div class=\"elementor-jw-contact-form-7 jet-widgets\">\n<div class=\"wpcf7 no-js\" id=\"wpcf7-f11447-o1\" lang=\"fr-FR\" dir=\"ltr\">\n<div class=\"screen-reader-response\"><p role=\"status\" aria-live=\"polite\" aria-atomic=\"true\"><\/p> <ul><\/ul><\/div>\n<form action=\"\/fr\/wp-json\/wp\/v2\/pages\/11440#wpcf7-f11447-o1\" method=\"post\" class=\"wpcf7-form init\" aria-label=\"Formulaire de contact\" novalidate=\"novalidate\" data-status=\"init\">\n<div style=\"display: none;\">\n<input type=\"hidden\" name=\"_wpcf7\" value=\"11447\" \/>\n<input type=\"hidden\" name=\"_wpcf7_version\" value=\"5.9.8\" \/>\n<input type=\"hidden\" name=\"_wpcf7_locale\" value=\"fr_FR\" \/>\n<input type=\"hidden\" name=\"_wpcf7_unit_tag\" value=\"wpcf7-f11447-o1\" \/>\n<input type=\"hidden\" name=\"_wpcf7_container_post\" value=\"0\" \/>\n<input type=\"hidden\" name=\"_wpcf7_posted_data_hash\" value=\"\" \/>\n<\/div>\n<div class=\"contact-form-wimpen\">\n<div class=\"contact-row hide\"><p class=\"contact-row-title\">Es propietario*<\/p><div class=\"espropietario\"><p>No<\/p><label class=\"switch\"><div class=\"slider round\"><\/div><\/label><p>S\u00ed<\/p><\/div>\n<\/div>\n<div><\/div>\n<div class=\"contact-row\">\n<input class=\"wpcf7-form-control wpcf7-hidden\" value=\"\" type=\"hidden\" name=\"para\" \/>\n<span class=\"wpcf7-form-control-wrap\" data-name=\"your-name\"><input size=\"40\" maxlength=\"400\" class=\"wpcf7-form-control wpcf7-text wpcf7-validates-as-required\" aria-required=\"true\" aria-invalid=\"false\" placeholder=\"Pr\u00e9nom*\" value=\"\" type=\"text\" name=\"your-name\" \/><\/span>\n<span class=\"wpcf7-form-control-wrap\" data-name=\"your-surname\"><input size=\"40\" maxlength=\"400\" class=\"wpcf7-form-control wpcf7-text wpcf7-validates-as-required\" aria-required=\"true\" aria-invalid=\"false\" placeholder=\"Nom*\" value=\"\" type=\"text\" name=\"your-surname\" \/><\/span>\n<\/div>\n<div class=\"contact-row\">\n<span class=\"wpcf7-form-control-wrap\" data-name=\"your-email\"><input size=\"40\" maxlength=\"400\" class=\"wpcf7-form-control wpcf7-email wpcf7-validates-as-required wpcf7-text wpcf7-validates-as-email\" aria-required=\"true\" aria-invalid=\"false\" placeholder=\"Adresse mail*\" value=\"\" type=\"email\" name=\"your-email\" \/><\/span>\n<span class=\"wpcf7-form-control-wrap\" data-name=\"seccion\"><select class=\"wpcf7-form-control wpcf7-select wpcf7-validates-as-required\" aria-required=\"true\" aria-invalid=\"false\" name=\"seccion\"><option value=\"\">Type de demande<\/option><option value=\"comunidades@wimpen.com\">Information<\/option><option value=\"administracion@wimpen.com\">Gestion<\/option><option value=\"reservations@wimpen.com\">R\u00e9servations<\/option><option value=\"recepcion@wimpen.com\">Op\u00e9rations<\/option><\/select><\/span>\n<\/div>\n<div class=\"contact-row\">\n<span class=\"wpcf7-form-control-wrap\" data-name=\"your-subject\"><input size=\"40\" maxlength=\"400\" class=\"wpcf7-form-control wpcf7-text wpcf7-validates-as-required\" aria-required=\"true\" aria-invalid=\"false\" placeholder=\"Objet\" value=\"\" type=\"text\" name=\"your-subject\" \/><\/span>\n<\/div>\n<div class=\"contact-row\">\n<span class=\"wpcf7-form-control-wrap\" data-name=\"your-message\"><textarea cols=\"40\" rows=\"10\" maxlength=\"2000\" class=\"wpcf7-form-control wpcf7-textarea wpcf7-validates-as-required\" aria-required=\"true\" aria-invalid=\"false\" placeholder=\"Message*\" name=\"your-message\"><\/textarea><\/span>\n<\/div>\n<span id=\"wpcf7-69dbab7a70a59-wrapper\" class=\"wpcf7-form-control-wrap company-wrap\" style=\"display:none !important; visibility:hidden !important;\"><input id=\"wpcf7-69dbab7a70a59-field\"  class=\"wpcf7-form-control wpcf7-text\" type=\"text\" name=\"company\" value=\"\" size=\"40\" tabindex=\"-1\" autocomplete=\"new-password\" \/><\/span>\n<span class=\"wpcf7-form-control-wrap\" data-name=\"your-consent\"><span class=\"wpcf7-form-control wpcf7-acceptance\"><span class=\"wpcf7-list-item\"><label><input type=\"checkbox\" name=\"your-consent\" value=\"1\" aria-invalid=\"false\" \/><span class=\"wpcf7-list-item-label\">J\u2019accepte les <a href=\"\/fr\/mentions-legales\/\">termes et conditions d\u2019utilisation<\/a> du Site Internet.<\/span><\/label><\/span><\/span><\/span>\n<div class=\"contact-row submit\">\n<input class=\"wpcf7-form-control wpcf7-submit has-spinner\" type=\"submit\" value=\"Envoyer\" \/>\n<\/div>\n<\/div><p style=\"display: none !important;\" class=\"akismet-fields-container\" data-prefix=\"_wpcf7_ak_\"><label>&#916;<textarea name=\"_wpcf7_ak_hp_textarea\" cols=\"45\" rows=\"8\" maxlength=\"100\"><\/textarea><\/label><input type=\"hidden\" id=\"ak_js_1\" name=\"_wpcf7_ak_js\" value=\"132\"\/><script>document.getElementById( \"ak_js_1\" ).setAttribute( \"value\", ( new Date() ).getTime() );<\/script><\/p><div class=\"wpcf7-response-output\" aria-hidden=\"true\"><\/div>\n<\/form>\n<\/div>\n<\/div>\t\t<\/div>\n\t\t\t\t<\/div>\n\t\t\t\t\t<\/div>\n\t\t<\/div>\n\t\t\t\t<div class=\"elementor-column elementor-col-50 elementor-top-column elementor-element elementor-element-20e9208 contact-container\" data-id=\"20e9208\" data-element_type=\"column\" data-settings=\"{&quot;background_background&quot;:&quot;classic&quot;}\">\n\t\t\t<div class=\"elementor-widget-wrap elementor-element-populated\">\n\t\t\t\t\t\t<div class=\"elementor-element elementor-element-2237713 underlineTitle short elementor-widget elementor-widget-heading\" data-id=\"2237713\" data-element_type=\"widget\" data-widget_type=\"heading.default\">\n\t\t\t\t<div class=\"elementor-widget-container\">\n\t\t\t<h2 class=\"elementor-heading-title elementor-size-default\">E-mails<\/h2>\t\t<\/div>\n\t\t\t\t<\/div>\n\t\t\t\t<div class=\"elementor-element elementor-element-27f2d63 elementor-widget elementor-widget-text-editor\" data-id=\"27f2d63\" data-element_type=\"widget\" data-widget_type=\"text-editor.default\">\n\t\t\t\t<div class=\"elementor-widget-container\">\n\t\t\t\t\t\t\t<p><strong>Informations :<\/strong><br>\n<a href=\"mailto:comunidades.wimpen@onahotels.com\"><u>comunidades.wimpen@onahotels.com<\/u><\/a><\/p>\n\n<p><strong>Gestion :<\/strong><br>\n<a href=\"mailto:administracion.wimpen@onahotels.com\"><u>administracion.wimpen@onahotels.com<\/u><\/a><\/p>\n\n<p><strong>R\u00e9servations :<\/strong><br>\n<a href=\"mailto:reservations.wimpen@onahotels.com\"><u>reservations.wimpen@onahotels.com<\/u><\/a><\/p>\n\n<p><strong>Op\u00e9rations :<\/strong><br>\n<a href=\"mailto:recepcion.wimpen@onahotels.com\"><u>recepcion.wimpen@onahotels.com<\/u><\/a><\/p>\t\t\t\t\t\t<\/div>\n\t\t\t\t<\/div>\n\t\t\t\t<div class=\"elementor-element elementor-element-0103d0d underlineTitle short elementor-widget elementor-widget-heading\" data-id=\"0103d0d\" data-element_type=\"widget\" data-widget_type=\"heading.default\">\n\t\t\t\t<div class=\"elementor-widget-container\">\n\t\t\t<h2 class=\"elementor-heading-title elementor-size-default\">T\u00e9l\u00e9phones<\/h2>\t\t<\/div>\n\t\t\t\t<\/div>\n\t\t\t\t<div class=\"elementor-element elementor-element-3f5e33c elementor-widget elementor-widget-text-editor\" data-id=\"3f5e33c\" data-element_type=\"widget\" data-widget_type=\"text-editor.default\">\n\t\t\t\t<div class=\"elementor-widget-container\">\n\t\t\t\t\t\t\t<p><a href=\"tel:+34922741415\">(+34) 922 741 415<\/a><\/p>\n<p><a href=\"tel:+34922741417\">(+34) 922 741 417<\/a><\/p>\t\t\t\t\t\t<\/div>\n\t\t\t\t<\/div>\n\t\t\t\t<div class=\"elementor-element elementor-element-1cdafa9 underlineTitle short elementor-widget elementor-widget-heading\" data-id=\"1cdafa9\" data-element_type=\"widget\" data-widget_type=\"heading.default\">\n\t\t\t\t<div class=\"elementor-widget-container\">\n\t\t\t<h2 class=\"elementor-heading-title elementor-size-default\">Fax<\/h2>\t\t<\/div>\n\t\t\t\t<\/div>\n\t\t\t\t<div class=\"elementor-element elementor-element-3acf1aa elementor-widget elementor-widget-text-editor\" data-id=\"3acf1aa\" data-element_type=\"widget\" data-widget_type=\"text-editor.default\">\n\t\t\t\t<div class=\"elementor-widget-container\">\n\t\t\t\t\t\t\t<p>(+34) 922 741 553<\/p>\t\t\t\t\t\t<\/div>\n\t\t\t\t<\/div>\n\t\t\t\t\t<\/div>\n\t\t<\/div>\n\t\t\t\t\t<\/div>\n\t\t<\/section>\n\t\t\t\t<section class=\"elementor-section elementor-top-section elementor-element elementor-element-7fc640e elementor-section-full_width elementor-section-stretched elementor-section-height-default elementor-section-height-default\" data-id=\"7fc640e\" data-element_type=\"section\" data-settings=\"{&quot;stretch_section&quot;:&quot;section-stretched&quot;}\">\n\t\t\t\t\t\t<div class=\"elementor-container elementor-column-gap-default\">\n\t\t\t\t\t<div class=\"elementor-column elementor-col-100 elementor-top-column elementor-element elementor-element-eb9e3b2\" data-id=\"eb9e3b2\" data-element_type=\"column\">\n\t\t\t<div class=\"elementor-widget-wrap elementor-element-populated\">\n\t\t\t\t\t\t<div class=\"elementor-element elementor-element-0632176 elementor-widget elementor-widget-google_maps\" data-id=\"0632176\" data-element_type=\"widget\" data-widget_type=\"google_maps.default\">\n\t\t\t\t<div class=\"elementor-widget-container\">\n\t\t\t\t\t<div class=\"elementor-custom-embed\">\n\t\t\t<iframe loading=\"lazy\"\n\t\t\t\t\tsrc=\"https:\/\/maps.google.com\/maps?q=28.052783515758286%2C%20-16.704214930340203&#038;t=m&#038;z=15&#038;output=embed&#038;iwloc=near\"\n\t\t\t\t\ttitle=\"28.052783515758286, -16.704214930340203\"\n\t\t\t\t\taria-label=\"28.052783515758286, -16.704214930340203\"\n\t\t\t><\/iframe>\n\t\t<\/div>\n\t\t\t\t<\/div>\n\t\t\t\t<\/div>\n\t\t\t\t\t<\/div>\n\t\t<\/div>\n\t\t\t\t\t<\/div>\n\t\t<\/section>\n\t\t\t\t<\/div>\n\t\t","protected":false},"excerpt":{"rendered":"Contactez WimPen by OnaGrup Contact Vous pouvez poser vos questions par mail, nous vous r\u00e9pondrons dans les plus brefs d\u00e9lais. Merci. PresidentWimpen &#916; E-mails Informations : comunidades.wimpen@onahotels.com Gestion : administracion.wimpen@onahotels.com R\u00e9servations : reservations.wimpen@onahotels.com Op\u00e9rations : recepcion.wimpen@onahotels.com T\u00e9l\u00e9phones (+34) 922 741 415 (+34) 922 741 417 Fax (+34) 922 741 553","protected":false},"author":3,"featured_media":0,"parent":0,"menu_order":0,"comment_status":"closed","ping_status":"closed","template":"","meta":{"inline_featured_image":false,"_genesis_hide_title":false,"_genesis_hide_breadcrumbs":false,"_genesis_hide_singular_image":false,"_genesis_hide_footer_widgets":false,"_genesis_custom_body_class":"menu-transparent","_genesis_custom_post_class":"","_genesis_layout":"","footnotes":""},"class_list":{"0":"post-11440","1":"page","2":"type-page","3":"status-publish","5":"entry"},"_links":{"self":[{"href":"https:\/\/wimpen.net\/fr\/wp-json\/wp\/v2\/pages\/11440","targetHints":{"allow":["GET"]}}],"collection":[{"href":"https:\/\/wimpen.net\/fr\/wp-json\/wp\/v2\/pages"}],"about":[{"href":"https:\/\/wimpen.net\/fr\/wp-json\/wp\/v2\/types\/page"}],"author":[{"embeddable":true,"href":"https:\/\/wimpen.net\/fr\/wp-json\/wp\/v2\/users\/3"}],"replies":[{"embeddable":true,"href":"https:\/\/wimpen.net\/fr\/wp-json\/wp\/v2\/comments?post=11440"}],"version-history":[{"count":6,"href":"https:\/\/wimpen.net\/fr\/wp-json\/wp\/v2\/pages\/11440\/revisions"}],"predecessor-version":[{"id":15355,"href":"https:\/\/wimpen.net\/fr\/wp-json\/wp\/v2\/pages\/11440\/revisions\/15355"}],"wp:attachment":[{"href":"https:\/\/wimpen.net\/fr\/wp-json\/wp\/v2\/media?parent=11440"}],"curies":[{"name":"wp","href":"https:\/\/api.w.org\/{rel}","templated":true}]}}