{"id":5810,"date":"2022-05-06T09:07:31","date_gmt":"2022-05-06T09:07:31","guid":{"rendered":"https:\/\/test.wimpen.net\/?page_id=5810"},"modified":"2022-05-06T09:07:59","modified_gmt":"2022-05-06T09:07:59","slug":"aviso-legal","status":"publish","type":"page","link":"https:\/\/wimpen.net\/es\/aviso-legal\/","title":{"rendered":"Aviso Legal"},"content":{"rendered":"\t\t<div data-elementor-type=\"wp-page\" data-elementor-id=\"5810\" class=\"elementor elementor-5810\">\n\t\t\t\t\t\t<section class=\"elementor-section elementor-top-section elementor-element elementor-element-9ac88b6 elementor-section-boxed elementor-section-height-default elementor-section-height-default\" data-id=\"9ac88b6\" data-element_type=\"section\">\n\t\t\t\t\t\t<div class=\"elementor-container elementor-column-gap-default\">\n\t\t\t\t\t<div class=\"elementor-column elementor-col-100 elementor-top-column elementor-element elementor-element-7445b6f\" data-id=\"7445b6f\" data-element_type=\"column\">\n\t\t\t<div class=\"elementor-widget-wrap elementor-element-populated\">\n\t\t\t\t\t\t<div class=\"elementor-element elementor-element-f2bab34 elementor-widget elementor-widget-text-editor\" data-id=\"f2bab34\" data-element_type=\"widget\" data-widget_type=\"text-editor.default\">\n\t\t\t\t<div class=\"elementor-widget-container\">\n\t\t\t\t\t\t\t<h2>AVISO LEGAL<\/h2><p>\u00a0<\/p><p><strong>1.- Derecho de la informaci\u00f3n<\/strong><\/p><p><strong>\u00a0<\/strong><\/p><p>Le informamos que la titularidad del Sitio Web a trav\u00e9s del dominio: <a href=\"https:\/\/test.wimpen.net\/\">www.wimpen.net<\/a> (en adelante, el \u201c<strong><em>Sitio Web<\/em><\/strong>\u201d), es titularidad de WIMPEN LEISURE MANAGEMENT SA (en adelante, <strong><em>\u201cWimpen\u201d<\/em><\/strong>), con N.I.F.: A38379541 y domicilio social en Urb. Gran azul Playa Paraiso, 11, Adeje, 38670 Tenerife.<\/p><p>\u00a0<\/p><p>El acceso y\/o o uso del sitio web le atribuye la condici\u00f3n de usuario, y acepta, desde dicho acceso y\/o uso, el presente Aviso Legal.<\/p><p>\u00a0<\/p><p>El usuario (en adelante, el \u201c<strong><em>Usuario<\/em><\/strong>\u201d) puede ponerse en contacto con WIMPEN a trav\u00e9s de la siguiente direcci\u00f3n de correo electr\u00f3nico: <a name=\"_Toc525719689\"><\/a><a href=\"mailto:reservas@wimpen.com\">reservas@wimpen.com<\/a><\/p><p>\u00a0<\/p><p><strong>2.- Uso<\/strong><strong> del Sitio web<\/strong><\/p><p><strong>\u00a0<\/strong><\/p><p>El Usuario asume la responsabilidad del uso del Sitio Web de WIMPEN. El Sitio Web puede proporcionar acceso a multitud de textos, gr\u00e1ficos, dibujos, dise\u00f1os, fotograf\u00edas, contenidos multimedia, e informaciones (en adelante, los \u00ab<strong><em>Contenidos<\/em><\/strong>\u00ab) pertenecientes a WIMPEN o a terceros a los que el Usuario puede tener acceso.<\/p><p>\u00a0<\/p><p>El Usuario se compromete a hacer un uso adecuado de los Contenidos y Servicios ofrecidos a trav\u00e9s del Sitio Web y con car\u00e1cter enunciativo, pero no limitativo, a no emplearlos para:<\/p><p>\u00a0<\/p><ul><li>Incurrir en actividades il\u00edcitas, ilegales o contrarias a la buena fe y al orden p\u00fablico.<\/li><\/ul><p>\u00a0<\/p><ul><li>Provocar da\u00f1os en los sistemas f\u00edsicos y l\u00f3gicos del Sitio Web de WIMPEN, de sus proveedores o de terceras personas.<\/li><\/ul><p>\u00a0<\/p><ul><li>Introducir o difundir en la red virus inform\u00e1ticos o cualesquiera otros sistemas f\u00edsicos o l\u00f3gicos que sean susceptibles de provocar los da\u00f1os anteriormente mencionados.<\/li><\/ul><p>\u00a0<\/p><ul><li>Intentar acceder, utilizar y\/o manipular los datos de WIMPEN terceros proveedores y otros usuarios.<\/li><\/ul><p>\u00a0<\/p><ul><li>Reproducir o copiar, distribuir, permitir el acceso del p\u00fablico a trav\u00e9s de cualquier modalidad de comunicaci\u00f3n p\u00fablica, transformar o modificar los Contenidos, a menos que se cuente con la autorizaci\u00f3n de WIMPEN.<\/li><\/ul><p><strong>\u00a0<\/strong><\/p><ul><li>Suprimir, ocultar o manipular los Contenidos sujetos a derechos de propiedad intelectual o industrial y dem\u00e1s datos identificativos de dichos derechos de WIMPEN o de terceros incorporados a los Contenidos, as\u00ed como los dispositivos t\u00e9cnicos de protecci\u00f3n o cualesquiera mecanismos de informaci\u00f3n que puedan insertarse en los Contenidos.<\/li><\/ul><p>\u00a0<\/p><p>WIMPEN advierte de que los materiales contenidos en este sitio web han sido incluidos a mero t\u00edtulo informativo, por lo que resultan insuficientes para tomar decisiones o asumir posiciones en un caso concreto.<\/p><p>\u00a0<\/p><p>El Usuario debe tener en cuenta que los materiales contenidos en este sitio web pudieran no reflejar el estado legislativo o jurisprudencial m\u00e1s reciente sobre las cuestiones analizadas. Asimismo, estos materiales pueden ser modificados, desarrollados o actualizados sin notificaci\u00f3n previa.<\/p><p>\u00a0<\/p><p>WIMPEN tendr\u00e1 derecho a investigar y denunciar cualquiera de las conductas mencionadas de acuerdo con la Ley, as\u00ed como a colaborar con las autoridades en la investigaci\u00f3n de dichas actuaciones.<\/p><p>\u00a0<\/p><p>WIMPEN podr\u00e1 suspender temporalmente y sin previo aviso, la accesibilidad al Sitio Web con motivo de operaciones de mantenimiento, reparaci\u00f3n, actualizaci\u00f3n o mejora. No obstante, siempre que las circunstancias lo permitan, WIMPEN comunicar\u00e1 al Usuario, con antelaci\u00f3n suficiente, la fecha prevista para la suspensi\u00f3n de los Servicios. WIMPEN no se responsabiliza del uso que los Usuarios puedan hacer de los Contenidos incluidos en el Sitio Web.<\/p><p>\u00a0<\/p><p><a name=\"_Toc525719690\"><\/a><strong>3.- Propiedad Intelectual e Industrial<\/strong><\/p><p><strong>\u00a0<\/strong><\/p><p>Todos los derechos de propiedad intelectual del Contenido del Sitio Web y su dise\u00f1o gr\u00e1fico son propiedad exclusiva de WIMPEN, o bien de un tercero que ha autorizado la utilizaci\u00f3n de estos, por lo que es a WIMPEN a quien le corresponde el ejercicio exclusivo de los derechos de explotaci\u00f3n de estos. Por ello y en virtud de lo dispuesto en la legislaci\u00f3n aplicable en materia de Derechos de Propiedad Intelectual e Industrial.<\/p><p>\u00a0<\/p><p>WIMPEN no concede ninguna licencia o autorizaci\u00f3n de uso de ninguna clase sobre sus derechos de propiedad intelectual e industrial o sobre cualquier otra propiedad o derecho relacionado con el Sitio Web, los Servicios o los Contenidos de este.<\/p><p>\u00a0<\/p><p>Se permite la reproducci\u00f3n y almacenamiento temporal de los contenidos del Sitio Web en tanto ello sea estrictamente necesario para el uso y visualizaci\u00f3n del Sitio Web desde un dispositivo personal.<\/p><p>\u00a0<\/p><p>La legitimidad de los derechos de propiedad intelectual o industrial correspondientes a los Contenidos aportados por los usuarios es responsabilidad exclusiva de los mismos, por lo que el Usuario mantendr\u00e1 indemne a WIMPEN de cualquier reclamaci\u00f3n de terceros derivada de la utilizaci\u00f3n il\u00edcita de Contenidos en el Sitio Web.<\/p><p><strong>\u00a0<\/strong><\/p><p><a name=\"_Toc525719691\"><\/a><strong>4.- Responsabilidad y Garant\u00edas<\/strong><\/p><p><strong>\u00a0<\/strong><\/p><p>WIMPEN declara que ha adoptado las medidas necesarias que, dentro de sus posibilidades y el estado de la tecnolog\u00eda, permitan el correcto funcionamiento de su Sitio Web, as\u00ed como la ausencia de virus y componentes da\u00f1inos. Sin embargo, WIMPEN no puede hacerse responsable de:<\/p><p>\u00a0<\/p><ul><li>La continuidad y disponibilidad de los Contenidos y Servicios.<\/li><\/ul><p>\u00a0<\/p><ul><li>La ausencia de errores en dichos Contenidos ni la correcci\u00f3n de cualquier defecto que pudiera ocurrir.<\/li><\/ul><p><strong>\u00a0<\/strong><\/p><ul><li>La ausencia de virus y\/o dem\u00e1s componentes da\u00f1inos.<\/li><\/ul><p>\u00a0<\/p><ul><li>Los da\u00f1os o perjuicios que cause cualquier persona que vulnere los sistemas de seguridad de WIMPEN.<\/li><\/ul><p>\u00a0<\/p><p>Las aportaciones que se pueden encontrar en estas p\u00e1ginas se han realizado \u00fanicamente a t\u00edtulo informativo. WIMPEN no garantiza la integridad, exactitud y actualidad de sus contenidos.<\/p><p>\u00a0<\/p><p>WIMPEN no asume ninguna responsabilidad sobre los enlaces a otras p\u00e1ginas web que se encuentren en el Sitio Web pudiendo dirigir al Usuario a otros sitios web sobre los que WIMPEN no tiene ning\u00fan tipo de control, por lo que la inclusi\u00f3n de v\u00ednculos a otros sitios web no implica la aprobaci\u00f3n de sus contenidos por parte de WIMPEN ni la existencia de ning\u00fan tipo de asociaci\u00f3n entre WIMPEN y sus titulares. Por ello el Usuario accede bajo su exclusiva responsabilidad al Contenido y en las condiciones de uso que rijan en los mismos.<\/p><p>\u00a0<\/p><p><strong>\u00a0<a name=\"_Toc525719692\"><\/a>5.- Duraci\u00f3n y modificaci\u00f3n<\/strong><\/p><p><strong>\u00a0<\/strong><\/p><p>El presente Aviso Legal estar\u00e1 vigente con car\u00e1cter indefinido, pudiendo WIMPEN efectuar cambios sobre las condiciones especificadas en el mismo, y que entrar\u00e1n en vigor desde el momento de su publicaci\u00f3n.<\/p><p>\u00a0<\/p><p>WIMPEN podr\u00e1 suprimir, a\u00f1adir o cambiar tanto los Contenidos como los Servicios que presta, as\u00ed como tambi\u00e9n la forma en la que los mismos aparezcan localizados o presentados. Se entienden como vigentes, las condiciones que est\u00e9n publicadas en el momento en el que el Usuario acceda al Sitio Web de WIMPEN.<\/p><p>\u00a0<\/p><p>El acceso y\/o el uso del Sitio Web se entender\u00e1 como una aceptaci\u00f3n por parte del Usuario del presente Aviso Legal y sus condiciones y, en su caso, los cambios efectuados en las mismas.<\/p>\t\t\t\t\t\t<\/div>\n\t\t\t\t<\/div>\n\t\t\t\t\t<\/div>\n\t\t<\/div>\n\t\t\t\t\t<\/div>\n\t\t<\/section>\n\t\t\t\t<\/div>\n\t\t","protected":false},"excerpt":{"rendered":"AVISO LEGAL\u00a01.- Derecho de la informaci\u00f3n\u00a0Le informamos que la titularidad del Sitio Web a trav\u00e9s del dominio: www.wimpen.net (en adelante, el \u201cSitio Web\u201d), es titularidad de WIMPEN LEISURE MANAGEMENT SA (en adelante, \u201cWimpen\u201d), con N.I.F.: A38379541 y domicilio social en Urb. Gran azul Playa Paraiso, 11, Adeje, 38670 Tenerife.\u00a0El acceso y\/o o uso del sitio [&hellip;]","protected":false},"author":3,"featured_media":0,"parent":0,"menu_order":0,"comment_status":"closed","ping_status":"closed","template":"","meta":{"inline_featured_image":false,"_genesis_hide_title":false,"_genesis_hide_breadcrumbs":false,"_genesis_hide_singular_image":false,"_genesis_hide_footer_widgets":false,"_genesis_custom_body_class":"","_genesis_custom_post_class":"","_genesis_layout":"","footnotes":""},"class_list":{"0":"post-5810","1":"page","2":"type-page","3":"status-publish","5":"entry"},"_links":{"self":[{"href":"https:\/\/wimpen.net\/es\/wp-json\/wp\/v2\/pages\/5810","targetHints":{"allow":["GET"]}}],"collection":[{"href":"https:\/\/wimpen.net\/es\/wp-json\/wp\/v2\/pages"}],"about":[{"href":"https:\/\/wimpen.net\/es\/wp-json\/wp\/v2\/types\/page"}],"author":[{"embeddable":true,"href":"https:\/\/wimpen.net\/es\/wp-json\/wp\/v2\/users\/3"}],"replies":[{"embeddable":true,"href":"https:\/\/wimpen.net\/es\/wp-json\/wp\/v2\/comments?post=5810"}],"version-history":[{"count":0,"href":"https:\/\/wimpen.net\/es\/wp-json\/wp\/v2\/pages\/5810\/revisions"}],"wp:attachment":[{"href":"https:\/\/wimpen.net\/es\/wp-json\/wp\/v2\/media?parent=5810"}],"curies":[{"name":"wp","href":"https:\/\/api.w.org\/{rel}","templated":true}]}}