{"id":5787,"date":"2022-05-06T08:31:03","date_gmt":"2022-05-06T08:31:03","guid":{"rendered":"https:\/\/test.wimpen.net\/?page_id=5787"},"modified":"2024-08-27T08:24:53","modified_gmt":"2024-08-27T08:24:53","slug":"politica-de-privacidad","status":"publish","type":"page","link":"https:\/\/wimpen.net\/es\/politica-de-privacidad\/","title":{"rendered":"Pol\u00edtica de privacidad"},"content":{"rendered":"\t\t<div data-elementor-type=\"wp-page\" data-elementor-id=\"5787\" class=\"elementor elementor-5787 elementor-9634\">\n\t\t\t\t\t\t<section class=\"elementor-section elementor-top-section elementor-element elementor-element-9ac88b6 elementor-section-boxed elementor-section-height-default elementor-section-height-default\" data-id=\"9ac88b6\" data-element_type=\"section\">\n\t\t\t\t\t\t<div class=\"elementor-container elementor-column-gap-default\">\n\t\t\t\t\t<div class=\"elementor-column elementor-col-100 elementor-top-column elementor-element elementor-element-7445b6f\" data-id=\"7445b6f\" data-element_type=\"column\">\n\t\t\t<div class=\"elementor-widget-wrap elementor-element-populated\">\n\t\t\t\t\t\t<div class=\"elementor-element elementor-element-f2bab34 elementor-widget elementor-widget-text-editor\" data-id=\"f2bab34\" data-element_type=\"widget\" data-widget_type=\"text-editor.default\">\n\t\t\t\t<div class=\"elementor-widget-container\">\n\t\t\t\t\t\t\t<h2>POL\u00cdTICA DE PRIVACIDAD<\/h2>\n<div><br><\/div>\n<p><\/p>\n<p><strong>1.- \u00bfQui\u00e9n es el responsable del tratamiento de sus datos?<\/strong><\/p>\n<p>El responsable del tratamiento de sus datos personales es WIMPEN LEISURE MANAGEMENT SA (en adelante, \u201c<strong><em>WIMPEN<\/em><\/strong><strong><em>\u201d<\/em><\/strong>), con N.I.F.: A38379541 y domicilio social en C\/ Los \u00c1ngeles s\/n, Beverley Hills Heights, 38650 Los Cristianos, Arona.<\/p>\n<p><\/p>\n<p>Le informamos que la titularidad de este Sitio Web a trav\u00e9s del dominio <a href=\"https:\/\/test.wimpen.net\">www.wimpen.net<\/a>&nbsp; (en adelante, el \u201c<strong><em>Sitio Web<\/em><\/strong>\u201d), es de WIMPEN.<\/p>\n<p><\/p>\n<p>El acceso y\/o uso del Sitio Web, le atribuye la condici\u00f3n de Usuario (en adelante, el \u00ab<strong><em>Usuario<\/em><\/strong>\u00ab), e implica la aceptaci\u00f3n, desde dicho acceso y\/o uso, de la presente Pol\u00edtica de Privacidad.<\/p>\n<p><\/p>\n<p>El Usuario podr\u00e1 contactar con WIMPEN en la siguiente direcci\u00f3n de correo electr\u00f3nico<a><\/a>&nbsp;<a href=\"mailto:owner@wimpen.com\" target=\"_blank\" style=\"font-size: var( --e-global-typography-primary-font-size ); font-weight: var( --e-global-typography-primary-font-weight );\">owner@wimpen.com<\/a><\/p>\n<p><br><\/p>\n<p><\/p>\n<p><strong>2.- \u00bfPor qu\u00e9 WIMPEN<\/strong> <strong>est\u00e1 legitimado para llevar a cabo el tratamiento de datos?<\/strong><\/p>\n<p>WIMPEN est\u00e1 legitimada para tratar sus datos para poder llevar a cabo la prestaci\u00f3n de sus servicios.<\/p>\n<p><\/p>\n<p>Asimismo, WIMPEN est\u00e1 legitimada para tratar sus datos basados en el consentimiento solicitado al Usuario o en un inter\u00e9s leg\u00edtimo si procede.<\/p>\n<p><\/p>\n<p>WIMPEN se toma muy en serio la protecci\u00f3n de su privacidad y de sus datos personales. Por lo tanto, su informaci\u00f3n personal se conserva de forma segura y se trata con el m\u00e1ximo cuidado.<\/p>\n<p><\/p>\n<p>La presente Pol\u00edtica de Privacidad regula el acceso y el uso al servicio (en adelante, el \u201c<strong><em>Servicio<\/em><\/strong>\u201d) que WIMPEN pone a disposici\u00f3n del Usuario interesado en los servicios.<\/p>\n<p><\/p>\n<p>En este sentido, las bases de legitimaci\u00f3n utilizadas por WIMPEN para el tratamiento de los datos de los Usuarios son:<\/p>\n<p><\/p>\n<ul>\n<li>La ejecuci\u00f3n contractual.<\/li>\n<\/ul>\n<ul>\n<li>El consentimiento de los Usuarios al tratamiento de sus datos personales para las finalidades especificadas en cada caso.<\/li>\n<\/ul>\n<div><br><\/div>\n<p><strong>3.- \u00bfCu\u00e1les son<\/strong><strong> las<\/strong> <strong>finalidades del tratamiento de sus datos de car<\/strong><strong>\u00e1cter personal<\/strong><strong> por parte de<\/strong> <strong>WIMPEN<\/strong><strong>?<\/strong><\/p>\n<p><a><\/a>Sus datos de car\u00e1cter personal recabados por WIMPEN podr\u00e1n ser utilizados para las siguientes finalidades, seg\u00fan el consentimiento otorgado en el formulario de registro correspondiente:<\/p>\n<ul>\n<li>La prestaci\u00f3n de los servicios de WIMPEN.<\/li>\n<\/ul>\n<p>Para la prestaci\u00f3n del servicio demandado por el Usuario, WIMPEN necesitar\u00e1 tratar datos personales obtenidos a partir de la informaci\u00f3n que el Usuario facilite a WIMPEN.<\/p>\n<p>Le informamos de que WIMPEN es proactivo en la protecci\u00f3n de su privacidad y sus datos personales y, en concreto, sobre los datos especialmente protegidos relacionados con su salud.<\/p>\n<p><\/p>\n<ul>\n<li>El env\u00edo de comunicaciones comerciales y\/o <em>Newsletter<\/em> por parte de WIMPEN.<\/li>\n<\/ul>\n<p>Si as\u00ed lo ha consentido el Usuario, sus datos personales podr\u00e1n ser utilizados para enviarle por carta, tel\u00e9fono, correo electr\u00f3nico, SMS\/MMS, o por otros medios de comunicaci\u00f3n electr\u00f3nica equivalentes, comunicaciones comerciales o informaci\u00f3n de WIMPEN.<\/p>\n<p><\/p>\n<ul>\n<li>Cesiones de datos a terceras empresas.<\/li>\n<\/ul>\n<p>Al otorgar su consentimiento en cuanto a la cesi\u00f3n de datos conforme a las preferencias indicadas en el formulario correspondiente, el usuario consiente expresamente que sus datos puedan ser cedidos a las empresas del sector de la hosteler\u00eda CLUBOTEL LA DORADA, S.L , BAH\u00cdA BLANCA LEISURE, S.L. y EXCEL HOTELS &amp; RESORTS, S.A. La finalidad de la cesi\u00f3n ser\u00e1 el env\u00edo, por carta, tel\u00e9fono, correo electr\u00f3nico, SMS\/MMS, o por otros medios de comunicaci\u00f3n electr\u00f3nica equivalentes por parte de estas empresas de informaci\u00f3n y comunicaciones comerciales relacionadas con el sector de la hosteler\u00eda que puedan resultar de su inter\u00e9s.<\/p>\n<p><br><\/p>\n<p><\/p>\n<p><strong>4.- Veracidad de los datos facilitados por los Usuarios y datos de menores<\/strong><\/p>\n<p>El Usuario garantiza que los datos personales facilitados son veraces y se hace responsable de comunicar a WIMPEN cualquier modificaci\u00f3n de estos. El Usuario responder\u00e1, en cualquier caso, de la veracidad de los datos facilitados, reserv\u00e1ndose WIMPEN el derecho a excluir de los Servicios registrados a todo Usuario que haya facilitado datos falsos, sin perjuicio de las dem\u00e1s acciones que procedan en Derecho.<\/p>\n<p><br><\/p>\n<p><\/p>\n<p><a><\/a><strong>5.-Conservaci\u00f3n de los datos<\/strong><\/p>\n<p>Los datos personales proporcionados se conservar\u00e1n por parte de WIMPEN mientras el Usuario no manifieste su voluntad de darse de baja de los servicios de WIMPEN, y ello con la finalidad de recibir informaci\u00f3n sobre los servicios de la empresa. Posteriormente, en caso de ser necesario, WIMPEN mantendr\u00e1 la informaci\u00f3n bloqueada los plazos legalmente establecidos.<\/p>\n<p><br><\/p>\n<p><\/p>\n<p><a><\/a><strong>6.- Derechos del Usuario en relaci<\/strong><strong>\u00f3n con sus<\/strong><strong> datos<\/strong><\/p>\n<p>El Usuario tiene derecho a<\/p>\n<p><\/p>\n<ul>\n<li>Acceder a sus datos personales.<\/li>\n<\/ul>\n<ul>\n<li>Solicitar la rectificaci\u00f3n de los datos inexactos<\/li>\n<\/ul>\n<ul>\n<li>Solicitar su supresi\u00f3n.<\/li>\n<\/ul>\n<ul>\n<li>Solicitar la limitaci\u00f3n del tratamiento de sus datos.<\/li>\n<\/ul>\n<ul>\n<li>Oponerse al tratamiento de sus datos.<\/li>\n<\/ul>\n<ul>\n<li>Solicitar su portabilidad.<\/li>\n<\/ul>\n<ul>\n<li>No ser objeto de decisiones individuales automatizadas.<\/li>\n<\/ul>\n<p>El Usuario puede ejercer todos estos derechos en la siguiente direcci\u00f3n de email&nbsp;<a href=\"mailto:owner@wimpen.com\" target=\"_blank\">owner@wimpen.com<\/a>&nbsp;indicando el motivo de su petici\u00f3n y aportando una copia de su D.N.I.<\/p>\n<p><sup>&nbsp;<\/sup><\/p>\n<p>El Usuario puede tambi\u00e9n enviar su petici\u00f3n por correo ordinario a la siguiente direcci\u00f3n:<\/p>\n<p><\/p>\n<p><strong>WIMPEN LEISURE MANAGEMENT SA<\/strong><\/p>\n<p>CIF: A38379541<\/p>\n<p>C\/ Los \u00c1ngeles s\/n, Beverley Hills Heights, 38650 Los Cristianos, Arona<\/p>\n<p><\/p>\n<p>Sin perjuicio de cualquier otro recurso administrativo o acci\u00f3n judicial, el Usuario tendr\u00e1 derecho a presentar una reclamaci\u00f3n ante una Autoridad de Control, en particular en el Estado miembro en el que tenga su residencia habitual, lugar de trabajo o lugar de la supuesta infracci\u00f3n, en caso de que considere que el tratamiento de sus datos personales no es adecuado a la normativa, as\u00ed como en el caso de no ver satisfecho el ejercicio de sus derechos. La autoridad de control ante la que se haya presentado la reclamaci\u00f3n informar\u00e1 al reclamante sobre el curso y el resultado de la reclamaci\u00f3n.<\/p>\n<p><br><\/p>\n<p><\/p>\n<p><a><\/a><strong>7.- Seguridad de los datos<\/strong><\/p>\n<p>La protecci\u00f3n de la privacidad y los datos personales de los Usuarios es muy importante para WIMPEN. Por lo tanto, WIMPEN hace todo lo que est\u00e1 en su mano para impedir que sus datos se utilicen de forma inadecuada, permitiendo el acceso a los mismos \u00fanicamente a personal autorizado.<\/p>\n<p><\/p>\n<p>WIMPEN mantiene los niveles de seguridad de protecci\u00f3n de datos personales conforme a la normativa aplicable y ha establecido todos los medios t\u00e9cnicos a su alcance para evitar la p\u00e9rdida, mal uso, alteraci\u00f3n, acceso no autorizado y robo de los datos que el Usuario facilite a trav\u00e9s del Sitio Web sin perjuicio de informarle de que las medidas de seguridad en Internet no son inexpugnables.<\/p>\n<p><\/p>\n<p>WIMPEN se compromete a cumplir con el deber de secreto y confidencialidad respecto de los datos personales de acuerdo con la legislaci\u00f3n aplicable, as\u00ed como a conferirles un tratamiento seguro en las cesiones y transferencias internacionales de datos que, en su caso, puedan producirse.<\/p>\n<p><\/p>\n<p>En aquellos servicios del Sitio Web que precisen registrarse como Usuario, se deber\u00e1 elegir una contrase\u00f1a. El Usuario es el responsable de mantener la confidencialidad de esta contrase\u00f1a, as\u00ed como de todas las actividades que ocurran en la sesi\u00f3n iniciada con su nombre y contrase\u00f1a.<\/p>\n<p><\/p>\n<p>El Usuario se compromete a notificar WIMPEN a la mayor brevedad el uso no autorizado de su nombre de Usuario y\/o contrase\u00f1a o cualquier otro fallo en la seguridad. WIMPEN no ser\u00e1 responsable por los da\u00f1os o p\u00e9rdidas que se pudieran originar debido al no cumplimiento de esta obligaci\u00f3n por parte del Usuario.<\/p>\n<p><br><\/p>\n<p><\/p>\n<p><a><\/a><strong>8.-Cambios<\/strong><\/p>\n<p>WIMPEN se reserva el derecho de revisar su Pol\u00edtica de Privacidad en el momento que considere oportuno. Por esta raz\u00f3n, le rogamos que compruebe de forma regular esta Pol\u00edtica de Privacidad para leer la versi\u00f3n m\u00e1s reciente de la misma.<\/p>\n<p><\/p>\n<p>No obstante, cualquier cambio que se produzca en la presente Pol\u00edtica de Privacidad se comunicar\u00e1 al Usuario.<\/p>\n<p><br><\/p>\n<p><\/p>\n<p><a><\/a><strong>9.- Links a p\u00e1ginas web<\/strong><\/p>\n<p>EL Sitio Web de WIMPEN podr\u00eda contener links a p\u00e1ginas web de compa\u00f1\u00edas y entidades de terceros. WIMPEN no puede hacerse responsable de la forma en la que estas compa\u00f1\u00edas tratan la protecci\u00f3n de la privacidad y de los datos personales, por lo que le aconsejamos que lea detenidamente las declaraciones de Pol\u00edtica de Privacidad de estas p\u00e1ginas web que no son propiedad de WIMPEN con relaci\u00f3n al uso, procesamiento y protecci\u00f3n de datos personales.<\/p>\n<p><\/p>\n<p>Las condiciones que ofrecen estas p\u00e1ginas web pueden no ser las mismas que las que ofrece WIMPEN.<\/p>\n<p><br><\/p>\n<p><\/p>\n<p><a><\/a><strong>10.- Preguntas<\/strong><\/p>\n<p>Si tienen alguna pregunta sobre esta Pol\u00edtica de Privacidad o el tratamiento de sus datos rogamos que se ponga en contacto con WIMPEN mediante correo electr\u00f3nico dirigido a la siguiente direcci\u00f3n de correo electr\u00f3nico<a><\/a>:&nbsp;<a href=\"mailto:owner@wimpen.com\" target=\"_blank\" style=\"font-size: var( --e-global-typography-primary-font-size ); font-weight: var( --e-global-typography-primary-font-weight );\">owner@wimpen.com<\/a><\/p>\n<p><br><\/p>\n<p><\/p>\n<p><strong>11.- Aceptaci\u00f3n y Consentimiento<\/strong>.<\/p>\n<p><\/p>\n<p>El Usuario declara haber sido informado de las condiciones sobre protecci\u00f3n de datos personales, aceptando y consintiendo el tratamiento de estos por parte de WIMPEN, en la forma y para las finalidades indicadas en la presente Pol\u00edtica de Privacidad.<\/p><p><br><\/p>\n<p><\/p>\t\t\t\t\t\t<\/div>\n\t\t\t\t<\/div>\n\t\t\t\t\t<\/div>\n\t\t<\/div>\n\t\t\t\t\t<\/div>\n\t\t<\/section>\n\t\t\t\t<\/div>\n\t\t","protected":false},"excerpt":{"rendered":"POL\u00cdTICA DE PRIVACIDAD 1.- \u00bfQui\u00e9n es el responsable del tratamiento de sus datos? El responsable del tratamiento de sus datos personales es WIMPEN LEISURE MANAGEMENT SA (en adelante, \u201cWIMPEN\u201d), con N.I.F.: A38379541 y domicilio social en C\/ Los \u00c1ngeles s\/n, Beverley Hills Heights, 38650 Los Cristianos, Arona. Le informamos que la titularidad de este Sitio [&hellip;]","protected":false},"author":3,"featured_media":0,"parent":0,"menu_order":0,"comment_status":"closed","ping_status":"closed","template":"","meta":{"inline_featured_image":false,"_genesis_hide_title":false,"_genesis_hide_breadcrumbs":false,"_genesis_hide_singular_image":false,"_genesis_hide_footer_widgets":false,"_genesis_custom_body_class":"","_genesis_custom_post_class":"","_genesis_layout":"","footnotes":""},"class_list":{"0":"post-5787","1":"page","2":"type-page","3":"status-publish","5":"entry"},"_links":{"self":[{"href":"https:\/\/wimpen.net\/es\/wp-json\/wp\/v2\/pages\/5787","targetHints":{"allow":["GET"]}}],"collection":[{"href":"https:\/\/wimpen.net\/es\/wp-json\/wp\/v2\/pages"}],"about":[{"href":"https:\/\/wimpen.net\/es\/wp-json\/wp\/v2\/types\/page"}],"author":[{"embeddable":true,"href":"https:\/\/wimpen.net\/es\/wp-json\/wp\/v2\/users\/3"}],"replies":[{"embeddable":true,"href":"https:\/\/wimpen.net\/es\/wp-json\/wp\/v2\/comments?post=5787"}],"version-history":[{"count":0,"href":"https:\/\/wimpen.net\/es\/wp-json\/wp\/v2\/pages\/5787\/revisions"}],"wp:attachment":[{"href":"https:\/\/wimpen.net\/es\/wp-json\/wp\/v2\/media?parent=5787"}],"curies":[{"name":"wp","href":"https:\/\/api.w.org\/{rel}","templated":true}]}}