{"id":397,"date":"2022-03-09T09:20:44","date_gmt":"2022-03-09T09:20:44","guid":{"rendered":"https:\/\/test.wimpen.net\/?page_id=397"},"modified":"2023-12-05T12:02:02","modified_gmt":"2023-12-05T12:02:02","slug":"about","status":"publish","type":"page","link":"https:\/\/wimpen.net\/es\/about\/","title":{"rendered":"Sobre Wimpen"},"content":{"rendered":"\t\t<div data-elementor-type=\"wp-page\" data-elementor-id=\"397\" class=\"elementor elementor-397 elementor-8372\">\n\t\t\t\t\t\t<section class=\"elementor-section elementor-top-section elementor-element elementor-element-ef6d465 elementor-section-height-min-height resort-slider-heading elementor-hidden-mobile elementor-section-boxed elementor-section-height-default elementor-section-items-middle\" data-id=\"ef6d465\" data-element_type=\"section\" data-settings=\"{&quot;background_background&quot;:&quot;video&quot;,&quot;background_video_link&quot;:&quot;https:\\\/\\\/test.wimpen.net\\\/wp-content\\\/uploads\\\/APARTADO-ABOUT.mp4&quot;,&quot;background_play_on_mobile&quot;:&quot;yes&quot;}\">\n\t\t\t\t\t\t\t\t<div class=\"elementor-background-video-container\">\n\t\t\t\t\t\t\t\t\t\t\t\t\t<video class=\"elementor-background-video-hosted elementor-html5-video\" autoplay muted playsinline loop><\/video>\n\t\t\t\t\t\t\t\t\t\t\t<\/div>\n\t\t\t\t\t\t\t\t\t<div class=\"elementor-background-overlay\"><\/div>\n\t\t\t\t\t\t\t<div class=\"elementor-container elementor-column-gap-default\">\n\t\t\t\t\t<div class=\"elementor-column elementor-col-100 elementor-top-column elementor-element elementor-element-cc6f422\" data-id=\"cc6f422\" data-element_type=\"column\">\n\t\t\t<div class=\"elementor-widget-wrap elementor-element-populated\">\n\t\t\t\t\t\t<div class=\"elementor-element elementor-element-6b149e9 elementor-widget elementor-widget-heading\" data-id=\"6b149e9\" data-element_type=\"widget\" data-widget_type=\"heading.default\">\n\t\t\t\t<div class=\"elementor-widget-container\">\n\t\t\t<h1 class=\"elementor-heading-title elementor-size-default\">Conoce el grupo<br>\nWimPen by Ona<\/h1>\t\t<\/div>\n\t\t\t\t<\/div>\n\t\t\t\t<div class=\"elementor-element elementor-element-c08d22c resort-slider-heading elementor-widget elementor-widget-text-editor\" data-id=\"c08d22c\" data-element_type=\"widget\" data-widget_type=\"text-editor.default\">\n\t\t\t\t<div class=\"elementor-widget-container\">\n\t\t\t\t\t\t\t<p>Una larga trayectoria es garant\u00eda de experiencia<\/p><p>y profesionalidad.<\/p>\t\t\t\t\t\t<\/div>\n\t\t\t\t<\/div>\n\t\t\t\t\t<\/div>\n\t\t<\/div>\n\t\t\t\t\t<\/div>\n\t\t<\/section>\n\t\t\t\t<section class=\"elementor-section elementor-top-section elementor-element elementor-element-57ea694 elementor-section-height-min-height resort-slider-heading elementor-section-items-bottom elementor-hidden-desktop elementor-hidden-tablet elementor-section-boxed elementor-section-height-default\" data-id=\"57ea694\" data-element_type=\"section\" data-settings=\"{&quot;background_background&quot;:&quot;video&quot;,&quot;background_video_link&quot;:&quot;https:\\\/\\\/test.wimpen.net\\\/wp-content\\\/uploads\\\/APARTADO-ABOUT.mp4&quot;,&quot;background_play_on_mobile&quot;:&quot;yes&quot;}\">\n\t\t\t\t\t\t\t\t<div class=\"elementor-background-video-container\">\n\t\t\t\t\t\t\t\t\t\t\t\t\t<video class=\"elementor-background-video-hosted elementor-html5-video\" autoplay muted playsinline loop><\/video>\n\t\t\t\t\t\t\t\t\t\t\t<\/div>\n\t\t\t\t\t\t\t\t\t<div class=\"elementor-background-overlay\"><\/div>\n\t\t\t\t\t\t\t<div class=\"elementor-container elementor-column-gap-default\">\n\t\t\t\t\t<div class=\"elementor-column elementor-col-100 elementor-top-column elementor-element elementor-element-da62e3d\" data-id=\"da62e3d\" data-element_type=\"column\">\n\t\t\t<div class=\"elementor-widget-wrap elementor-element-populated\">\n\t\t\t\t\t\t<div class=\"elementor-element elementor-element-35f3077 elementor-widget elementor-widget-heading\" data-id=\"35f3077\" data-element_type=\"widget\" data-widget_type=\"heading.default\">\n\t\t\t\t<div class=\"elementor-widget-container\">\n\t\t\t<h1 class=\"elementor-heading-title elementor-size-default\">Conoce el grupo<br>\nWimPen by Ona<\/h1>\t\t<\/div>\n\t\t\t\t<\/div>\n\t\t\t\t<div class=\"elementor-element elementor-element-fa76fc2 resort-slider-heading elementor-widget elementor-widget-text-editor\" data-id=\"fa76fc2\" data-element_type=\"widget\" data-widget_type=\"text-editor.default\">\n\t\t\t\t<div class=\"elementor-widget-container\">\n\t\t\t\t\t\t\t<p>Una larga trayectoria es garant\u00eda de experiencia<\/p><p>y profesionalidad.<\/p>\t\t\t\t\t\t<\/div>\n\t\t\t\t<\/div>\n\t\t\t\t\t<\/div>\n\t\t<\/div>\n\t\t\t\t\t<\/div>\n\t\t<\/section>\n\t\t\t\t<section class=\"elementor-section elementor-top-section elementor-element elementor-element-f9fe15a elementor-section-boxed elementor-section-height-default elementor-section-height-default\" data-id=\"f9fe15a\" data-element_type=\"section\">\n\t\t\t\t\t\t<div class=\"elementor-container elementor-column-gap-default\">\n\t\t\t\t\t<div class=\"elementor-column elementor-col-100 elementor-top-column elementor-element elementor-element-210b04d\" data-id=\"210b04d\" data-element_type=\"column\">\n\t\t\t<div class=\"elementor-widget-wrap elementor-element-populated\">\n\t\t\t\t\t\t<div class=\"elementor-element elementor-element-f3f033f elementor-widget elementor-widget-image\" data-id=\"f3f033f\" data-element_type=\"widget\" data-widget_type=\"image.default\">\n\t\t\t\t<div class=\"elementor-widget-container\">\n\t\t\t\t\t\t\t\t\t\t\t\t\t<img fetchpriority=\"high\" decoding=\"async\" width=\"1024\" height=\"410\" src=\"https:\/\/wimpen.net\/wp-content\/uploads\/ABOUT_Historia-1024x410-1.png\" class=\"attachment-large size-large wp-image-12717\" alt=\"\" srcset=\"https:\/\/wimpen.net\/wp-content\/uploads\/ABOUT_Historia-1024x410-1.png 1024w, https:\/\/wimpen.net\/wp-content\/uploads\/ABOUT_Historia-1024x410-1-300x120.png 300w, https:\/\/wimpen.net\/wp-content\/uploads\/ABOUT_Historia-1024x410-1-768x308.png 768w\" sizes=\"(max-width: 1024px) 100vw, 1024px\" \/>\t\t\t\t\t\t\t\t\t\t\t\t\t<\/div>\n\t\t\t\t<\/div>\n\t\t\t\t\t<\/div>\n\t\t<\/div>\n\t\t\t\t\t<\/div>\n\t\t<\/section>\n\t\t\t\t<section class=\"elementor-section elementor-top-section elementor-element elementor-element-426c2e4 elementor-section-boxed elementor-section-height-default elementor-section-height-default\" data-id=\"426c2e4\" data-element_type=\"section\">\n\t\t\t\t\t\t<div class=\"elementor-container elementor-column-gap-default\">\n\t\t\t\t\t<div class=\"elementor-column elementor-col-50 elementor-top-column elementor-element elementor-element-6148157\" data-id=\"6148157\" data-element_type=\"column\">\n\t\t\t<div class=\"elementor-widget-wrap elementor-element-populated\">\n\t\t\t\t\t\t<div class=\"elementor-element elementor-element-a08ad5f underlineTitle elementor-widget elementor-widget-heading\" data-id=\"a08ad5f\" data-element_type=\"widget\" data-widget_type=\"heading.default\">\n\t\t\t\t<div class=\"elementor-widget-container\">\n\t\t\t<h4 class=\"elementor-heading-title elementor-size-default\">Nuestra historia<\/h4>\t\t<\/div>\n\t\t\t\t<\/div>\n\t\t\t\t<div class=\"elementor-element elementor-element-aad244a elementor-widget elementor-widget-text-editor\" data-id=\"aad244a\" data-element_type=\"widget\" data-widget_type=\"text-editor.default\">\n\t\t\t\t<div class=\"elementor-widget-container\">\n\t\t\t\t\t\t\t<p>En WimPen, empresa perteneciente a Onagrup Vacations, contamos con 25 a\u00f1os de experiencia prestando una amplia gama de servicios a complejos tur\u00edsticos, entre ellos, la gesti\u00f3n hotelera, gastronom\u00eda, supermercados y sector wellness.<\/p><p>Los propietarios y comunidades nos encontramos en Tenerife, Lanzarote y la Costa del Sol.<\/p><p>Gracias a la reciente adquisici\u00f3n de WimPen por uno de los mayores grupos gestores de tiempo compartido de Europa, Onagrup Vacations, <strong>hoy en d\u00eda WimPen es sin\u00f3nimo de crecimiento y rentabilidad.<\/strong><\/p>\t\t\t\t\t\t<\/div>\n\t\t\t\t<\/div>\n\t\t\t\t\t<\/div>\n\t\t<\/div>\n\t\t\t\t<div class=\"elementor-column elementor-col-50 elementor-top-column elementor-element elementor-element-513788b about-scroll-img-container\" data-id=\"513788b\" data-element_type=\"column\" data-settings=\"{&quot;background_background&quot;:&quot;classic&quot;}\">\n\t\t\t<div class=\"elementor-widget-wrap elementor-element-populated\">\n\t\t\t\t\t\t<section class=\"elementor-section elementor-inner-section elementor-element elementor-element-75cb632 elementor-section-height-min-height elementor-section-boxed elementor-section-height-default\" data-id=\"75cb632\" data-element_type=\"section\">\n\t\t\t\t\t\t<div class=\"elementor-container elementor-column-gap-default\">\n\t\t\t\t\t<div class=\"elementor-column elementor-col-100 elementor-inner-column elementor-element elementor-element-fb38516\" data-id=\"fb38516\" data-element_type=\"column\" data-settings=\"{&quot;background_background&quot;:&quot;classic&quot;}\">\n\t\t\t<div class=\"elementor-widget-wrap elementor-element-populated\">\n\t\t\t\t\t\t<div class=\"elementor-element elementor-element-f35ce25 elementor-widget elementor-widget-text-editor\" data-id=\"f35ce25\" data-element_type=\"widget\" data-widget_type=\"text-editor.default\">\n\t\t\t\t<div class=\"elementor-widget-container\">\n\t\t\t\t\t\t\t<p>Crecimiento<\/p><p>continuo<\/p>\t\t\t\t\t\t<\/div>\n\t\t\t\t<\/div>\n\t\t\t\t\t<\/div>\n\t\t<\/div>\n\t\t\t\t\t<\/div>\n\t\t<\/section>\n\t\t\t\t<section class=\"elementor-section elementor-inner-section elementor-element elementor-element-2fb5b06 elementor-section-height-min-height elementor-section-boxed elementor-section-height-default\" data-id=\"2fb5b06\" data-element_type=\"section\">\n\t\t\t\t\t\t<div class=\"elementor-container elementor-column-gap-default\">\n\t\t\t\t\t<div class=\"elementor-column elementor-col-100 elementor-inner-column elementor-element elementor-element-ddc6ac1\" data-id=\"ddc6ac1\" data-element_type=\"column\" data-settings=\"{&quot;background_background&quot;:&quot;classic&quot;}\">\n\t\t\t<div class=\"elementor-widget-wrap elementor-element-populated\">\n\t\t\t\t\t\t<div class=\"elementor-element elementor-element-ae45b0c elementor-widget elementor-widget-counter\" data-id=\"ae45b0c\" data-element_type=\"widget\" data-widget_type=\"counter.default\">\n\t\t\t\t<div class=\"elementor-widget-container\">\n\t\t\t\t\t<div class=\"elementor-counter\">\n\t\t\t<div class=\"elementor-counter-title\">a\u00f1os de<br>experiencia<\/div>\t\t\t<div class=\"elementor-counter-number-wrapper\">\n\t\t\t\t<span class=\"elementor-counter-number-prefix\"><\/span>\n\t\t\t\t<span class=\"elementor-counter-number\" data-duration=\"3000\" data-to-value=\"26\" data-from-value=\"0\">0<\/span>\n\t\t\t\t<span class=\"elementor-counter-number-suffix\"><\/span>\n\t\t\t<\/div>\n\t\t<\/div>\n\t\t\t\t<\/div>\n\t\t\t\t<\/div>\n\t\t\t\t\t<\/div>\n\t\t<\/div>\n\t\t\t\t\t<\/div>\n\t\t<\/section>\n\t\t\t\t<section class=\"elementor-section elementor-inner-section elementor-element elementor-element-8c97305 elementor-section-height-min-height elementor-section-boxed elementor-section-height-default\" data-id=\"8c97305\" data-element_type=\"section\">\n\t\t\t\t\t\t<div class=\"elementor-container elementor-column-gap-default\">\n\t\t\t\t\t<div class=\"elementor-column elementor-col-100 elementor-inner-column elementor-element elementor-element-fc19c6e\" data-id=\"fc19c6e\" data-element_type=\"column\" data-settings=\"{&quot;background_background&quot;:&quot;classic&quot;}\">\n\t\t\t<div class=\"elementor-widget-wrap elementor-element-populated\">\n\t\t\t\t\t\t<div class=\"elementor-element elementor-element-9e5ebe5 elementor-widget elementor-widget-counter\" data-id=\"9e5ebe5\" data-element_type=\"widget\" data-widget_type=\"counter.default\">\n\t\t\t\t<div class=\"elementor-widget-container\">\n\t\t\t\t\t<div class=\"elementor-counter\">\n\t\t\t<div class=\"elementor-counter-title\">profesionales<br>a tu servicio<\/div>\t\t\t<div class=\"elementor-counter-number-wrapper\">\n\t\t\t\t<span class=\"elementor-counter-number-prefix\"><\/span>\n\t\t\t\t<span class=\"elementor-counter-number\" data-duration=\"3000\" data-to-value=\"214\" data-from-value=\"0\">0<\/span>\n\t\t\t\t<span class=\"elementor-counter-number-suffix\"><\/span>\n\t\t\t<\/div>\n\t\t<\/div>\n\t\t\t\t<\/div>\n\t\t\t\t<\/div>\n\t\t\t\t\t<\/div>\n\t\t<\/div>\n\t\t\t\t\t<\/div>\n\t\t<\/section>\n\t\t\t\t\t<\/div>\n\t\t<\/div>\n\t\t\t\t\t<\/div>\n\t\t<\/section>\n\t\t\t\t<section class=\"elementor-section elementor-top-section elementor-element elementor-element-7652692 reservation-form elementor-section-boxed elementor-section-height-default elementor-section-height-default\" data-id=\"7652692\" data-element_type=\"section\">\n\t\t\t\t\t\t<div class=\"elementor-container elementor-column-gap-default\">\n\t\t\t\t\t<div class=\"elementor-column elementor-col-100 elementor-top-column elementor-element elementor-element-2cf1f4e\" data-id=\"2cf1f4e\" data-element_type=\"column\">\n\t\t\t<div class=\"elementor-widget-wrap elementor-element-populated\">\n\t\t\t\t\t\t<div class=\"elementor-element elementor-element-91016f9 elementor-widget elementor-widget-shortcode\" data-id=\"91016f9\" data-element_type=\"widget\" data-widget_type=\"shortcode.default\">\n\t\t\t\t<div class=\"elementor-widget-container\">\n\t\t\t\n\n\n\t<div id=\"r-form\" class=\"r-form top\">\n\t\t<span class=\"reservation-close-btn\">X<\/span>\n\n\t\t<form action=\"#\" class=\"reservation_wimpen_form\" method=\"get\">\n\n\t\t\t<input id=\"language\" name=\"language\" type=\"hidden\" value=\"SPANISH\">\n\n\t\t\t<input type=\"hidden\" name=\"turno\" value=\"\">\n\t\t\t<input type='hidden' name='custom_body_class' value='hide_brand'>\n\n\t\t\t\t\t\t\t<div class=\"form-select destination\">\n\t\t\t\t\t<select id=\"destination\">\n\t\t\t\t\t\t<option value=\"\" selected=\"true\" disabled>Hotel o destino<\/option>\n\t\t\t\t\t\t<option value=\"https:\/\/ona-club-bena-vista-dot-ona-hotels.appspot.com\/booking1\">Club Benavista<\/option>\n\t\t\t\t\t\t<option value=\"https:\/\/ona-casitas-dot-ona-hotels.appspot.com\/booking1\">Las Casitas<\/option>\n\t\t\t\t\t\t<option value=\"https:\/\/ona-marques-dot-ona-hotels.appspot.com\/booking1\">El Marqu\u00e9s<\/option>\n\t\t\t\t\t\t<option value=\"https:\/\/ona-brisas-dot-ona-hotels.appspot.com\/booking1\">Las Brisas<\/option>\n\t\t\t\t\t\t<option value=\"https:\/\/ona-rosas-dot-ona-hotels.appspot.com\/booking1\">Las Rosas<\/option>\n\t\t\t\t\t\t<option value=\"https:\/\/ona-sueno-azul-dot-ona-hotels.appspot.com\/booking1\">Sue\u00f1o Azul<\/option>\n\t\t\t\t\t\t<option value=\"https:\/\/ona-claveles-dot-ona-hotels.appspot.com\/booking1\">Los Claveles<\/option>\n\t\t\t\t\t<\/select>\n\n\n\t\t\t\t\t<!--<select id=\"destination\">\n\t\t\t\t\t\t<option value=\"\" selected=\"true\" disabled>Hotel o destino<\/option>\n\t\t\t\t\t\t<option value=\"https:\/\/ona-campanario-dot-ona-hotels.appspot.com\/booking1\">Ona Campanario<\/option>\n\t\t\t\t\t\t<option value=\"https:\/\/ona-cala-pi-dot-ona-hotels.appspot.com\/booking1\">Ona Cala Pi<\/option>\n\t\t\t\t\t\t<option value=\"https:\/\/ona-village-cala-dor-dot-ona-hotels.appspot.com\/booking1\">Ona Village Cala D'Or<\/option>\n\t\t\t\t\t\t<option value=\"https:\/\/ona-garden-lago-dot-ona-hotels.appspot.com\/booking1\">Ona Garden Lago<\/option>\n\t\t\t\t\t\t<option value=\"https:\/\/ona-acaunada-dot-ona-hotels.appspot.com\/booking1\">Ona Aucanada<\/option>\n\t\t\t\t\t\t<option value=\"https:\/\/ona-suites-salou-dot-ona-hotels.appspot.com\/booking1\">Ona Suites Salou<\/option>\n\t\t\t\t\t\t<option value=\"https:\/\/ona-jardines-paraisol-dot-ona-hotels.appspot.com\/booking1\">Ona Jardines Paraisol<\/option>\n\t\t\t\t\t\t<option value=\"https:\/\/ona-ogisaka-dot-ona-hotels.appspot.com\/booking1\">Ona Ogisaka Garden<\/option>\n\t\t\t\t\t\t<option value=\"https:\/\/ona-aldea-mar-dot-ona-hotels.appspot.com\/booking1\">Ona Aldea del Mar<\/option>\n\t\t\t\t\t\t<option value=\"https:\/\/ona-hacienda-alamo-dot-ona-hotels.appspot.com\/booking1\">Ona Hacienda del \u00c1lamo<\/option>\n\t\t\t\t\t\t<option value=\"https:\/\/ona-marina-arpon-dot-ona-hotels.appspot.com\/booking1\">Ona Marina Arp\u00f3n<\/option>\n\t\t\t\t\t\t<option value=\"https:\/\/ona-dorada-tarter-dot-ona-hotels.appspot.com\/booking1\">Ona Dorada El Tarter<\/option>\n\t\t\t\t\t\t<option value=\"https:\/\/ona-aquamarina-dot-ona-hotels.appspot.com\/booking1\">Ona Aquamarina<\/option>\n\t\t\t\t\t\t<option value=\"https:\/\/ona-internacional-dot-ona-hotels.appspot.com\/booking1\">Ona Internacional<\/option>\n\t\t\t\t\t\t<option value=\"https:\/\/ona-las-zarzas-dot-ona-hotels.appspot.com\/booking1\">Ona las Zarzas<\/option>\n\t\t\t\t\t<\/select>-->\n\t\t\t\t<\/div>\n\t\t\t\n\t\t\t<!-- <div class=\"form-select destination\">\n\t\t\t\t<select id=\"destination\">\n\t\t\t\t\t<option selected=\"true\" disabled>Hotel o destino<\/option>\n\t\t\t\t\t<option value=\"1\">Ona Alanda Club Marbella<\/option>\n\t\t\t\t<\/select>\n\t\t\t<\/div> -->\n\n\t\t\t<input required class=\"date\" type=\"text\" id=\"datein\" name=\"startDate\" placeholder=\"Fecha entrada\" value=\"\">\n\t\t\t<input required class=\"date\" type=\"text\" id=\"dateout\" name=\"endDate\" placeholder=\"Fecha salida\" value=\"\">\n\t\t\t\n\t\t\t<div class=\"form-select adultos\">\n\t\t\t\t<select id=\"adultos\" name=\"adultsRoom1\">\n\t\t\t\t\t<option value=\"-\" selected=\"true\" disabled>Adultos<\/option>\n\t\t\t\t\t<option value=\"1\">1<\/option>\n\t\t\t\t\t<option value=\"2\">2<\/option>\n\t\t\t\t\t<option value=\"3\">3<\/option>\n\t\t\t\t\t<option value=\"4\">4<\/option>\n\t\t\t\t\t<option value=\"5\">5<\/option>\n\t\t\t\t\t<option value=\"6\">6<\/option>\n\t\t\t\t<\/select>\n\t\t\t<\/div>\n\n\t\t\t<div class=\"form-select ninos\">\n\t\t\t\t<select id=\"ninos\" name=\"childrenRoom1\">\n\t\t\t\t\t<option value=\"-\" selected=\"true\" disabled>Ni\u00f1os<\/option>\n\t\t\t\t\t<option value=\"0\">0<\/option>\n\t\t\t\t\t<option value=\"1\">1<\/option>\n\t\t\t\t\t<option value=\"2\">2<\/option>\n\t\t\t\t\t<option value=\"3\">3<\/option>\n\t\t\t\t<\/select>\n\t\t\t<\/div>\n\n\t\t\t<input type=\"text\" class=\"codigo\" id=\"codigo\" name=\"codigo\" placeholder=\"C\u00f3digo Propietario\" value=\"\" required>\n\n\t\t\t<div class=\"reservation-form-submit\">\n\t\t\t\t<span>\n\t\t\t\t\t<div class=\"elementor-widget-container\">\n\t\t\t\t\t\t<div class=\"elementor-button-wrapper\">\n\t\t\t\t\t\t\t<a href=\"\" class=\"elementor-button short\" role=\"button\">\n\t\t\t\t\t\t\t\t<span>\n\t\t\t\t\t\t\t\t\t<span class=\"elementor-button-text\">Reserva Semana Extra<\/span>\n\t\t\t\t\t\t\t\t<\/span>\n\t\t\t\t\t\t\t<\/a>\n\t\t\t\t\t\t<\/div>\n\t\t\t\t\t<\/div>\n\t\t\t\t\t<!-- <input type=\"submit\" value=\"\"> -->\n\t\t\t\t<\/span>\n\t\t\t<\/div>\n\t\t<\/form>\n\t\t\n\t<\/div>\n\t<p class=\"error_mesage\"><\/p>\n\n\t\t\t<div class=\"elementor-shortcode\"><\/div>\n\t\t\t\t<\/div>\n\t\t\t\t<\/div>\n\t\t\t\t\t<\/div>\n\t\t<\/div>\n\t\t\t\t\t<\/div>\n\t\t<\/section>\n\t\t\t\t<\/div>\n\t\t","protected":false},"excerpt":{"rendered":"Conoce el grupo WimPen by Ona Una larga trayectoria es garant\u00eda de experienciay profesionalidad. Conoce el grupo WimPen by Ona Una larga trayectoria es garant\u00eda de experienciay profesionalidad. Nuestra historia En WimPen, empresa perteneciente a Onagrup Vacations, contamos con 25 a\u00f1os de experiencia prestando una amplia gama de servicios a complejos tur\u00edsticos, entre ellos, la [&hellip;]","protected":false},"author":3,"featured_media":0,"parent":0,"menu_order":0,"comment_status":"closed","ping_status":"closed","template":"","meta":{"inline_featured_image":false,"_genesis_hide_title":false,"_genesis_hide_breadcrumbs":false,"_genesis_hide_singular_image":false,"_genesis_hide_footer_widgets":false,"_genesis_custom_body_class":"menu-transparent","_genesis_custom_post_class":"","_genesis_layout":"","footnotes":""},"class_list":{"0":"post-397","1":"page","2":"type-page","3":"status-publish","5":"entry"},"_links":{"self":[{"href":"https:\/\/wimpen.net\/es\/wp-json\/wp\/v2\/pages\/397","targetHints":{"allow":["GET"]}}],"collection":[{"href":"https:\/\/wimpen.net\/es\/wp-json\/wp\/v2\/pages"}],"about":[{"href":"https:\/\/wimpen.net\/es\/wp-json\/wp\/v2\/types\/page"}],"author":[{"embeddable":true,"href":"https:\/\/wimpen.net\/es\/wp-json\/wp\/v2\/users\/3"}],"replies":[{"embeddable":true,"href":"https:\/\/wimpen.net\/es\/wp-json\/wp\/v2\/comments?post=397"}],"version-history":[{"count":0,"href":"https:\/\/wimpen.net\/es\/wp-json\/wp\/v2\/pages\/397\/revisions"}],"wp:attachment":[{"href":"https:\/\/wimpen.net\/es\/wp-json\/wp\/v2\/media?parent=397"}],"curies":[{"name":"wp","href":"https:\/\/api.w.org\/{rel}","templated":true}]}}