{"id":10870,"date":"2023-05-10T14:01:40","date_gmt":"2023-05-10T14:01:40","guid":{"rendered":"https:\/\/test.wimpen.net\/?page_id=10870"},"modified":"2023-06-12T10:07:31","modified_gmt":"2023-06-12T10:07:31","slug":"wimpen-factura-print","status":"publish","type":"page","link":"https:\/\/wimpen.net\/es\/wimpen-factura-print\/","title":{"rendered":"Wimpen FACTURA (PRINT)"},"content":{"rendered":"\t\t<div data-elementor-type=\"wp-page\" data-elementor-id=\"10870\" class=\"elementor elementor-10870\">\n\t\t\t\t\t\t<section class=\"elementor-section elementor-top-section elementor-element elementor-element-de45f4f isPrivate elementor-section-boxed elementor-section-height-default elementor-section-height-default\" data-id=\"de45f4f\" data-element_type=\"section\">\n\t\t\t\t\t\t<div class=\"elementor-container elementor-column-gap-default\">\n\t\t\t\t\t<div class=\"elementor-column elementor-col-100 elementor-top-column elementor-element elementor-element-e85b0df\" data-id=\"e85b0df\" data-element_type=\"column\">\n\t\t\t<div class=\"elementor-widget-wrap elementor-element-populated\">\n\t\t\t\t\t\t<div class=\"elementor-element elementor-element-330c716 elementor-widget elementor-widget-shortcode\" data-id=\"330c716\" data-element_type=\"widget\" data-widget_type=\"shortcode.default\">\n\t\t\t\t<div class=\"elementor-widget-container\">\n\t\t\t\t\n\t<table width=\"100%\" border=\"0\" cellpadding=\"5\" cellspacing=\"0\" style=\"font-size: 11px; line-height: 17px;\">\n\t\t<tr>\n\t\t\t<td width=\"33.333333%\" style=\"vertical-align: top;\">\n\t\t\t\t<strong style=\"font-size: 13px;\">COMUNIDAD DE PROPIETARIOS<\/strong><br>\n\t\t\t\tCDA. PROP. <br>\n\t\t\t\t<br>\n\t\t\t\t\t\t\t<\/td>\n\t\t\t<td width=\"33.333333%\" style=\"vertical-align: top;text-align: center;\"><img decoding=\"async\" src=\"\" width=\"100%\" \/><\/td>\n\t\t\t<td width=\"33.333333%\" style=\"vertical-align: top;text-align: right;\">\n\t\t\t\t<strong style=\"font-size: 13px;\">\"EL ADMINISTRADOR\"<\/strong><br>\n\t\t\t\tWimpen Leisure Management SAU<br>\n\t\t\t\tCalle Los Angeles S\/N,<br>\n\t\t\t\tBajos Edificio Beverly Hills Heights,<br>\n\t\t\t\tLos Cristianos, 38650 Arona, S\/C de Tenerife, Canarias, Espa\u00f1a<br>\n\t\t\t\tE-mail: recepcion@wimpen.com\n\t\t\t\tadministracion@wimpen.com<br>\n\t\t\t\tTel: +34 922 741 415 \/ 741 417 \/ 741 576\n\t\t\t<\/td>\n\t\t<\/tr>\n\t<\/table>\n\t<table width=\"100%\" border=\"0\" cellpadding=\"5\" cellspacing=\"0\" style=\"font-size: 15px; line-height: 20px;\">\n\t\t<tr>\n\t\t\t<td style=\"vertical-align: bottom;\">\n\t\t\t\t <br>\n\t\t\t\t<br>\n\t\t\t\t<br>\n\t\t\t\t<br>\n\t\t\t\t\t\t\t<\/td>\n\t\t\t<td style=\"vertical-align: bottom; text-align: right;\">\n\t\t\t\tFecha:<br>\n\t\t\t\tFactura n\u00ba:<br>\n\t\t\t\tCuenta de propietario:\n\t\t\t<\/td>\n\t\t\t<td style=\"vertical-align: bottom; text-align: right; width: 125px;\">\n\t\t\t\t01\/01\/1970<br>\n\t\t\t\t<br>\n\t\t\t\t\t\t\t<\/td>\n\t\t<\/tr>\n\t<\/table>\n\n\t<div class=\"balance-table\">\n\t\t<table width=\"100%\" border=\"0\" cellpadding=\"5\" cellspacing=\"0\" cell>\n\t\t\t<thead>\n\t\t\t\t<tr>\n\t\t\t\t\t<th>Descripci\u00f3n<\/th>\n\t\t\t\t\t<th style=\"text-align: center;\">Cargo neto<\/th>\n\t\t\t\t<\/tr>\n\t\t\t<\/thead>\n\t\t\t<tbody>\n\t\t\t\t\t\t\t\t<tr>\n\t\t\t\t\t\t\t\t\t\t<td style=\"text-align: left; color: #505050; font-weight: bold; border-bottom: 0;\">Factura total (IGIC incluido):<\/td>\n\t\t\t\t\t\t\t\t\t\t\n\t\t\t\t\t<td style=\"text-align: center; border-bottom: 0; font-weight: bold;\">0,00 \u20ac<\/td>\n\t\t\t\t<\/tr>\n\t\t\t<\/tbody>\n\t\t<\/table>\n\t<\/div>\n\n\t<hr style=\"border: 1px dashed; display: block; height: 1px;\">\n\n\t<div style=\"border-top: 2px solid; border-bottom: 2px solid; margin-top: 35px;\">Por favor, inf\u00f3rmenos de cualquier cambio de direcci\u00f3n \/ direcci\u00f3n de correo electr\u00f3nico o n\u00famero de tel\u00e9fono:<\/div>\n\t<div style=\"border: 2px solid; display: flex; flex-direction: column; margin-top: 20px; padding: 30px; height: 160px; justify-content: space-around;\">\n\t\t<span>Cuenta de propietario: &nbsp;&nbsp;&nbsp;&nbsp;&nbsp;\/&nbsp;&nbsp;&nbsp;&nbsp;&nbsp; <\/span>\n\n\n\t\t\t\t<span>Suma de la factura de: 0,00 \u20ac <strong> \/ O declaraci\u00f3n de: 0,00<\/strong><\/span>\n\t\t\t\n\n\n\t\t\n\t<\/div>\n\n\t<p style=\"font-weight: bold; margin-top: 20px; line-height: 24px;\">Si desea que las facturas se env\u00eden por correo electr\u00f3nico, solic\u00edtelo a facturacion@wimpen.com con la direcci\u00f3n de correo electr\u00f3nico a utilizar.<\/p>\n\n\t<p style=\"width: 100%; text-align: right; font-weight: bold; margin-top: 20px;\">VER REVERSO...<\/p>\n\n\t<hr style=\"border: 1px dashed;\">\n\n\n\t<div class=\"breakpage\"><\/div>\n\t\n\n\t<div style=\"margin-top: 8mm!important;\">\n\t\t\n\n\t<style>\n\t\t@page { size: auto;  margin: 0mm; }\n\t\t.site-header{\n\t\t\tdisplay: none;\n\t\t}\n\t\t.isPrivate{\n\t\t\tmargin-top: 3mm!important;\n\t\t\tmargin: auto;\n\t\t\tpadding: 0px 20px;\n\t\t}\n\t\ttable{ font-size:15px; margin-bottom:20px; }\n\n\t\t@media print {\n\t\t  .breakpage {page-break-after: always; margin-top: 10mm;}\n\t\t}\n\t<\/style>\n\t\t\t<div class=\"elementor-shortcode\"><\/div>\n\t\t\t\t<\/div>\n\t\t\t\t<\/div>\n\t\t\t\t\t<\/div>\n\t\t<\/div>\n\t\t\t\t\t<\/div>\n\t\t<\/section>\n\t\t\t\t<\/div>\n\t\t","protected":false},"excerpt":{"rendered":"","protected":false},"author":1,"featured_media":0,"parent":0,"menu_order":0,"comment_status":"closed","ping_status":"closed","template":"elementor_header_footer","meta":{"inline_featured_image":false,"_genesis_hide_title":false,"_genesis_hide_breadcrumbs":false,"_genesis_hide_singular_image":false,"_genesis_hide_footer_widgets":false,"_genesis_custom_body_class":"isPrivate for_print","_genesis_custom_post_class":"","_genesis_layout":"","footnotes":""},"class_list":{"0":"post-10870","1":"page","2":"type-page","3":"status-publish","5":"entry"},"_links":{"self":[{"href":"https:\/\/wimpen.net\/es\/wp-json\/wp\/v2\/pages\/10870","targetHints":{"allow":["GET"]}}],"collection":[{"href":"https:\/\/wimpen.net\/es\/wp-json\/wp\/v2\/pages"}],"about":[{"href":"https:\/\/wimpen.net\/es\/wp-json\/wp\/v2\/types\/page"}],"author":[{"embeddable":true,"href":"https:\/\/wimpen.net\/es\/wp-json\/wp\/v2\/users\/1"}],"replies":[{"embeddable":true,"href":"https:\/\/wimpen.net\/es\/wp-json\/wp\/v2\/comments?post=10870"}],"version-history":[{"count":0,"href":"https:\/\/wimpen.net\/es\/wp-json\/wp\/v2\/pages\/10870\/revisions"}],"wp:attachment":[{"href":"https:\/\/wimpen.net\/es\/wp-json\/wp\/v2\/media?parent=10870"}],"curies":[{"name":"wp","href":"https:\/\/api.w.org\/{rel}","templated":true}]}}