{"id":13400,"date":"2024-05-07T09:32:22","date_gmt":"2024-05-07T09:32:22","guid":{"rendered":"https:\/\/test.wimpen.net\/sales-resales\/"},"modified":"2024-09-19T15:17:08","modified_gmt":"2024-09-19T15:17:08","slug":"sales-resales","status":"publish","type":"page","link":"https:\/\/wimpen.net\/de\/sales-resales\/","title":{"rendered":"Verkauf und Wiederverk\u00e4ufe"},"content":{"rendered":"\t\t<div data-elementor-type=\"wp-page\" data-elementor-id=\"13400\" class=\"elementor elementor-13400 elementor-13364\">\n\t\t\t\t\t\t<section class=\"elementor-section elementor-top-section elementor-element elementor-element-ef6d465 elementor-section-height-min-height resort-slider-heading elementor-hidden-mobile elementor-section-boxed elementor-section-height-default elementor-section-items-middle\" data-id=\"ef6d465\" data-element_type=\"section\" data-settings=\"{&quot;background_background&quot;:&quot;video&quot;,&quot;background_video_link&quot;:&quot;https:\\\/\\\/test.wimpen.net\\\/wp-content\\\/uploads\\\/APARTADO-ABOUT.mp4&quot;,&quot;background_play_on_mobile&quot;:&quot;yes&quot;}\">\n\t\t\t\t\t\t\t\t<div class=\"elementor-background-video-container\">\n\t\t\t\t\t\t\t\t\t\t\t\t\t<video class=\"elementor-background-video-hosted elementor-html5-video\" autoplay muted playsinline loop><\/video>\n\t\t\t\t\t\t\t\t\t\t\t<\/div>\n\t\t\t\t\t\t\t\t\t<div class=\"elementor-background-overlay\"><\/div>\n\t\t\t\t\t\t\t<div class=\"elementor-container elementor-column-gap-default\">\n\t\t\t\t\t<div class=\"elementor-column elementor-col-100 elementor-top-column elementor-element elementor-element-cc6f422\" data-id=\"cc6f422\" data-element_type=\"column\">\n\t\t\t<div class=\"elementor-widget-wrap elementor-element-populated\">\n\t\t\t\t\t\t<div class=\"elementor-element elementor-element-6b149e9 elementor-widget elementor-widget-heading\" data-id=\"6b149e9\" data-element_type=\"widget\" data-widget_type=\"heading.default\">\n\t\t\t\t<div class=\"elementor-widget-container\">\n\t\t\t<h1 class=\"elementor-heading-title elementor-size-default\">Verkauf und Wiederverk\u00e4ufe<\/h1>\t\t<\/div>\n\t\t\t\t<\/div>\n\t\t\t\t<div class=\"elementor-element elementor-element-c08d22c resort-slider-heading elementor-widget elementor-widget-text-editor\" data-id=\"c08d22c\" data-element_type=\"widget\" data-widget_type=\"text-editor.default\">\n\t\t\t\t<div class=\"elementor-widget-container\">\n\t\t\t\t\t\t\t<p>\u00dcberpr\u00fcfen Sie die aktuellen Angebote, die Ihnen jedes Resort bietet.<\/p>\t\t\t\t\t\t<\/div>\n\t\t\t\t<\/div>\n\t\t\t\t\t<\/div>\n\t\t<\/div>\n\t\t\t\t\t<\/div>\n\t\t<\/section>\n\t\t\t\t<section class=\"elementor-section elementor-top-section elementor-element elementor-element-57ea694 elementor-section-height-min-height resort-slider-heading elementor-section-items-bottom elementor-hidden-desktop elementor-hidden-tablet elementor-section-boxed elementor-section-height-default\" data-id=\"57ea694\" data-element_type=\"section\" data-settings=\"{&quot;background_background&quot;:&quot;video&quot;,&quot;background_video_link&quot;:&quot;https:\\\/\\\/test.wimpen.net\\\/wp-content\\\/uploads\\\/APARTADO-ABOUT.mp4&quot;,&quot;background_play_on_mobile&quot;:&quot;yes&quot;}\">\n\t\t\t\t\t\t\t\t<div class=\"elementor-background-video-container\">\n\t\t\t\t\t\t\t\t\t\t\t\t\t<video class=\"elementor-background-video-hosted elementor-html5-video\" autoplay muted playsinline loop><\/video>\n\t\t\t\t\t\t\t\t\t\t\t<\/div>\n\t\t\t\t\t\t\t\t\t<div class=\"elementor-background-overlay\"><\/div>\n\t\t\t\t\t\t\t<div class=\"elementor-container elementor-column-gap-default\">\n\t\t\t\t\t<div class=\"elementor-column elementor-col-100 elementor-top-column elementor-element elementor-element-da62e3d\" data-id=\"da62e3d\" data-element_type=\"column\">\n\t\t\t<div class=\"elementor-widget-wrap elementor-element-populated\">\n\t\t\t\t\t\t<div class=\"elementor-element elementor-element-35f3077 elementor-widget elementor-widget-heading\" data-id=\"35f3077\" data-element_type=\"widget\" data-widget_type=\"heading.default\">\n\t\t\t\t<div class=\"elementor-widget-container\">\n\t\t\t<h1 class=\"elementor-heading-title elementor-size-default\">Verk\u00e4ufe und Wiederverk\u00e4ufe<\/h1>\t\t<\/div>\n\t\t\t\t<\/div>\n\t\t\t\t<div class=\"elementor-element elementor-element-fa76fc2 resort-slider-heading elementor-widget elementor-widget-text-editor\" data-id=\"fa76fc2\" data-element_type=\"widget\" data-widget_type=\"text-editor.default\">\n\t\t\t\t<div class=\"elementor-widget-container\">\n\t\t\t\t\t\t\t<p>\u00dcberpr\u00fcfen Sie die aktuellen Angebote, die Ihnen jedes Resort bietet.<\/p>\t\t\t\t\t\t<\/div>\n\t\t\t\t<\/div>\n\t\t\t\t\t<\/div>\n\t\t<\/div>\n\t\t\t\t\t<\/div>\n\t\t<\/section>\n\t\t\t\t<section class=\"elementor-section elementor-top-section elementor-element elementor-element-d38c1f5 elementor-section-boxed elementor-section-height-default elementor-section-height-default\" data-id=\"d38c1f5\" data-element_type=\"section\">\n\t\t\t\t\t\t<div class=\"elementor-container elementor-column-gap-default\">\n\t\t\t\t\t<div class=\"elementor-column elementor-col-100 elementor-top-column elementor-element elementor-element-1ad1bff\" data-id=\"1ad1bff\" data-element_type=\"column\">\n\t\t\t<div class=\"elementor-widget-wrap elementor-element-populated\">\n\t\t\t\t\t\t<div class=\"elementor-element elementor-element-6b543ab elementor-widget elementor-widget-shortcode\" data-id=\"6b543ab\" data-element_type=\"widget\" data-widget_type=\"shortcode.default\">\n\t\t\t\t<div class=\"elementor-widget-container\">\n\t\t\t<div class=\"resorts-sub-menu sales-resales\"><div class=\"sub-menu-wrap\"><div class=\"sub-menu-destination\"><span href=\"#\" class=\"resorts-destination-title underlineTitle short\">Tenerife<\/span><ul class=\"sub-menu\">\n\t\t<a href=\"#\" class=\"btn-resaleslist\" data-pdfname=\"sales_resales_el-marques.pdf\" data-resortpdf=\"https:\/\/wimpen.net\/documentacion\/_salesresales\/public\/el-marques\/document.pdf\">\n\t\t\t<li class=\"menu-item\">\n\n\t\t\t\t<div class=\"menu-item-overlay\">\n\t\t\t\t\t<span class=\"menu-item-link\">El Marqu\u00e9s<\/span>\n\t\t\t\t<\/div>\n\n\t\t\t<\/li>\n\t\t<\/a>\n\t\t<a href=\"#\" class=\"btn-resaleslist\" data-pdfname=\"sales_resales_los-claveles.pdf\" data-resortpdf=\"https:\/\/wimpen.net\/documentacion\/_salesresales\/public\/los-claveles\/document.pdf\">\n\t\t\t<li class=\"menu-item\">\n\t\t\t\t<div class=\"menu-item-overlay\">\n\t\t\t\t\t<span class=\"menu-item-link\">Los Claveles<\/span>\n\t\t\t\t<\/div>\n\t\t\t<\/li>\n\t\t<\/a>\n\t\t<a href=\"#\" class=\"btn-resaleslist\" data-pdfname=\"sales_resales_las-rosas.pdf\" data-resortpdf=\"https:\/\/wimpen.net\/documentacion\/_salesresales\/public\/las-rosas\/document.pdf\">\n\t\t\t<li class=\"menu-item\">\n\t\t\t\t<div class=\"menu-item-overlay\">\n\t\t\t\t\t<span class=\"menu-item-link\">Las Rosas<\/span>\n\t\t\t\t<\/div>\n\t\t\t<\/li>\n\t\t<\/a>\n\t\t<a href=\"#\" class=\"btn-resaleslist\" data-pdfname=\"sales_resales_sueno-azul.pdf\" data-resortpdf=\"https:\/\/wimpen.net\/documentacion\/_salesresales\/public\/sueno-azul\/document.pdf\">\n\t\t\t<li class=\"menu-item\">\n\t\t\t\t<div class=\"menu-item-overlay\">\n\t\t\t\t\t<span class=\"menu-item-link\">Sue\u00f1o Azul<\/span>\n\t\t\t\t<\/div>\n\t\t\t<\/li>\n\t\t<\/a>\n\t\n\t\t\t<\/ul><\/div><div class=\"sub-menu-destination\"><span href=\"#\" class=\"resorts-destination-title underlineTitle short\">Lanzarote<\/span><ul class=\"sub-menu\">\n\t\t<a href=\"#\" class=\"btn-resaleslist\" data-pdfname=\"sales_resales_las-brisas.pdf\" data-resortpdf=\"https:\/\/wimpen.net\/documentacion\/_salesresales\/public\/las-brisas\/document.pdf\">\n\t\t\t<li class=\"menu-item\">\n\t\t\t\t<div class=\"menu-item-overlay\">\n\t\t\t\t\t<span class=\"menu-item-link\">Las Brisas<\/span>\n\t\t\t\t<\/div>\n\t\t\t<\/li>\n\t\t<\/a>\n\t\t<a href=\"#\" class=\"btn-resaleslist\" data-pdfname=\"sales_resales_las-casitas.pdf\" data-resortpdf=\"https:\/\/wimpen.net\/documentacion\/_salesresales\/public\/las-casitas\/document.pdf\">\n\t\t\t<li class=\"menu-item\">\n\t\t\t\t<div class=\"menu-item-overlay\">\n\t\t\t\t\t<span class=\"menu-item-link\">Las Casitas<\/span>\n\t\t\t\t<\/div>\n\t\t\t<\/li>\n\t\t<\/a>\n\n\t\t<\/ul><\/div><div class=\"sub-menu-destination\"><span href=\"#\" class=\"resorts-destination-title underlineTitle short\">Estepona<\/span><ul class=\"sub-menu\">\n\t\t<a href=\"#\" class=\"btn-resaleslist\" data-pdfname=\"sales_resales_bena-vista.pdf\" data-resortpdf=\"https:\/\/wimpen.net\/documentacion\/_salesresales\/public\/bena-vista\/document.pdf\">\n\t\t\t<li class=\"menu-item\">\n\t\t\t\t<div class=\"menu-item-overlay\">\n\t\t\t\t\t<span class=\"menu-item-link\">Club Bena Vista<\/span>\n\t\t\t\t<\/div>\n\t\t\t<\/li>\n\t\t<\/a>\n\n\n\t\t<\/ul><\/div><\/div><\/div>\t<div class=\"popup-redsys popup-info closed\">\n\t\t<div class=\"popup-redsys-content\">\n\t\t\t<div class=\"popup-redsys-close\">X<\/div>\n\t\t\t<div>\n\t\t\t\t<iframe id=\"pdfToShowResales\" src=\"\" style=\"width:100%; height:70vh;\" frameborder=\"0\"><\/iframe>\n\t\t\t\t<a id=\"downloadDocumentResales\" href=\"\" download=\"\" target=\"_blank\" style=\"text-decoration: underline;text-align: right;width: 100%;display: block;font-size: 12px;margin-bottom: 30px;\"><span class=\"fa fa-download\" style=\"margin-right: 5px;color: #0b7442;\"><\/span>Dokument herunterladen<\/a>\n\t\t\t<\/div>\n\t\t\t<a class=\"btn popup-redsys-close\" style=\"position: relative;top: 0;right: 0;\">Schlie\u00dfen<\/a>\n\t\t<\/div>\n\t<\/div>\n\t\t\t<div class=\"elementor-shortcode\"><\/div>\n\t\t\t\t<\/div>\n\t\t\t\t<\/div>\n\t\t\t\t\t<\/div>\n\t\t<\/div>\n\t\t\t\t\t<\/div>\n\t\t<\/section>\n\t\t\t\t<section class=\"elementor-section elementor-top-section elementor-element elementor-element-7652692 reservation-form elementor-section-boxed elementor-section-height-default elementor-section-height-default\" data-id=\"7652692\" data-element_type=\"section\">\n\t\t\t\t\t\t<div class=\"elementor-container elementor-column-gap-default\">\n\t\t\t\t\t<div class=\"elementor-column elementor-col-100 elementor-top-column elementor-element elementor-element-2cf1f4e\" data-id=\"2cf1f4e\" data-element_type=\"column\">\n\t\t\t<div class=\"elementor-widget-wrap elementor-element-populated\">\n\t\t\t\t\t\t<div class=\"elementor-element elementor-element-91016f9 elementor-widget elementor-widget-shortcode\" data-id=\"91016f9\" data-element_type=\"widget\" data-widget_type=\"shortcode.default\">\n\t\t\t\t<div class=\"elementor-widget-container\">\n\t\t\t\n\n\n\t<div id=\"r-form\" class=\"r-form top\">\n\t\t<span class=\"reservation-close-btn\">X<\/span>\n\n\t\t<form action=\"#\" class=\"reservation_wimpen_form\" method=\"get\">\n\n\t\t\t<input id=\"language\" name=\"language\" type=\"hidden\" value=\"GERMAN\">\n\n\t\t\t<input type=\"hidden\" name=\"turno\" value=\"\">\n\t\t\t<input type='hidden' name='custom_body_class' value='hide_brand'>\n\n\t\t\t\t\t\t\t<div class=\"form-select destination\">\n\t\t\t\t\t<select id=\"destination\">\n\t\t\t\t\t\t<option value=\"\" selected=\"true\" disabled>Hotel oder Reiseziel<\/option>\n\t\t\t\t\t\t<option value=\"https:\/\/ona-club-bena-vista-dot-ona-hotels.appspot.com\/booking1\">Club Benavista<\/option>\n\t\t\t\t\t\t<option value=\"https:\/\/ona-casitas-dot-ona-hotels.appspot.com\/booking1\">Las Casitas<\/option>\n\t\t\t\t\t\t<option value=\"https:\/\/ona-marques-dot-ona-hotels.appspot.com\/booking1\">El Marqu\u00e9s<\/option>\n\t\t\t\t\t\t<option value=\"https:\/\/ona-brisas-dot-ona-hotels.appspot.com\/booking1\">Las Brisas<\/option>\n\t\t\t\t\t\t<option value=\"https:\/\/ona-rosas-dot-ona-hotels.appspot.com\/booking1\">Las Rosas<\/option>\n\t\t\t\t\t\t<option value=\"https:\/\/ona-sueno-azul-dot-ona-hotels.appspot.com\/booking1\">Sue\u00f1o Azul<\/option>\n\t\t\t\t\t\t<option value=\"https:\/\/ona-claveles-dot-ona-hotels.appspot.com\/booking1\">Los Claveles<\/option>\n\t\t\t\t\t<\/select>\n\n\n\t\t\t\t\t<!--<select id=\"destination\">\n\t\t\t\t\t\t<option value=\"\" selected=\"true\" disabled>Hotel oder Reiseziel<\/option>\n\t\t\t\t\t\t<option value=\"https:\/\/ona-campanario-dot-ona-hotels.appspot.com\/booking1\">Ona Campanario<\/option>\n\t\t\t\t\t\t<option value=\"https:\/\/ona-cala-pi-dot-ona-hotels.appspot.com\/booking1\">Ona Cala Pi<\/option>\n\t\t\t\t\t\t<option value=\"https:\/\/ona-village-cala-dor-dot-ona-hotels.appspot.com\/booking1\">Ona Village Cala D'Or<\/option>\n\t\t\t\t\t\t<option value=\"https:\/\/ona-garden-lago-dot-ona-hotels.appspot.com\/booking1\">Ona Garden Lago<\/option>\n\t\t\t\t\t\t<option value=\"https:\/\/ona-acaunada-dot-ona-hotels.appspot.com\/booking1\">Ona Aucanada<\/option>\n\t\t\t\t\t\t<option value=\"https:\/\/ona-suites-salou-dot-ona-hotels.appspot.com\/booking1\">Ona Suites Salou<\/option>\n\t\t\t\t\t\t<option value=\"https:\/\/ona-jardines-paraisol-dot-ona-hotels.appspot.com\/booking1\">Ona Jardines Paraisol<\/option>\n\t\t\t\t\t\t<option value=\"https:\/\/ona-ogisaka-dot-ona-hotels.appspot.com\/booking1\">Ona Ogisaka Garden<\/option>\n\t\t\t\t\t\t<option value=\"https:\/\/ona-aldea-mar-dot-ona-hotels.appspot.com\/booking1\">Ona Aldea del Mar<\/option>\n\t\t\t\t\t\t<option value=\"https:\/\/ona-hacienda-alamo-dot-ona-hotels.appspot.com\/booking1\">Ona Hacienda del \u00c1lamo<\/option>\n\t\t\t\t\t\t<option value=\"https:\/\/ona-marina-arpon-dot-ona-hotels.appspot.com\/booking1\">Ona Marina Arp\u00f3n<\/option>\n\t\t\t\t\t\t<option value=\"https:\/\/ona-dorada-tarter-dot-ona-hotels.appspot.com\/booking1\">Ona Dorada El Tarter<\/option>\n\t\t\t\t\t\t<option value=\"https:\/\/ona-aquamarina-dot-ona-hotels.appspot.com\/booking1\">Ona Aquamarina<\/option>\n\t\t\t\t\t\t<option value=\"https:\/\/ona-internacional-dot-ona-hotels.appspot.com\/booking1\">Ona Internacional<\/option>\n\t\t\t\t\t\t<option value=\"https:\/\/ona-las-zarzas-dot-ona-hotels.appspot.com\/booking1\">Ona las Zarzas<\/option>\n\t\t\t\t\t<\/select>-->\n\t\t\t\t<\/div>\n\t\t\t\n\t\t\t<!-- <div class=\"form-select destination\">\n\t\t\t\t<select id=\"destination\">\n\t\t\t\t\t<option selected=\"true\" disabled>Hotel o destino<\/option>\n\t\t\t\t\t<option value=\"1\">Ona Alanda Club Marbella<\/option>\n\t\t\t\t<\/select>\n\t\t\t<\/div> -->\n\n\t\t\t<input required class=\"date\" type=\"text\" id=\"datein\" name=\"startDate\" placeholder=\"Fecha entrada\" value=\"\">\n\t\t\t<input required class=\"date\" type=\"text\" id=\"dateout\" name=\"endDate\" placeholder=\"Fecha salida\" value=\"\">\n\t\t\t\n\t\t\t<div class=\"form-select adultos\">\n\t\t\t\t<select id=\"adultos\" name=\"adultsRoom1\">\n\t\t\t\t\t<option value=\"-\" selected=\"true\" disabled>Erwachsene<\/option>\n\t\t\t\t\t<option value=\"1\">1<\/option>\n\t\t\t\t\t<option value=\"2\">2<\/option>\n\t\t\t\t\t<option value=\"3\">3<\/option>\n\t\t\t\t\t<option value=\"4\">4<\/option>\n\t\t\t\t\t<option value=\"5\">5<\/option>\n\t\t\t\t\t<option value=\"6\">6<\/option>\n\t\t\t\t<\/select>\n\t\t\t<\/div>\n\n\t\t\t<div class=\"form-select ninos\">\n\t\t\t\t<select id=\"ninos\" name=\"childrenRoom1\">\n\t\t\t\t\t<option value=\"-\" selected=\"true\" disabled>Kinder<\/option>\n\t\t\t\t\t<option value=\"0\">0<\/option>\n\t\t\t\t\t<option value=\"1\">1<\/option>\n\t\t\t\t\t<option value=\"2\">2<\/option>\n\t\t\t\t\t<option value=\"3\">3<\/option>\n\t\t\t\t<\/select>\n\t\t\t<\/div>\n\n\t\t\t<input type=\"text\" class=\"codigo\" id=\"codigo\" name=\"codigo\" placeholder=\"Propriet\u00e4rer Code \" value=\"\" required>\n\n\t\t\t<div class=\"reservation-form-submit\">\n\t\t\t\t<span>\n\t\t\t\t\t<div class=\"elementor-widget-container\">\n\t\t\t\t\t\t<div class=\"elementor-button-wrapper\">\n\t\t\t\t\t\t\t<a href=\"\" class=\"elementor-button short\" role=\"button\">\n\t\t\t\t\t\t\t\t<span>\n\t\t\t\t\t\t\t\t\t<span class=\"elementor-button-text\">Buchung einer zus\u00e4tzlichen Woche<\/span>\n\t\t\t\t\t\t\t\t<\/span>\n\t\t\t\t\t\t\t<\/a>\n\t\t\t\t\t\t<\/div>\n\t\t\t\t\t<\/div>\n\t\t\t\t\t<!-- <input type=\"submit\" value=\"\"> -->\n\t\t\t\t<\/span>\n\t\t\t<\/div>\n\t\t<\/form>\n\t\t\n\t<\/div>\n\t<p class=\"error_mesage\"><\/p>\n\n\t\t\t<div class=\"elementor-shortcode\"><\/div>\n\t\t\t\t<\/div>\n\t\t\t\t<\/div>\n\t\t\t\t\t<\/div>\n\t\t<\/div>\n\t\t\t\t\t<\/div>\n\t\t<\/section>\n\t\t\t\t<\/div>\n\t\t","protected":false},"excerpt":{"rendered":"Verkauf und Wiederverk\u00e4ufe \u00dcberpr\u00fcfen Sie die aktuellen Angebote, die Ihnen jedes Resort bietet. Verk\u00e4ufe und Wiederverk\u00e4ufe \u00dcberpr\u00fcfen Sie die aktuellen Angebote, die Ihnen jedes Resort bietet.","protected":false},"author":1,"featured_media":0,"parent":0,"menu_order":0,"comment_status":"closed","ping_status":"closed","template":"","meta":{"inline_featured_image":false,"_genesis_hide_title":false,"_genesis_hide_breadcrumbs":false,"_genesis_hide_singular_image":false,"_genesis_hide_footer_widgets":false,"_genesis_custom_body_class":"menu-transparent","_genesis_custom_post_class":"","_genesis_layout":"","footnotes":""},"class_list":{"0":"post-13400","1":"page","2":"type-page","3":"status-publish","5":"entry"},"_links":{"self":[{"href":"https:\/\/wimpen.net\/de\/wp-json\/wp\/v2\/pages\/13400","targetHints":{"allow":["GET"]}}],"collection":[{"href":"https:\/\/wimpen.net\/de\/wp-json\/wp\/v2\/pages"}],"about":[{"href":"https:\/\/wimpen.net\/de\/wp-json\/wp\/v2\/types\/page"}],"author":[{"embeddable":true,"href":"https:\/\/wimpen.net\/de\/wp-json\/wp\/v2\/users\/1"}],"replies":[{"embeddable":true,"href":"https:\/\/wimpen.net\/de\/wp-json\/wp\/v2\/comments?post=13400"}],"version-history":[{"count":0,"href":"https:\/\/wimpen.net\/de\/wp-json\/wp\/v2\/pages\/13400\/revisions"}],"wp:attachment":[{"href":"https:\/\/wimpen.net\/de\/wp-json\/wp\/v2\/media?parent=13400"}],"curies":[{"name":"wp","href":"https:\/\/api.w.org\/{rel}","templated":true}]}}