{"id":11952,"date":"2022-05-06T08:31:03","date_gmt":"2022-05-06T08:31:03","guid":{"rendered":"https:\/\/test.wimpen.net\/politica-de-privacidad\/"},"modified":"2024-08-27T08:36:09","modified_gmt":"2024-08-27T08:36:09","slug":"datenschutzrichtlinie","status":"publish","type":"page","link":"https:\/\/wimpen.net\/de\/datenschutzrichtlinie\/","title":{"rendered":"Datenschutzrichtlinie"},"content":{"rendered":"\t\t<div data-elementor-type=\"wp-page\" data-elementor-id=\"11952\" class=\"elementor elementor-11952 elementor-9634\">\n\t\t\t\t\t\t<section class=\"elementor-section elementor-top-section elementor-element elementor-element-9ac88b6 elementor-section-boxed elementor-section-height-default elementor-section-height-default\" data-id=\"9ac88b6\" data-element_type=\"section\">\n\t\t\t\t\t\t<div class=\"elementor-container elementor-column-gap-default\">\n\t\t\t\t\t<div class=\"elementor-column elementor-col-100 elementor-top-column elementor-element elementor-element-7445b6f\" data-id=\"7445b6f\" data-element_type=\"column\">\n\t\t\t<div class=\"elementor-widget-wrap elementor-element-populated\">\n\t\t\t\t\t\t<div class=\"elementor-element elementor-element-f2bab34 elementor-widget elementor-widget-text-editor\" data-id=\"f2bab34\" data-element_type=\"widget\" data-widget_type=\"text-editor.default\">\n\t\t\t\t<div class=\"elementor-widget-container\">\n\t\t\t\t\t\t\t<h2><strong>DATENSCHUTZRICHTLINIE<\/strong><\/h2>\n<div><strong>&nbsp;<\/strong><\/div>\n<p><b>1.- Wer ist f\u00fcr die Verarbeitung Ihrer Daten verantwortlich?<\/b><\/p>\n<p>Der Verantwortliche f\u00fcr die Verarbeitung Ihrer personenbezogenen Daten ist die WIMPEN LEISURE MANAGEMENT SA (im Folgenden \u201e<i><b>WIMPEN<\/b><\/i>\u201c), Steuernummer (N.I.F.) A38379541, Gesellschaftssitz in C\/ Los \u00c1ngeles s\/n, Beverley Hills Heights, 38650 Los Cristianos, Arona.<\/p>\n<p><span style=\"color: var( --e-global-color-269be60 ); font-size: var( --e-global-typography-primary-font-size ); font-weight: var( --e-global-typography-primary-font-weight );\">Wir informieren Sie dar\u00fcber, dass der Inhaber dieser Website unter der Domain www.wimpen.net (im Folgenden \u201e<\/span><b style=\"color: var( --e-global-color-269be60 ); font-size: var( --e-global-typography-primary-font-size );\"><i>Website<\/i><\/b><span style=\"color: var( --e-global-color-269be60 ); font-size: var( --e-global-typography-primary-font-size ); font-weight: var( --e-global-typography-primary-font-weight );\">\u201c) WIMPEN ist.<\/span><\/p>\n<p><\/p>\n<p>Mit dem Zugriff und\/oder der Nutzung der Website erlangen Sie die Eigenschaft eines Benutzers (im Folgenden \u201e<b><i>Benutzer<\/i><\/b>\u201c). Der Zugriff und\/oder die Nutzung impliziert die Annahme der vorliegenden Datenschutzrichtlinie.<\/p>\n<p><\/p>\n<p>Der Benutzer kann WIMPEN \u00fcber die folgende E-Mail-Adresse kontaktieren:&nbsp;<a href=\"mailto:owner@wimpen.com\">owner@wimpen.com<\/a>.<\/p><p><br><\/p>\n<p><\/p>\n<p><b>2.- Warum ist WIMPEN zur Datenverarbeitung berechtigt?<\/b><\/p>\n<p>WIMPEN ist berechtigt, Ihre Daten zu verarbeiten, um seine Dienstleistungen zu erbringen.<\/p>\n<p><\/p>\n<p>Ferner ist WIMPEN berechtigt, Daten auf der Grundlage der vom Benutzer erbetenen Einwilligung oder ggf. auf der Grundlage eines berechtigten Interesses zu verarbeiten.<\/p>\n<p><\/p>\n<p>WIMPEN nimmt den Schutz Ihrer Privatsph\u00e4re und Ihrer personenbezogenen Daten sehr ernst. Deshalb werden Ihre personenbezogenen Daten sicher gespeichert und mit \u00e4u\u00dferster Sorgfalt verarbeitet.<\/p>\n<p><\/p>\n<p>Diese Datenschutzrichtlinie regelt den Zugang zur Dienstleistung bzw. die Nutzung der Dienstleistung (im Folgenden \u201e<b><i>Dienstleistung<\/i><\/b>\u201c), die WIMPEN dem an den Dienstleistungen interessierten Benutzer anbietet.<\/p>\n<p><\/p>\n<p>In diesem Zusammenhang sind die von WIMPEN herangezogenen Legitimationsgrundlagen f\u00fcr die Verarbeitung der Daten der Benutzer folgende:<\/p>\n<p><\/p>\n<p>Vertragsausf\u00fchrung.<\/p>\n<p><\/p>\n<p>Die Zustimmung der Benutzer zur Verarbeitung ihrer personenbezogenen Daten f\u00fcr die jeweils angegebenen Zwecke.<\/p><p><br><\/p>\n<p><\/p>\n<p><b>3 &#8211; Zu welchen Zwecken werden Ihre personenbezogenen Daten von WIMPEN verarbeitet?<\/b><\/p>\n<p>Ihre von WIMPEN erfassten personenbezogenen Daten k\u00f6nnen gem\u00e4\u00df der im entsprechenden Registrierungsformular erteilten Zustimmung f\u00fcr die folgenden Zwecke verwendet werden:<\/p>\n<p><\/p>\n<p>&#8211; Die Erbringung der Dienstleistungen von WIMPEN.<\/p>\n<p><\/p>\n<p>F\u00fcr die Erbringung der vom Benutzer angeforderten Dienstleistung muss WIMPEN personenbezogene Daten verarbeiten, die aus den vom Benutzer an WIMPEN \u00fcbermittelten Informationen stammen.<\/p>\n<p><\/p>\n<p>Wir informieren Sie dar\u00fcber, dass WIMPEN proaktiv Ihre Privatsph\u00e4re und Ihre personenbezogenen Daten sch\u00fctzt, insbesondere die besonders sch\u00fctzenswerten Daten bzgl. Ihrer Gesundheit.<\/p>\n<p><\/p>\n<p>&#8211; Die Zusendung von kommerziellen Mitteilungen und\/oder Newslettern durch WIMPEN.<\/p>\n<p>k\u00f6nnen seine personenbezogenen Daten verwendet werden, um ihm per Brief, Telefon, E-Mail, SMS\/MMS oder andere vergleichbare elektronische Kommunikationsmittel kommerzielle Mitteilungen oder Informationen von WIMPEN zukommen zu lassen.<\/p>\n<p><\/p>\n<p>&#8211; Weitergabe von Daten an Dritte.<\/p>\n<p>Mit der Zustimmung zur Weitergabe von Daten gem\u00e4\u00df den im entsprechenden Formular angegebenen Pr\u00e4ferenzen erkl\u00e4rt sich der Benutzer ausdr\u00fccklich damit einverstanden, dass seine Daten an die Unternehmen des Gastgewerbes CLUBOTEL LA DORADA, S.L., BAH\u00cdA BLANCA LEISURE, S.L. und EXCEL HOTELS &amp; RESORTS, S. A. weitergegeben werden. Der Zweck der Weitergabe besteht darin, dass diese Unternehmen Ihnen per Brief, Telefon, E-Mail, SMS\/MMS oder andere vergleichbare elektronische Kommunikationsmittel Informationen und kommerzielle Mitteilungen bez\u00fcglich des Gastgewerbes senden, die f\u00fcr Sie von Interesse sein k\u00f6nnten.<\/p><p><br><\/p>\n<p><\/p>\n<p><b>4.- Richtigkeit der von den Benutzern bereitgestellten Daten und Daten von Minderj\u00e4hrigen<\/b><\/p>\n<p>Der Benutzer garantiert, dass die angegebenen personenbezogenen Daten der Wahrheit entsprechen und ist daf\u00fcr verantwortlich, WIMPEN \u00fcber jegliche \u00c4nderungen dieser Daten zu informieren. Der Benutzer ist in jedem Fall f\u00fcr die Richtigkeit der angegebenen Daten verantwortlich, und WIMPEN beh\u00e4lt sich das Recht vor, jeden Benutzer, der falsche Daten angegeben hat, von den registrierten Dienstleistungen auszuschlie\u00dfen, unbeschadet aller anderen gesetzlich zul\u00e4ssigen Ma\u00dfnahmen.<\/p><p><br><\/p>\n<p><\/p>\n<p><b>5.- Speicherung der Daten<\/b><\/p>\n<p>Die bereitgestellten personenbezogenen Daten werden von WIMPEN gespeichert, solange der Nutzer nicht seinen Wunsch \u00e4u\u00dfert, sich von den Dienstleistungen von WIMPEN abzumelden, um Informationen \u00fcber die Dienstleistungen des Unternehmens zu senden. Danach wird WIMPEN, falls erforderlich, die Daten f\u00fcr die gesetzlich vorgeschriebene Zeitspanne sperren.<\/p><p><br><\/p>\n<p><\/p>\n<p><b>6.- Rechte des Benutzers in Bezug auf seine Daten<\/b><\/p>\n<p>Der Benutzer hat folgende Recht:<\/p>\n<p><\/p>\n<p>Das Recht auf Zugriff auf seine personenbezogenen Daten.<\/p>\n<p><\/p>\n<p>Das Recht, die Berichtigung falscher Daten zu beantragen.<\/p>\n<p><\/p>\n<p>Das Recht, ihre L\u00f6schung zu beantragen.<\/p>\n<p><\/p>\n<p>Das Recht, die Einschr\u00e4nkung der Verarbeitung seiner Daten zu beantragen.<\/p>\n<p><\/p>\n<p>Das Recht, der Verarbeitung seiner Daten zu widersprechen.<\/p>\n<p><\/p>\n<p>Das Recht, ihre Portabilit\u00e4t zu beantragen.<\/p>\n<p><\/p>\n<p>Das Recht, nicht Gegenstand automatisierter Einzelentscheidungen sein.<\/p>\n<p><\/p>\n<p>Der Benutzer kann alle diese Rechte aus\u00fcben, indem er sich an die folgende E-Mail-Adresse&nbsp;<a href=\"mailto:owner@wimpen.com\" target=\"_blank\">owner@wimpen.com<\/a>&nbsp;wendet und dabei den Grund f\u00fcr seine Anfrage angibt und eine Kopie seines Personalausweises bereitstellt.<\/p><p><br><\/p>\n<p><\/p>\n<p>Der Benutzer kann seine Anfrage auch auf dem Postweg an die folgende Adresse senden:<\/p>\n<p><\/p>\n<p><b>WIMPEN LEISURE MANAGEMENT SA<\/b><\/p>\n<p>Steuernummer (CIF): A38379541<\/p>\n<p>C\/ Los \u00c1ngeles s\/n, Beverley Hills Heights, 38650 Los Cristianos, Arona.<\/p>\n<p><\/p>\n<p>Unbeschadet anderer Verwaltungsbeschwerden oder gerichtlicher Klagen hat der Benutzer das Recht, eine Beschwerde bei einer Aufsichtsbeh\u00f6rde einzureichen, insbesondere in dem Mitgliedstaat, in dem er seinen Wohnsitz oder seinen Arbeitsplatz hat oder in dem sich der mutma\u00dfliche Versto\u00df ereignet hat, wenn er der Ansicht ist, dass die Verarbeitung seiner personenbezogenen Daten nicht rechtm\u00e4\u00dfig ist, und wenn die Aus\u00fcbung seiner Rechte nicht zufriedenstellend war. Die Aufsichtsbeh\u00f6rde, bei der die Beschwerde eingereicht wurde, informiert den Beschwerdef\u00fchrer \u00fcber den weiteren Verlauf und das Ergebnis der Beschwerde.<\/p><p><br><\/p>\n<p><\/p>\n<p><b>7.- Datensicherheit<\/b><\/p>\n<p>Der Schutz der Privatsph\u00e4re und der personenbezogenen Daten der Benutzer ist f\u00fcr WIMPEN sehr wichtig. Daher unternimmt WIMPEN alles in seiner Macht Stehende, um zu verhindern, dass Ihre Daten missbr\u00e4uchlich verwendet werden; nur befugtes Personal hat Zugang zu diesen Daten.<\/p>\n<p><\/p>\n<p>WIMPEN sorgt f\u00fcr den Schutz personenbezogener Daten in \u00dcbereinstimmung mit den geltenden Vorschriften und setzt alle zur Verf\u00fcgung stehenden technischen Mittel ein, um Verlust, Missbrauch, \u00c4nderung, unbefugten Zugriff und Diebstahl der vom Benutzer \u00fcber die Website bereitgestellten Daten zu verhindern. Unbeschadet dessen weist WIMPEN Sie darauf hin, dass die Sicherheitsma\u00dfnahmen im Internet nicht un\u00fcberwindbar sind.<\/p>\n<p><\/p>\n<p>WIMPEN sichert zu, die Pflicht zur Geheimhaltung und Vertraulichkeit in Bezug auf personenbezogene Daten in \u00dcbereinstimmung mit der geltenden Gesetzgebung einzuhalten, sowie diese bei internationalen Daten\u00fcbermittlungen und -\u00fcbertragungen, die gegebenenfalls stattfinden, sicher zu behandeln.<\/p>\n<p><\/p>\n<p>Bei den Diensten der Website, die eine Registrierung als Benutzer erfordern, muss ein Passwort gew\u00e4hlt werden. Der Benutzer ist f\u00fcr die Geheimhaltung dieses Passworts sowie f\u00fcr alle Aktivit\u00e4ten verantwortlich, die in Sitzungen stattfinden, die unter seinem Namen und Passwort gestartet worden sind.<\/p>\n<p><\/p>\n<p>Der Benutzer verpflichtet sich, WIMPEN so schnell wie m\u00f6glich \u00fcber jede unbefugte Nutzung seines Benutzernamens und\/oder seines Passworts oder jede andere Verletzung der Sicherheit zu informieren. WIMPEN haftet nicht f\u00fcr Sch\u00e4den oder Verluste, die sich aus der Nichteinhaltung dieser Verpflichtung durch den Nutzer ergeben k\u00f6nnen.<\/p><p><br><\/p>\n<p><\/p>\n<p><b>8.- \u00c4nderungen<\/b><\/p>\n<p>WIMPEN beh\u00e4lt sich das Recht vor, seine Datenschutzrichtlinie jederzeit zu \u00e4ndern. Bitte rufen Sie daher diese Datenschutzrichtlinie regelm\u00e4\u00dfig auf, um die jeweils aktuellste Version zu lesen.<\/p>\n<p><\/p>\n<p>\u00dcber \u00c4nderungen an dieser Datenschutzrichtlinie wird der Benutzer jedoch benachrichtigt.<\/p><p><br><\/p>\n<p><\/p>\n<p><b>9.- Links zu Websites<\/b><\/p>\n<p>Die Website von WIMPEN kann Links zu Websites von dritten Unternehmen und Institutionen enthalten. WIMPEN kann keine Verantwortung f\u00fcr die Art und Weise \u00fcbernehmen, wie diese Unternehmen mit dem Schutz der Privatsph\u00e4re und personenbezogener Daten umgehen. Wir empfehlen Ihnen daher, die Datenschutzrichtlinien dieser Websites, die nicht zu WIMPEN geh\u00f6ren, im Hinblick auf die Nutzung, die Verarbeitung und den Schutz personenbezogener Daten sorgf\u00e4ltig zu lesen.<\/p>\n<p><\/p>\n<p>Die auf diesen Websites geltenden Bedingungen sind m\u00f6glicherweise nicht mit denen von WIMPEN identisch.<\/p><p><br><\/p>\n<p><\/p>\n<p><b>10.- Fragen<\/b><\/p>\n<p>Wenn Sie Fragen zu dieser Datenschutzrichtlinie oder zur Verarbeitung Ihrer Daten haben, wenden Sie sich bitte per E-Mail an WIMPEN unter der folgenden Adresse:&nbsp;<a href=\"mailto:owner@wimpen.com\" target=\"_blank\">owner@wimpen.com<\/a>.<\/p><p><br><\/p>\n<p><\/p>\n<p><b>11.- Annahme und Einwilligung.<\/b><\/p>\n<p>Der Benutzer erkl\u00e4rt, \u00fcber die Bedingungen bez\u00fcglich des Schutzes personenbezogener Daten informiert worden zu sein, und erkl\u00e4rt sich mit der Verarbeitung dieser Daten durch WIMPEN auf die in dieser Datenschutzrichtlinie angegebene Weise und zu den dort genannten Zwecken einverstanden.<\/p><p><br><\/p>\n<p><\/p>\t\t\t\t\t\t<\/div>\n\t\t\t\t<\/div>\n\t\t\t\t\t<\/div>\n\t\t<\/div>\n\t\t\t\t\t<\/div>\n\t\t<\/section>\n\t\t\t\t<\/div>\n\t\t","protected":false},"excerpt":{"rendered":"DATENSCHUTZRICHTLINIE &nbsp; 1.- Wer ist f\u00fcr die Verarbeitung Ihrer Daten verantwortlich? Der Verantwortliche f\u00fcr die Verarbeitung Ihrer personenbezogenen Daten ist die WIMPEN LEISURE MANAGEMENT SA (im Folgenden \u201eWIMPEN\u201c), Steuernummer (N.I.F.) A38379541, Gesellschaftssitz in C\/ Los \u00c1ngeles s\/n, Beverley Hills Heights, 38650 Los Cristianos, Arona. Wir informieren Sie dar\u00fcber, dass der Inhaber dieser Website unter der [&hellip;]","protected":false},"author":3,"featured_media":0,"parent":0,"menu_order":0,"comment_status":"closed","ping_status":"closed","template":"","meta":{"inline_featured_image":false,"_genesis_hide_title":false,"_genesis_hide_breadcrumbs":false,"_genesis_hide_singular_image":false,"_genesis_hide_footer_widgets":false,"_genesis_custom_body_class":"","_genesis_custom_post_class":"","_genesis_layout":"","footnotes":""},"class_list":{"0":"post-11952","1":"page","2":"type-page","3":"status-publish","5":"entry"},"_links":{"self":[{"href":"https:\/\/wimpen.net\/de\/wp-json\/wp\/v2\/pages\/11952","targetHints":{"allow":["GET"]}}],"collection":[{"href":"https:\/\/wimpen.net\/de\/wp-json\/wp\/v2\/pages"}],"about":[{"href":"https:\/\/wimpen.net\/de\/wp-json\/wp\/v2\/types\/page"}],"author":[{"embeddable":true,"href":"https:\/\/wimpen.net\/de\/wp-json\/wp\/v2\/users\/3"}],"replies":[{"embeddable":true,"href":"https:\/\/wimpen.net\/de\/wp-json\/wp\/v2\/comments?post=11952"}],"version-history":[{"count":0,"href":"https:\/\/wimpen.net\/de\/wp-json\/wp\/v2\/pages\/11952\/revisions"}],"wp:attachment":[{"href":"https:\/\/wimpen.net\/de\/wp-json\/wp\/v2\/media?parent=11952"}],"curies":[{"name":"wp","href":"https:\/\/api.w.org\/{rel}","templated":true}]}}