{"id":11950,"date":"2022-05-06T09:02:24","date_gmt":"2022-05-06T09:02:24","guid":{"rendered":"https:\/\/test.wimpen.net\/politica-de-cookies\/"},"modified":"2023-10-17T12:15:51","modified_gmt":"2023-10-17T12:15:51","slug":"cookie-richtlinie","status":"publish","type":"page","link":"https:\/\/wimpen.net\/de\/cookie-richtlinie\/","title":{"rendered":"Cookie-Richtlinie"},"content":{"rendered":"<h2><strong>COOKIE-RICHTLINIE<\/strong><\/h2><p>\u00a0<\/p><p>Die WIMPEN LEISURE MANAGEMENT SA (im Folgenden der \u201eINHABER\u201c) informiert mit dieser Cookie-Richtlinie \u00fcber die Verwendung von Einrichtungen zur Datenspeicherung und -wiederherstellung auf den Endger\u00e4ten der Nutzer.<\/p><p>\u00a0<\/p><p><strong>1.- Was sind Cookies?<\/strong><\/p><p>Cookies sind kleine Dateien, die auf dem Computer\/Smartphone\/Tablet des Benutzers heruntergeladen werden, wenn dieser auf bestimmte Websites oder Anwendungen zugreift. Sie erm\u00f6glichen die Speicherung der Surfpr\u00e4ferenzen des Benutzers, wodurch die Interaktion zwischen dem Benutzer und der Website schneller und einfacher wird.<\/p><p>\u00a0<\/p><p>Die von Cookies gesammelten Daten sind anonym und enthalten keine sensiblen Informationen; es werden keine Daten gesammelt, die den Benutzer pers\u00f6nlich identifizieren k\u00f6nnen. In jedem Fall kann der Benutzer auf die Einstellungen seines Browsers zugreifen, um eine \u00c4nderung und\/oder Blockierung der Installation von Cookies vorzunehmen, die von der Website gesendet werden, ohne dass dies den Zugriff auf die Inhalte verhindert.<\/p><p>\u00a0<\/p><p><strong>2 &#8211; Wozu verwendet der INHABER Cookies?<\/strong><\/p><p>In \u00dcbereinstimmung mit dem Gesetz 34\/2002 vom 11. Juli \u00fcber die Dienste der Informationsgesellschaft und den elektronischen Handel (im Folgenden \u201eLSSI\u201c) sowie den Vorgaben der spanischen Datenschutzbeh\u00f6rde (Agencia Espa\u00f1ola de Protecci\u00f3n de Datos) und des Europ\u00e4ischen Datenschutzausschusses verwendet diese Website Cookies oder andere Einrichtungen zum Speichern und Abrufen von Informationen, um die Interaktionen der Benutzer mit den auf der Website angebotenen Diensten zu verfolgen.<\/p><p>\u00a0<\/p><p>Cookies erm\u00f6glichen es, den Browser eines Benutzers sowie die Art des Ger\u00e4ts, von dem aus auf die Website zugegriffen wird, zu erkennen und werden verwendet, um den n\u00e4chsten Besuch des Benutzers zu erleichtern und die Website benutzerfreundlicher zu gestalten.<\/p><p>\u00a0<\/p><p>Der INHABER benutzt Cookies zu folgenden Zwecken:<\/p><p>Optimieren des Surferlebnisses des Benutzers durch Sitzungsverfolgung.<\/p><p>Sammeln von Informationen, um die Navigation zu optimieren und die Website zu verbessern.<\/p><p>Die Website verwendet die folgenden Arten von Cookies:<\/p><p>\u00a0<\/p><p>Unbedingt erforderliche Cookies: Diese Cookies sind unbedingt erforderlich, um einen vom Benutzer angeforderten Dienst oder Inhalt bereitzustellen. Diese sind f\u00fcr technische Aspekte wie die Identifizierung von Protokollen und die Verwaltung von Werkzeugpr\u00e4ferenzen hinsichtlich Nutzung, Interaktion und Lokalisierung des Zugriffs auf Inhalte zust\u00e4ndig.<\/p><p>Funktionale Cookies: Funktionale Cookies liefern dem Benutzer Informationen, die das Surferlebnis bereichern, wie z.B. die Anzeige der Wettervorhersage in Abh\u00e4ngigkeit von seinem Standort.<\/p><p>Statistik\/Analyse-Cookies: Diese Cookies sammeln Informationen \u00fcber die Nutzung der Website, wie z.B. die auf der Website verbrachte Zeit und die von den Benutzern besuchten Inhalte, um die Leistung zu messen und die Navigation zu verbessern.<\/p><p>Die wichtigsten Ziele, die mit dieser Art von Cookies verfolgt werden, sind:<\/p><p>Erm\u00f6glichung der anonymen Identifizierung der surfenden Benutzer und somit der ungef\u00e4hren Erfassung der Anzahl der Besucher.<\/p><p>Identifizierung der meistbesuchten Inhalte auf anonyme Weise.<\/p><p>Feststellung, ob der Benutzer, der auf die Website zugreift, ein neuer oder ein wiederkehrender Besucher ist.<\/p><p>Die Analyse-Cookies, die auf der WIMPEN-Website verwendet werden, sind nachstehend aufgef\u00fchrt.<\/p><p>\u00a0<\/p><p>Vorname<\/p><p>Zweck<\/p><p>Ablauf<\/p><p>Anbieter<\/p><p>\u00a0<\/p><p>_ga<\/p><p>Dieses Cookie wird verwendet, um die Benutzer zu unterscheiden<\/p><p>2 Jahre<\/p><p>Google Analytics<\/p><p>\u00a0<\/p><p>_gat<\/p><p>Dieses Cookie wird verwendet, um den Prozentsatz der Anfragen zu begrenzen.<\/p><p>1 Minute<\/p><p>Google Analytics<\/p><p>\u00a0<\/p><p>_gid<\/p><p>Dieses Cookie wird verwendet, um die Benutzer zu unterscheiden<\/p><p>24 Stunden<\/p><p>Google Analytics<\/p><p>\u00a0<\/p><p>Cookies zur Personalisierung von Werbung und von Dritten: Diese Cookies sammeln Informationen \u00fcber die Surfgewohnheiten des Benutzers, um Werbefl\u00e4chen zu verwalten und relevantere und qualitativ hochwertigere Inhalte anzubieten, die auf die Vorlieben des Benutzers abgestimmt sind.<\/p><p>Die auf der Website verwendeten Werbe-Cookies sind nachstehend aufgef\u00fchrt:<\/p><p>Vorname<\/p><p>Zweck<\/p><p>Ablauf<\/p><p>Anbieter<\/p><p>\u00a0<\/p><p>Es w\u00e4re gut, die Tabelle aktuell zu halten, aufgeschl\u00fcsselt nach Art der Cookies.<\/p><p>\u00a0<\/p><p><strong>3.- Wie kann man Cookies deaktivieren?<\/strong><\/p><p>Die Cookies, die f\u00fcr das Surfen auf dieser Website nicht zwingend erforderlich sind, k\u00f6nnen in den Einstellungen der Website deaktiviert werden. Diese Einstellungen befinden sich im Fu\u00dfbereich der Website. Dar\u00fcber hinaus lassen alle Browser \u00c4nderungen zu, um die Konfigurierung von Cookies zu deaktivieren.<\/p><p>\u00a0<\/p><p>So bieten die meisten Browser die M\u00f6glichkeit, Cookies zu verwalten, um eine genauere Kontrolle \u00fcber den Datenschutz zu erhalten. Diese Einstellm\u00f6glichkeiten befinden sich in den \u201eOptionen\u201c oder \u201eEinstellungen\u201c Ihres Browsers.<\/p><p>\u00a0<\/p><p>Unten finden Sie die Links f\u00fcr die verschiedenen Browser, um Cookies zu deaktivieren; folgen Sie dazu den Anweisungen:<\/p><p>\u00a0<\/p><p>Internet Explorer (https:\/\/goo.gl\/iU2wh2 )<\/p><p>W\u00e4hlen Sie im Werkzeugmen\u00fc \u201eInternetoptionen\u201c.<\/p><p>Klicken Sie auf die Registerkarte Datenschutz.<\/p><p>Sie k\u00f6nnen die Datenschutzeinstellungen mit einem Schieberegler mit sechs Positionen festlegen; so k\u00f6nnen Sie die Anzahl der Cookies bestimmen, die gesetzt werden: Alle Cookies blockieren, Hoch, Mittelhoch, Mittel (Standardeinstellung), Niedrig und Alle Cookies akzeptieren.<\/p><p>\u00a0<\/p><p>\u00a0<\/p><p>Mozilla Firefox (http:\/\/goo.gl\/QXWYmv)<\/p><p>Klicken Sie im oberen Bereich des Firefox-Fensters auf das Men\u00fc Werkzeuge.<\/p><p>W\u00e4hlen Sie Optionen.<\/p><p>W\u00e4hlen Sie den Bereich Datenschutz.<\/p><p>In der Option Firefox k\u00f6nnen Sie eine benutzerdefinierte Einstellung f\u00fcr Ihren Verlauf w\u00e4hlen sowie andere Aspekte im Zusammenhang mit Ihrer Privatsph\u00e4re einstellen.<\/p><p>\u00a0<\/p><p>Google Chrome (http:\/\/goo.gl\/fQnkSB)<\/p><p>Klicken Sie auf das Men\u00fc in der Werkzeugleiste.<\/p><p>W\u00e4hlen Sie Konfiguration.<\/p><p>Klicken Sie auf Erweiterte Optionen anzeigen.<\/p><p>Klicken Sie in der Rubrik \u201eDatenschutz\u201c auf die Schaltfl\u00e4che \u201eInhaltseinstellungen\u201c.<\/p><p>In der Rubrik Cookies k\u00f6nnen Sie die Einstellungen konfigurieren.<\/p><p>\u00a0<\/p><p>Safari (https:\/\/goo.gl\/PcjEm3; https:\/\/goo.gl\/dQywEo)<\/p><p>W\u00e4hlen Sie im Konfigurationsmen\u00fc die Option \u201ePr\u00e4ferenzen\u201c.<\/p><p>\u00d6ffnen Sie die Registerkarte Datenschutz.<\/p><p>W\u00e4hlen Sie die gew\u00fcnschte Option im Bereich \u201eCookies blockieren\u201c.<\/p><p>Bitte beachten Sie, dass bestimmte Funktionen und der volle Funktionsumfang der Website nach der Deaktivierung von Cookies m\u00f6glicherweise nicht mehr verf\u00fcgbar sind.<\/p><p>\u00a0<\/p><p>F\u00fcr den Fall, dass Sie nicht m\u00f6chten, dass Ihre Daten durch Cookies nachverfolgt werden, hat Google ein Plug-in entwickelt, das Sie in Ihrem Browser installieren k\u00f6nnen und auf das Sie \u00fcber den folgenden Link zugreifen k\u00f6nnen:\u00a0 http:\/\/goo.gl\/up4ND.<\/p><p>\u00a0<\/p><p><strong>4.- Cookies auf mobilen Ger\u00e4ten<\/strong><\/p><p>Der Inhaber der Website verwendet auch Cookies oder andere Einrichtungen zur Speicherung auf mobilen Ger\u00e4ten.<\/p><p>\u00a0<\/p><p>Die Cookies, die f\u00fcr das Surfen auf dieser Website nicht zwingend erforderlich sind, k\u00f6nnen in den Einstellungen der Website deaktiviert werden.<\/p><p>\u00a0<\/p><p>Diese Einstellungen befinden sich im Fu\u00dfbereich der Website. Wie bei Computerbrowsern k\u00f6nnen auch bei Browsern auf mobilen Ger\u00e4ten \u00c4nderungen an den Datenschutzoptionen oder Einstellungen vorgenommen werden, um Cookies zu deaktivieren oder zu l\u00f6schen.<\/p><p>\u00a0<\/p><p>Wenn Sie Ihre Datenschutzeinstellungen \u00e4ndern m\u00f6chten, folgen Sie bitte den Anweisungen des Entwicklers des Browsers f\u00fcr Ihr mobiles Ger\u00e4t.<\/p><p>\u00a0<\/p><p>Nachfolgend finden Sie einige Beispiele f\u00fcr Links, die Sie bei der \u00c4nderung der Datenschutzeinstellungen auf Ihrem mobilen Ger\u00e4t unterst\u00fctzen:<\/p><p>\u00a0<\/p><p>IOS: (http:\/\/goo.gl\/61xevS)<\/p><p>Windows Phone: (https:\/\/goo.gl\/tKyb0y)<\/p><p>Chrome Mobile: (http:\/\/goo.gl\/XJp7N)<\/p><p>Opera Mobile: (http:\/\/goo.gl\/Nzr8s7)<\/p><p>\u00a0<\/p><p>\u00a0<\/p><p><strong>5.- Akzeptieren von Cookies<\/strong><\/p><p>Diese Website installiert unsere Cookies erst dann auf den Ger\u00e4ten der Benutzer, wenn diese die Installation von Cookies akzeptiert haben.<\/p><p>\u00a0<\/p><p>Wir weisen Sie darauf hin, dass, wenn Sie die Installation von Cookies nicht akzeptieren oder einige von ihnen in der Konfiguration deaktivieren, es sein kann, dass bestimmte Dienste ohne die Verwendung von Cookies nicht verf\u00fcgbar sind oder dass Sie auf bestimmte Dienste nicht zugreifen k\u00f6nnen oder nicht alle Vorteile dieser Website nutzen k\u00f6nnen.<\/p><p>\u00a0<\/p><p>\u00a0<\/p>","protected":false},"excerpt":{"rendered":"COOKIE-RICHTLINIE\u00a0Die WIMPEN LEISURE MANAGEMENT SA (im Folgenden der \u201eINHABER\u201c) informiert mit dieser Cookie-Richtlinie \u00fcber die Verwendung von Einrichtungen zur Datenspeicherung und -wiederherstellung auf den Endger\u00e4ten der Nutzer.\u00a01.- Was sind Cookies?Cookies sind kleine Dateien, die auf dem Computer\/Smartphone\/Tablet des Benutzers heruntergeladen werden, wenn dieser auf bestimmte Websites oder Anwendungen zugreift. Sie erm\u00f6glichen die Speicherung der Surfpr\u00e4ferenzen [&hellip;]","protected":false},"author":3,"featured_media":0,"parent":0,"menu_order":0,"comment_status":"closed","ping_status":"closed","template":"","meta":{"inline_featured_image":false,"_genesis_hide_title":false,"_genesis_hide_breadcrumbs":false,"_genesis_hide_singular_image":false,"_genesis_hide_footer_widgets":false,"_genesis_custom_body_class":"","_genesis_custom_post_class":"","_genesis_layout":"","footnotes":""},"class_list":{"0":"post-11950","1":"page","2":"type-page","3":"status-publish","5":"entry"},"_links":{"self":[{"href":"https:\/\/wimpen.net\/de\/wp-json\/wp\/v2\/pages\/11950","targetHints":{"allow":["GET"]}}],"collection":[{"href":"https:\/\/wimpen.net\/de\/wp-json\/wp\/v2\/pages"}],"about":[{"href":"https:\/\/wimpen.net\/de\/wp-json\/wp\/v2\/types\/page"}],"author":[{"embeddable":true,"href":"https:\/\/wimpen.net\/de\/wp-json\/wp\/v2\/users\/3"}],"replies":[{"embeddable":true,"href":"https:\/\/wimpen.net\/de\/wp-json\/wp\/v2\/comments?post=11950"}],"version-history":[{"count":0,"href":"https:\/\/wimpen.net\/de\/wp-json\/wp\/v2\/pages\/11950\/revisions"}],"wp:attachment":[{"href":"https:\/\/wimpen.net\/de\/wp-json\/wp\/v2\/media?parent=11950"}],"curies":[{"name":"wp","href":"https:\/\/api.w.org\/{rel}","templated":true}]}}