{"id":11945,"date":"2022-05-06T09:07:31","date_gmt":"2022-05-06T09:07:31","guid":{"rendered":"https:\/\/test.wimpen.net\/aviso-legal\/"},"modified":"2023-10-17T12:17:35","modified_gmt":"2023-10-17T12:17:35","slug":"rechtlicher-hinweis","status":"publish","type":"page","link":"https:\/\/wimpen.net\/de\/rechtlicher-hinweis\/","title":{"rendered":"Rechtlicher Hinweis"},"content":{"rendered":"\t\t<div data-elementor-type=\"wp-page\" data-elementor-id=\"11945\" class=\"elementor elementor-11945 elementor-5810\">\n\t\t\t\t\t\t<section class=\"elementor-section elementor-top-section elementor-element elementor-element-9ac88b6 elementor-section-boxed elementor-section-height-default elementor-section-height-default\" data-id=\"9ac88b6\" data-element_type=\"section\">\n\t\t\t\t\t\t<div class=\"elementor-container elementor-column-gap-default\">\n\t\t\t\t\t<div class=\"elementor-column elementor-col-100 elementor-top-column elementor-element elementor-element-7445b6f\" data-id=\"7445b6f\" data-element_type=\"column\">\n\t\t\t<div class=\"elementor-widget-wrap elementor-element-populated\">\n\t\t\t\t\t\t<div class=\"elementor-element elementor-element-f2bab34 elementor-widget elementor-widget-text-editor\" data-id=\"f2bab34\" data-element_type=\"widget\" data-widget_type=\"text-editor.default\">\n\t\t\t\t<div class=\"elementor-widget-container\">\n\t\t\t\t\t\t\t<h2><strong>RECHTLICHER HINWEIS<\/strong><\/h2><p>\u00a0<\/p><p><strong>1.- Auskunftsrecht<\/strong><\/p><p>Wir informieren Sie dar\u00fcber, dass der Eigent\u00fcmer der Website unter der Domain www.wimpen.net (nachfolgend die \u201eWebsite\u201c), die WIMPEN LEISURE MANAGEMENT SA (nachfolgend \u201eWimpen\u201c) ist, Steuernummer (N.I.F.): A38379541, Gesellschaftssitz in Urb. Gran azul Playa Paraiso, 11, Adeje, 38670 Tenerife (Teneriffa).<\/p><p>\u00a0<\/p><p>Der Zugriff und\/oder die Nutzung der Website setzt voraus, dass der Benutzer mit dem Zugriff und\/oder der Nutzung diesen rechtlichen Hinweis akzeptiert.<\/p><p>\u00a0<\/p><p>Durch Zugriff auf und\/oder die Nutzung der Website erlangen Sie die Eigenschaft eines \u201eBenutzers\u201c. Ferner akzeptieren Sie mit dem Zugriff auf und\/oder die Nutzung der Website den vorliegenden rechtlichen Hinweis.<\/p><p>\u00a0<\/p><p><strong>2.- Nutzung der Website<\/strong><\/p><p>Der Benutzer \u00fcbernimmt die Verantwortung f\u00fcr die Nutzung der Website von WIMPEN. Die Website kann Zugang zu einer Vielzahl von Texten, Grafiken, Zeichnungen, Designs, Fotografien, multimedialen Inhalten und Informationen (im Folgenden \u201eInhalte\u201c) bieten, die WIMPEN oder Dritten geh\u00f6ren und zu denen der Benutzer Zugang erhalten kann.<\/p><p>\u00a0<\/p><p>Der Benutzer verpflichtet sich, die \u00fcber die Website angebotenen Inhalte und Dienste angemessen zu nutzen und sie beispielsweise nicht f\u00fcr Folgendes zu verwenden:<\/p><p>\u00a0<\/p><p>Beteiligung an Aktivit\u00e4ten, die ungesetzlich oder illegal sind oder gegen Treu und Glauben und die \u00f6ffentliche Ordnung versto\u00dfen.<\/p><p>\u00a0<\/p><p>Verursachung von Sch\u00e4den an den physischen und logischen Systemen der Websites von WIMPEN, seinen Lieferanten oder Dritten.<\/p><p>\u00a0<\/p><p>Einf\u00fchrung und Verbreitung von Computerviren oder anderen physische oder logischen Systeme, die die vorgenannten Sch\u00e4den verursachen k\u00f6nnen.<\/p><p>\u00a0<\/p><p>Versuche des Zugriffs, der Nutzung und\/oder der \u00c4nderung bzgl. der Daten von WIMPEN, Dritten, Lieferanten und anderen Benutzern.<\/p><p>\u00a0<\/p><p>\u00a0<\/p><p>Vervielf\u00e4ltigen oder Kopieren, Verbreiten, \u00f6ffentliches Zug\u00e4nglichmachen in jeglicher Form der \u00f6ffentlichen Kommunikation, Umwandeln oder Ver\u00e4ndern der Inhalte, es sei denn, es liegt eine Genehmigung von WIMPEN vor.<\/p><p>\u00a0<\/p><p>\u00a0<\/p><p>L\u00f6schung, Verbergung oder Manipulation von Inhalten, die geistigen oder gewerblichen Eigentumsrechten unterliegen, von anderen Identifikationsdaten dieser Rechte von WIMPEN oder Dritten, die in den Inhalt integriert sind, sowie von technischen Schutzvorrichtungen oder Informationsmechanismen, die in die Inhalte integriert werden k\u00f6nnen.<\/p><p>\u00a0<\/p><p>\u00a0<\/p><p>WIMPEN weist darauf hin, dass die auf dieser Website enthaltenen Materialien nur zu Informationszwecken dienen und daher nicht ausreichen, um in einem bestimmten Fall eine Entscheidung zu treffen oder eine Position zu beziehen.<\/p><p>\u00a0<\/p><p>Der Benutzer wird darauf hingewiesen, dass die auf dieser Website enthaltenen Materialien m\u00f6glicherweise nicht den neuesten Stand der Gesetzgebung oder der Rechtsprechung zu den behandelten Themen widerspiegeln. Ferner k\u00f6nnen diese Materialien ohne vorherige Ank\u00fcndigung ge\u00e4ndert, weiterentwickelt oder aktualisiert werden.<\/p><p>\u00a0<\/p><p>WIMPEN hat das Recht, jedes derartige Verhalten in \u00dcbereinstimmung mit dem Gesetz zu untersuchen und anzuzeigen sowie mit den Beh\u00f6rden bei der Untersuchung derartiger Handlungen zu kooperieren.<\/p><p>\u00a0<\/p><p>WIMPEN kann den Zugang zur Website f\u00fcr Wartungszwecke, Reparaturen, Aktualisierungen oder Verbesserungen ohne vorherige Ank\u00fcndigung vor\u00fcbergehend aussetzen. Wann immer es die Umst\u00e4nde zulassen, wird WIMPEN den Nutzer jedoch rechtzeitig \u00fcber das Datum informieren, an dem die Dienste ausgesetzt werden sollen. WIMPEN haftet nicht f\u00fcr die Verwendung der auf der Website enthaltenen Inhalte durch die Benutzer.<\/p><p>\u00a0<\/p><p><strong>3.- Geistiges und gewerbliches Eigentum<\/strong><\/p><p>Alle geistigen Eigentumsrechte bez\u00fcglich der Inhalte der Website und ihrer grafischen Gestaltung geh\u00f6ren ausschlie\u00dflich WIMPEN oder einem Dritten, der die Nutzung derselben genehmigt hat. WIMPEN verf\u00fcgt somit \u00fcber das ausschlie\u00dfliche Recht, diese zu verwerten. Aus diesem Grund und im Einklang mit den Bestimmungen der geltenden Gesetzgebung \u00fcber geistige und gewerbliche Eigentumsrechte gew\u00e4hrt WIMPEN keinerlei Lizenz oder Genehmigung zur Nutzung seiner geistigen und gewerblichen Eigentumsrechte oder anderer Eigentumsrechte im Zusammenhang mit der Website, den Diensten oder dem Inhalt der Website.<\/p><p>\u00a0<\/p><p>Die Vervielf\u00e4ltigung und vor\u00fcbergehende Speicherung der Inhalte der Website ist in dem Umfang gestattet, der f\u00fcr die Nutzung und Anzeige der Website auf einem pers\u00f6nlichen Ger\u00e4t unbedingt erforderlich ist.<\/p><p>\u00a0<\/p><p>Die Rechtm\u00e4\u00dfigkeit der geistigen oder gewerblichen Eigentumsrechte in Bezug auf die von den Benutzern bereitgestellten Inhalte liegt in der alleinigen Verantwortung derselben. Der Benutzer h\u00e4lt WIMPEN schadlos bez\u00fcglich aller Anspr\u00fcche Dritter, die sich aus der unrechtm\u00e4\u00dfigen Nutzung von Inhalten auf der Website ergeben.<\/p><p>\u00a0<\/p><p><strong>4.- Haftung und Garantien<\/strong><\/p><p>WIMPEN erkl\u00e4rt, dass es die notwendigen Ma\u00dfnahmen ergriffen hat, die es im Rahmen seiner M\u00f6glichkeiten und des Stands der Technik gestatten, dass die Website korrekt funktioniert und frei von Viren und sch\u00e4dlichen Komponenten ist. WIMPEN kann jedoch keine Haftung \u00fcbernehmen f\u00fcr:<\/p><p>Die Kontinuit\u00e4t und Verf\u00fcgbarkeit der Inhalte und Dienste.<\/p><p>\u00a0<\/p><p>Die Fehlerfreiheit der Inhalte oder die Korrektur etwaiger auftretender M\u00e4ngel.<\/p><p>\u00a0<\/p><p>Das Freisein von Viren und\/oder anderen sch\u00e4dlichen Komponenten.<\/p><p>\u00a0<\/p><p>Sch\u00e4den, die von Personen verursacht werden, die die Sicherheitssysteme von WIMPEN verletzen.<\/p><p>\u00a0<\/p><p>Die Beitr\u00e4ge, die auf diesen Seiten zu finden sind, dienen nur zu Informationszwecken. WIMPEN \u00fcbernimmt keine Garantie f\u00fcr die Vollst\u00e4ndigkeit, Korrektheit und Aktualit\u00e4t der Inhalte.<\/p><p>\u00a0<\/p><p>WIMPEN \u00fcbernimmt keine Verantwortung f\u00fcr Links zu anderen Websites auf der Website und kann den Benutzer zu anderen Websites weiterleiten, \u00fcber die WIMPEN keine Kontrolle hat. Die Einbindung von Links zu anderen Websites bedeutet weder die Billigung ihrer Inhalte durch WIMPEN noch eine Verbindung zwischen WIMPEN und ihren Eigent\u00fcmern. Der Benutzer greift daher unter seiner alleinigen Verantwortung auf den Inhalt zu, unter den f\u00fcr ihn geltenden Nutzungsbedingungen.<\/p><p>\u00a0<\/p><p><strong>5.- Dauer und \u00c4nderung<\/strong><\/p><p>Dieser rechtliche Hinweis ist auf unbestimmte Zeit g\u00fcltig. WIMPEN kann \u00c4nderungen an den in ihm genannten Bedingungen vornehmen; diese treten mit dem Zeitpunkt ihrer Ver\u00f6ffentlichung in Kraft.<\/p><p>\u00a0<\/p><p>WIMPEN kann bez\u00fcglich der Inhalte und der von WIMPEN angebotenen Dienste sowie der Art und Weise, wie diese lokalisiert oder pr\u00e4sentiert werden, L\u00f6schungen, Erg\u00e4nzungen oder \u00c4nderungen vornehmen. Als g\u00fcltig werden die Bedingungen angesehen, die zum Zeitpunkt des Zugriffs des Benutzers auf die WIMPEN Website ver\u00f6ffentlicht sind.<\/p><p>\u00a0<\/p><p>Der Zugriff auf und\/oder die Nutzung der Website gilt als Zustimmung des Nutzers zu dem vorliegenden rechtlichen Hinweis und den darin enthaltenen Bedingungen sowie ggf. den daran vorgenommenen \u00c4nderungen.<\/p>\t\t\t\t\t\t<\/div>\n\t\t\t\t<\/div>\n\t\t\t\t\t<\/div>\n\t\t<\/div>\n\t\t\t\t\t<\/div>\n\t\t<\/section>\n\t\t\t\t<\/div>\n\t\t","protected":false},"excerpt":{"rendered":"RECHTLICHER HINWEIS\u00a01.- AuskunftsrechtWir informieren Sie dar\u00fcber, dass der Eigent\u00fcmer der Website unter der Domain www.wimpen.net (nachfolgend die \u201eWebsite\u201c), die WIMPEN LEISURE MANAGEMENT SA (nachfolgend \u201eWimpen\u201c) ist, Steuernummer (N.I.F.): A38379541, Gesellschaftssitz in Urb. Gran azul Playa Paraiso, 11, Adeje, 38670 Tenerife (Teneriffa).\u00a0Der Zugriff und\/oder die Nutzung der Website setzt voraus, dass der Benutzer mit dem Zugriff [&hellip;]","protected":false},"author":3,"featured_media":0,"parent":0,"menu_order":0,"comment_status":"closed","ping_status":"closed","template":"","meta":{"inline_featured_image":false,"_genesis_hide_title":false,"_genesis_hide_breadcrumbs":false,"_genesis_hide_singular_image":false,"_genesis_hide_footer_widgets":false,"_genesis_custom_body_class":"","_genesis_custom_post_class":"","_genesis_layout":"","footnotes":""},"class_list":{"0":"post-11945","1":"page","2":"type-page","3":"status-publish","5":"entry"},"_links":{"self":[{"href":"https:\/\/wimpen.net\/de\/wp-json\/wp\/v2\/pages\/11945","targetHints":{"allow":["GET"]}}],"collection":[{"href":"https:\/\/wimpen.net\/de\/wp-json\/wp\/v2\/pages"}],"about":[{"href":"https:\/\/wimpen.net\/de\/wp-json\/wp\/v2\/types\/page"}],"author":[{"embeddable":true,"href":"https:\/\/wimpen.net\/de\/wp-json\/wp\/v2\/users\/3"}],"replies":[{"embeddable":true,"href":"https:\/\/wimpen.net\/de\/wp-json\/wp\/v2\/comments?post=11945"}],"version-history":[{"count":0,"href":"https:\/\/wimpen.net\/de\/wp-json\/wp\/v2\/pages\/11945\/revisions"}],"wp:attachment":[{"href":"https:\/\/wimpen.net\/de\/wp-json\/wp\/v2\/media?parent=11945"}],"curies":[{"name":"wp","href":"https:\/\/api.w.org\/{rel}","templated":true}]}}